{"id":1502,"date":"2018-09-17T18:34:51","date_gmt":"2018-09-17T18:34:51","guid":{"rendered":"https:\/\/jonglez.timeforcoffee.gr\/contact-us\/"},"modified":"2025-07-21T11:41:41","modified_gmt":"2025-07-21T08:41:41","slug":"contact-us","status":"publish","type":"page","link":"https:\/\/jonglezpublishing.com\/de\/contact-us\/","title":{"rendered":"Kontakt"},"content":{"rendered":"<div class=\"wpb-content-wrapper\"><p>[vc_row full_width=&#8220;stretch_row_content_no_spaces&#8220; css=&#8220;.vc_custom_1559665820187{padding-top: 150px !important;padding-bottom: 150px !important;background-image: url(https:\/\/jonglezpublishing.com\/wp-content\/uploads\/2019\/02\/globes-1246245_1280.jpg?id=628) !important;background-position: center !important;background-repeat: no-repeat !important;background-size: cover !important;}&#8220; mobile_bg_img_hidden=&#8220;no&#8220; tablet_bg_img_hidden=&#8220;no&#8220; woodmart_parallax=&#8220;0&#8243; woodmart_gradient_switch=&#8220;no&#8220; row_reverse_mobile=&#8220;0&#8243; row_reverse_tablet=&#8220;0&#8243; woodmart_disable_overflow=&#8220;0&#8243;][vc_column][vc_column_text text_larger=&#8220;no&#8220;]<\/p>\n<div style=\"width: 2px; height: 50px;\"><\/div>\n<p>[\/vc_column_text][\/vc_column][\/vc_row][vc_row][vc_column][vc_column_text css=&#8220;&#8220; text_larger=&#8220;no&#8220; woodmart_inline=&#8220;no&#8220;]<\/p>\n<h2 style=\"text-align: center;\">Kontaktieren Sie uns!<\/h2>\n<p style=\"text-align: center;\">Wir w\u00fcrden uns freuen, Ihre Fragen beantworten zu d\u00fcrfen oder einfach von Ihren Erlebnissen zu h\u00f6ren.<\/p>\n<p style=\"text-align: center;\">Wir legen auf die Meinung unserer Leser gro\u00dfen Wert. Z\u00f6gern Sie deshalb nicht, Anregungen und Kommentare an uns weiterzuleiten und uns auf ungew\u00f6hnliche Orte hinzuweisen, die unser Redaktionsteam m\u00f6glicherweise \u00fcbersehen hat.<\/p>\n<p style=\"text-align: center;\"><a class=\"gv_product_btn\" href=\"mailto:info@jonglezverlag.com\">Schreiben Sie uns!<\/a> \u00a0\u00a0 \u00a0\u00a0 \u00a0\u00a0 \u00a0\u00a0 \u00a0\u00a0 \u00a0\u00a0 \u00a0\u00a0 <a class=\"gv_product_btn\" style=\"line-height: 1.5;\" href=\"https:\/\/www.facebook.com\/verborgenorte\" target=\"_blank\" rel=\"noopener noreferrer\">Folgen Sie uns auf Facebook<\/a><\/p>\n<p style=\"text-align: center;\">25, rue du Mar\u00e9chal Foch 78000 Versailles, Frankreich<\/p>\n<p style=\"text-align: center;\">Unsere Reisef\u00fchrer sind weltweit in allen gr\u00f6\u00dferen Buchhandlungen sowie im Online-Handel erh\u00e4ltlich.<\/p>\n<p style=\"text-align: center;\">Genauere Informationen erhalten Sie bei unseren Vertriebspartnern.<\/p>\n<p style=\"text-align: center;\"><strong>Deutschland,\u00a0\u00d6sterreich &amp;\u00a0Schweiz<br \/>\n<\/strong><strong><a href=\"https:\/\/www.mairdumont.com\">Mairdumont GmbH &amp; Co. KG<\/a><br \/>\n<\/strong><\/p>\n<p style=\"text-align: center;\">Marco-Polo-Str. 1 \u2013 73760 Ostfildern<br \/>\nT: +49 (0) 711 4502-0 E: <a href=\"mailto:info@mairdumont.com\">info@mairdumont.com<\/a><\/p>\n<p>[\/vc_column_text][\/vc_column][\/vc_row]<\/p>\n<\/div>","protected":false},"excerpt":{"rendered":"<p>[vc_row full_width=&#8220;stretch_row_content_no_spaces&#8220; css=&#8220;.vc_custom_1559665820187{padding-top: 150px !important;padding-bottom: 150px !important;background-image: url(https:\/\/jonglezpublishing.com\/wp-content\/uploads\/2019\/02\/globes-1246245_1280.jpg?id=628) !important;background-position: center !important;background-repeat: no-repeat !important;background-size: cover !important;}&#8220; mobile_bg_img_hidden=&#8220;no&#8220; tablet_bg_img_hidden=&#8220;no&#8220; woodmart_parallax=&#8220;0&#8243; woodmart_gradient_switch=&#8220;no&#8220; row_reverse_mobile=&#8220;0&#8243;<\/p>\n","protected":false},"author":1,"featured_media":0,"parent":0,"menu_order":0,"comment_status":"closed","ping_status":"closed","template":"","meta":{"footnotes":""},"class_list":["post-1502","page","type-page","status-publish","hentry"],"aioseo_notices":[],"_links":{"self":[{"href":"https:\/\/jonglezpublishing.com\/de\/wp-json\/wp\/v2\/pages\/1502","targetHints":{"allow":["GET"]}}],"collection":[{"href":"https:\/\/jonglezpublishing.com\/de\/wp-json\/wp\/v2\/pages"}],"about":[{"href":"https:\/\/jonglezpublishing.com\/de\/wp-json\/wp\/v2\/types\/page"}],"author":[{"embeddable":true,"href":"https:\/\/jonglezpublishing.com\/de\/wp-json\/wp\/v2\/users\/1"}],"replies":[{"embeddable":true,"href":"https:\/\/jonglezpublishing.com\/de\/wp-json\/wp\/v2\/comments?post=1502"}],"version-history":[{"count":1,"href":"https:\/\/jonglezpublishing.com\/de\/wp-json\/wp\/v2\/pages\/1502\/revisions"}],"predecessor-version":[{"id":14328,"href":"https:\/\/jonglezpublishing.com\/de\/wp-json\/wp\/v2\/pages\/1502\/revisions\/14328"}],"wp:attachment":[{"href":"https:\/\/jonglezpublishing.com\/de\/wp-json\/wp\/v2\/media?parent=1502"}],"curies":[{"name":"wp","href":"https:\/\/api.w.org\/{rel}","templated":true}]}}