{"id":10108,"date":"2022-05-16T14:24:20","date_gmt":"2022-05-16T11:24:20","guid":{"rendered":"https:\/\/jonglezpublishing.com\/product\/soul-of-berlin-30-einzigartige-erlebnisse\/"},"modified":"2025-06-20T10:36:55","modified_gmt":"2025-06-20T07:36:55","slug":"soul-of-berlin-30-einzigartige-erlebnisse","status":"publish","type":"product","link":"https:\/\/jonglezpublishing.com\/de\/produkt\/soul-of-berlin-30-einzigartige-erlebnisse\/","title":{"rendered":"SOUL OF BERLIN &#8211; EINZIGARTIGE ERLEBNISSE"},"content":{"rendered":"<p style=\"text-align: center;\">WIR HABEN 1000 ORTE GETESTET<br \/>\n<strong>UND DIE 30 BESTEN AUSGEW\u00c4HLT<\/strong><\/p>\n<p>Der kleinste Club der Welt, eine au\u00dfergew\u00f6hnliche Sammlung alter asiatischer Kunstwerke, die besten Str\u00e4nde Berlins, die sch\u00f6nste Radtour, ein luxuri\u00f6ses Spa, das Sie nach Bali entf\u00fchrt, F\u00fchrungen unter den Stra\u00dfen der Stadt, eine Eisdiele mit eigener Waffelmanufaktur, die besten Restaurants der Stadt (nicht unbedingt die, die man erwarten w\u00fcrde), Paddeln wie in Venedig, die besten Adressen f\u00fcr ein gutes Essen am Ufer, ein fantastischer Burger, eine Nacht bei einem Matratzenfabrikanten, einzigartige bauliche Kuriosit\u00e4ten, eine psychedelische U-Bahn-Station &#8230;<\/p>\n<p>Verborgene Hotels, au\u00dfergew\u00f6hnliche Restaurants, unbekannte Spazierg\u00e4nge &#8230; Dieser Reisef\u00fchrer bietet eine sorgf\u00e4ltig kuratierte und vielseitige Auswahl an Orten und Erlebnissen f\u00fcr jedes Budget. Er richtet sich sowohl an Reisende als auch an Einheimische und pr\u00e4sentiert handverlesene Adressen lokaler Autoren \u2013 jede Empfehlung ist ein Tor zu neuen Entdeckungen, abseits der Massen und fernab ausgetretener Pfade.<\/p>\n<p>&nbsp;<\/p>\n<p class=\"p1\"><span class=\"s1\"><b>Autor<\/b>: Thomas Jonglez<\/span><span class=\"s1\"><br \/>\n<\/span><span class=\"s1\"><b>ISBN<\/b>: 978-2-36195-864-0<\/span><br \/>\n<span class=\"s1\"><b>Preis<\/b>: 1 4 , 9 5 \u20ac [ D ] &#8211; 1 5 , 9 5 \u20ac [ A ]<br \/>\n<b>Ma\u00dfe<\/b>: 144 seiten, 200 x 135 mm<br \/>\n<\/span><span class=\"s1\"><b>Kontakt<\/b>: <a href=\"mailto:info@jonglezverlag.com\"><span class=\"s2\">info@jonglezverlag.com<\/span><\/a>\u00a0<\/span><\/p>\n<p>&nbsp;<\/p>\n<div class=\"buttons_cont\">\n<div class=\"button_cont\" align=\"center\"><a class=\"gv_product_btn\" href=\"https:\/\/jonglezpublishing.com\/wp-content\/uploads\/2022\/05\/Couv-SoBerlin_CMJN_print-scaled.jpg\" target=\"_blank\" rel=\"noopener\">Cover herunterlaen<\/a><\/div>\n<div class=\"button_cont\" align=\"center\"><a class=\"gv_product_btn\" href=\"https:\/\/jonglezpublishing.com\/wp-content\/uploads\/2025\/06\/PREVIEW-SO-Berlin_ALL.pdf\" target=\"_blank\" rel=\"noopener\">Leseprob<\/a><\/div>\n<div class=\"button_cont\" align=\"center\"><a class=\"gv_product_btn\" href=\"https:\/\/www.thalia.de\/shop\/home\/artikeldetails\/A1073688956\" target=\"_blank\" rel=\"noopener\">Online aufen<br \/>\n<\/a><\/div>\n<\/div>\n","protected":false},"excerpt":{"rendered":"<p>WIR HABEN 1000 ORTE GETESTET UND DIE 30 BESTEN AUSGEW\u00c4HLT Der kleinste Club der Welt, eine au\u00dfergew\u00f6hnliche Sammlung alter asiatischer<\/p>\n","protected":false},"featured_media":14117,"template":"","meta":[],"product_brand":[],"product_cat":[517,174,391,400,392,393],"product_tag":[],"class_list":{"0":"post-10108","1":"product","2":"type-product","3":"status-publish","4":"has-post-thumbnail","6":"product_cat-soul-of-reihe","7":"product_cat-english-de","8":"product_cat-french-de","9":"product_cat-german-de","10":"product_cat-italian-de","11":"product_cat-spanish-de","13":"first","14":"instock","15":"shipping-taxable","16":"product-type-simple"},"aioseo_notices":[],"_links":{"self":[{"href":"https:\/\/jonglezpublishing.com\/de\/wp-json\/wp\/v2\/product\/10108","targetHints":{"allow":["GET"]}}],"collection":[{"href":"https:\/\/jonglezpublishing.com\/de\/wp-json\/wp\/v2\/product"}],"about":[{"href":"https:\/\/jonglezpublishing.com\/de\/wp-json\/wp\/v2\/types\/product"}],"wp:featuredmedia":[{"embeddable":true,"href":"https:\/\/jonglezpublishing.com\/de\/wp-json\/wp\/v2\/media\/14117"}],"wp:attachment":[{"href":"https:\/\/jonglezpublishing.com\/de\/wp-json\/wp\/v2\/media?parent=10108"}],"wp:term":[{"taxonomy":"product_brand","embeddable":true,"href":"https:\/\/jonglezpublishing.com\/de\/wp-json\/wp\/v2\/product_brand?post=10108"},{"taxonomy":"product_cat","embeddable":true,"href":"https:\/\/jonglezpublishing.com\/de\/wp-json\/wp\/v2\/product_cat?post=10108"},{"taxonomy":"product_tag","embeddable":true,"href":"https:\/\/jonglezpublishing.com\/de\/wp-json\/wp\/v2\/product_tag?post=10108"}],"curies":[{"name":"wp","href":"https:\/\/api.w.org\/{rel}","templated":true}]}}