{"id":10410,"date":"2022-09-22T14:14:36","date_gmt":"2023-02-15T08:24:57","guid":{"rendered":"https:\/\/jonglezpublishing.com\/?post_type=product&#038;p=10410"},"modified":"2023-12-19T16:32:13","modified_gmt":"2023-12-19T14:32:13","slug":"verborgenes-bangkok","status":"publish","type":"product","link":"https:\/\/jonglezpublishing.com\/de\/produkt\/verborgenes-bangkok\/","title":{"rendered":"VERBORGENES BANGKOK"},"content":{"rendered":"<p>Entdecken Sie einen von Touristen kaum beachteten Tempel mit einer Million Buddhastatuen, versorgen Sie die W\u00e4chter des Tigertempels mit Speck und Eiern, sehen Sie sich die Nester riesiger Warane an, treffen Sie David Beckham, Donald Duck und Popeye in einem buddhistischen Tempel, erwerben Sie mithilfe einer Sargspende einen Verdienst oder entziffern Sie auf einem Baumstamm die Lotteriegewinnzahlen, geliefert von einem sch\u00f6nen weiblichen Geist.<\/p>\n<p>Besuchen Sie das Viertel der Fl\u00f6tenspieler, essen Sie mit der Sikh-Gemeinde in Bangkok ein vegetarisches Fr\u00fchst\u00fcck, erfahren Sie mehr \u00fcber den alten thail\u00e4ndischen Sport des \u201cGlatzensto\u00dfens\u201c und lernen Sie eine ber\u00fchmte \u201cHeilerin\u201c kennen, die als \u201cMadame Breast-Slapper\u201c bekannt ist.<\/p>\n<p>Verborgenes Bangkok ist nicht nur ein unverzichtbarer Reisef\u00fchrer f\u00fcr all jene, die eine andere Seite dieser Stadt entdecken m\u00f6chten, er bietet auch allen, die auf der Suche nach der Seele dieses Ortes sind, faszinierende Hintergrundinformationen.<\/p>\n<p class=\"p1\"><span class=\"s1\"><b>AUTOREN<\/b>: NARINA EXELBY UND MARK EVELEIGH<br \/>\n<\/span><span class=\"s1\"><b>SEITEN<\/b>: 272<br \/>\n<\/span><span class=\"s1\"><b>FORMAT<\/b>: 10.5 x 19 cm<br \/>\n<\/span><span class=\"s1\"><b>ISBN<\/b>: 978-2-36195-589-2<br \/>\n<\/span><span class=\"s1\"><b>PREIS<\/b>: 18,95 \u20ac [D] &#8211; 19,95 \u20ac [A]<br \/>\n<\/span><span class=\"s1\"><b>KONTAKT<\/b>:\u00a0<a href=\"mailto:info@jonglezverlag.com\"><span class=\"s2\">info@jonglezverlag.com<\/span><\/a>\u00a0<\/span><\/p>\n<div class=\"buttons_cont\">\n<div align=\"center\"><\/div>\n<div class=\"button_cont\" align=\"center\">\n<div class=\"button_cont\" align=\"center\"><a class=\"gv_product_btn\" href=\"https:\/\/jonglezpublishing.com\/wp-content\/uploads\/2022\/09\/Couv-Bangkok_ALL.jpg\" target=\"_blank\" rel=\"noopener\">Cover herunterladen<\/a><\/div>\n<div class=\"button_cont\" align=\"center\"><a class=\"gv_product_btn\" href=\"https:\/\/jonglezpublishing.com\/wp-content\/uploads\/2023\/02\/Preview_PDF_Bankgok_ALL.pdf\" target=\"_blank\" rel=\"noopener\">Leseprobe<\/a><\/div>\n<div class=\"button_cont\" align=\"center\"><a class=\"gv_product_btn\" href=\"https:\/\/www.thalia.de\/shop\/home\/suggestartikel\/A1064676119?sq=Verborgenes%20Bangkok&amp;stype=productName\" target=\"_blank\" rel=\"noopener\">Online kaufen<\/a><\/div>\n<div class=\"button_cont\" align=\"center\"><a class=\"gv_product_btn\" href=\"https:\/\/www.das-landkartenhaus.de\/Verborgenes-Bangkok-Reisefuehrer-Jonglez\" target=\"_blank\" rel=\"noopener\">Online kaufen<\/a><\/div>\n","protected":false},"excerpt":{"rendered":"<p>Entdecken Sie einen von Touristen kaum beachteten Tempel mit einer Million Buddhastatuen, versorgen Sie die W\u00e4chter des Tigertempels mit Speck<\/p>\n","protected":false},"featured_media":10733,"template":"","meta":[],"product_brand":[],"product_cat":[421,174],"product_tag":[],"class_list":{"0":"post-10410","1":"product","2":"type-product","3":"status-publish","4":"has-post-thumbnail","6":"product_cat-verborgenes-reisefuehrer","7":"product_cat-english-de","9":"first","10":"instock","11":"shipping-taxable","12":"product-type-simple"},"aioseo_notices":[],"_links":{"self":[{"href":"https:\/\/jonglezpublishing.com\/de\/wp-json\/wp\/v2\/product\/10410","targetHints":{"allow":["GET"]}}],"collection":[{"href":"https:\/\/jonglezpublishing.com\/de\/wp-json\/wp\/v2\/product"}],"about":[{"href":"https:\/\/jonglezpublishing.com\/de\/wp-json\/wp\/v2\/types\/product"}],"wp:featuredmedia":[{"embeddable":true,"href":"https:\/\/jonglezpublishing.com\/de\/wp-json\/wp\/v2\/media\/10733"}],"wp:attachment":[{"href":"https:\/\/jonglezpublishing.com\/de\/wp-json\/wp\/v2\/media?parent=10410"}],"wp:term":[{"taxonomy":"product_brand","embeddable":true,"href":"https:\/\/jonglezpublishing.com\/de\/wp-json\/wp\/v2\/product_brand?post=10410"},{"taxonomy":"product_cat","embeddable":true,"href":"https:\/\/jonglezpublishing.com\/de\/wp-json\/wp\/v2\/product_cat?post=10410"},{"taxonomy":"product_tag","embeddable":true,"href":"https:\/\/jonglezpublishing.com\/de\/wp-json\/wp\/v2\/product_tag?post=10410"}],"curies":[{"name":"wp","href":"https:\/\/api.w.org\/{rel}","templated":true}]}}