{"id":10522,"date":"2022-11-22T17:51:57","date_gmt":"2022-11-23T14:52:44","guid":{"rendered":"https:\/\/jonglezpublishing.com\/?post_type=product&#038;p=10522"},"modified":"2024-12-10T10:06:00","modified_gmt":"2024-12-10T08:06:00","slug":"verlassenes-deutschland","status":"publish","type":"product","link":"https:\/\/jonglezpublishing.com\/de\/produkt\/verlassenes-deutschland\/","title":{"rendered":"LOST PLACES DEUTSCHLAND"},"content":{"rendered":"<p style=\"text-align: center;\">DIE BESTEN 65 VERLASSENEN ORTE DEUTSCHLANDS<\/p>\n<p>Gro\u00dfe Kongresshotels aus Zeiten des Sozialismus, popul\u00e4re Ballh\u00e4user, erbaut aus praktischen und funktionalen, aber meist wenig nachhaltigen Materialien, stillgelegte Fabriken, Geb\u00e4ude, die zu Museen werden, und Baracken, in denen Wohnungen entstehen oder die abgerissen werden, um Platz f\u00fcr Solaranlagen zu schaffen &#8230;<\/p>\n<p>Mehr als 15 Reisen hat Fotograf Aur\u00e9lien Villette auf seiner Suche nach verlassenen Orten unternommen und zeichnet hier ein eindr\u00fcckliches Portr\u00e4t des heutigen Deutschland: eines Landes, das gepr\u00e4gt ist von unz\u00e4hligen historischen Br\u00fcchen, die jedoch die Zeit gern gl\u00e4ttet, sodass nichts bleibt als eine gemeinsame Erinnerung.<\/p>\n<p>&nbsp;<\/p>\n<p><span class=\"s1\"><b><strong>AUTOR &amp; FOTOGRAF<\/strong>\u00a0: <\/b>Aur\u00e9lien Villette<\/span><br \/>\n<span class=\"s1\"><b>SEITEN <\/b>: 176<br \/>\n<b>ISBN <\/b>: 978-2-36195-834-3<\/span><br \/>\n<span class=\"s1\"><b>PREIS <\/b>: 39,95 \u20ac [D] &#8211; 40,95 \u20ac [A]<br \/>\n<strong>FORMAT :<\/strong> 19 cm x 26 cm<br \/>\n<\/span><span class=\"s1\"><b>KONTAKT <\/b>: <a href=\"mailto:info@jonglezverlag.com?subject=\"><span class=\"s2\">info@jonglezverlag.com<\/span><\/a><\/span><\/p>\n<div class=\"buttons_cont\">\n<div align=\"center\"><\/div>\n<\/div>\n<div align=\"center\">\n<div class=\"buttons_cont\">\n<div class=\"button_cont\" align=\"center\"><a class=\"gv_product_btn\" href=\"https:\/\/jonglezpublishing.com\/wp-content\/uploads\/2022\/11\/Couv_Lost-Places-Deutschland_CMJN_print-scaled.jpg\" target=\"_blank\" rel=\"noopener\">Cover herunterladen<\/a><\/div>\n<div class=\"button_cont\" align=\"center\"><a class=\"gv_product_btn\" href=\"https:\/\/jonglezpublishing.com\/wp-content\/uploads\/2024\/12\/PREVIEW-Lost-places-Deutschland.pdf\" target=\"_blank\" rel=\"noopener\">Leseprobe<\/a><\/div>\n<div class=\"button_cont\" align=\"center\"><a href=\"https:\/\/www.amazon.de\/-\/en\/Lost-Places-Deutschland-verlassenen-Deutschlands\/dp\/2361958341\/ref=sr_1_7?dib=eyJ2IjoiMSJ9.c3wqlCIEdDxJchsuo_s3iATF36r8LQCNp2t4ojC5DdjFvA3AFzgFPWrSccVYekUncfJfXqs4ZmxJO5wmQM9oU3c4pOYUxlZxBI51O6qqqQ9W5FmBgsCDK_UuH_hm890DYhDY79Nyzlq0kI6evR3HUFhCj3isx4qroHbz_LDLO6OEQh1UrZre93sYr5oyigQLuVpzjw_31xYQZqA0lbOr_x0J9Y6F9tRYe_UNqxU-3oI.gZEb2qtpWOD7IWet196TxEtltpUGWLL8EJGf8zz2OTQ&amp;dib_tag=se&amp;keywords=LOST+PLACES+DEUTSCHLAND&amp;nsdOptOutParam=true&amp;qid=1733817733&amp;sr=8-7\">Online kaufen<\/a><\/div>\n<\/div>\n<\/div>\n","protected":false},"excerpt":{"rendered":"<p>DIE BESTEN 65 VERLASSENEN ORTE DEUTSCHLANDS Gro\u00dfe Kongresshotels aus Zeiten des Sozialismus, popul\u00e4re Ballh\u00e4user, erbaut aus praktischen und funktionalen, aber<\/p>\n","protected":false},"featured_media":13478,"template":"","meta":[],"product_brand":[],"product_cat":[481,391],"product_tag":[],"class_list":{"0":"post-10522","1":"product","2":"type-product","3":"status-publish","4":"has-post-thumbnail","6":"product_cat-bildbaende","7":"product_cat-french-de","9":"first","10":"instock","11":"shipping-taxable","12":"product-type-simple"},"aioseo_notices":[],"_links":{"self":[{"href":"https:\/\/jonglezpublishing.com\/de\/wp-json\/wp\/v2\/product\/10522","targetHints":{"allow":["GET"]}}],"collection":[{"href":"https:\/\/jonglezpublishing.com\/de\/wp-json\/wp\/v2\/product"}],"about":[{"href":"https:\/\/jonglezpublishing.com\/de\/wp-json\/wp\/v2\/types\/product"}],"wp:featuredmedia":[{"embeddable":true,"href":"https:\/\/jonglezpublishing.com\/de\/wp-json\/wp\/v2\/media\/13478"}],"wp:attachment":[{"href":"https:\/\/jonglezpublishing.com\/de\/wp-json\/wp\/v2\/media?parent=10522"}],"wp:term":[{"taxonomy":"product_brand","embeddable":true,"href":"https:\/\/jonglezpublishing.com\/de\/wp-json\/wp\/v2\/product_brand?post=10522"},{"taxonomy":"product_cat","embeddable":true,"href":"https:\/\/jonglezpublishing.com\/de\/wp-json\/wp\/v2\/product_cat?post=10522"},{"taxonomy":"product_tag","embeddable":true,"href":"https:\/\/jonglezpublishing.com\/de\/wp-json\/wp\/v2\/product_tag?post=10522"}],"curies":[{"name":"wp","href":"https:\/\/api.w.org\/{rel}","templated":true}]}}