{"id":10554,"date":"2022-09-22T12:42:21","date_gmt":"2023-02-25T09:20:55","guid":{"rendered":"https:\/\/jonglezpublishing.com\/?post_type=product&#038;p=10554"},"modified":"2023-09-28T09:47:15","modified_gmt":"2023-09-28T06:47:15","slug":"ungewoehnliche-hotels","status":"publish","type":"product","link":"https:\/\/jonglezpublishing.com\/de\/produkt\/ungewoehnliche-hotels\/","title":{"rendered":"UNGEW\u00d6HNLICHE  HOTELS"},"content":{"rendered":"<p>Im Cockpit eines Flugzeuges \u00fcbernachten, auf einer Br\u00fccke im Zug residieren, in einer transparenten Klippenkapsel schlafen, die Nacht in einem geheimen Werk moderner Kunst, einer ehemaligen Kirche oder in einem Haus auf der Spitze eines Wasserturms verbringen &#8230; Oder lieber im Iglu, im Zirkus, in einem futuristischen Haus (das am Baum h\u00e4ngt), einem Raum unter Wasser oder in einer Suite im Freien \u00fcbernachten?<\/p>\n<p>Manchmal ist das Hotel selbst das Reiseziel. Damit Sie einen wirklich au\u00dfergew\u00f6hnlichen Urlaub erleben, haben wir mit gro\u00dfem Vergn\u00fcgen \u00fcber 50 einzigartige Hotels in rund 30 L\u00e4ndern f\u00fcr Sie ausfindig gemacht und einer Pr\u00fcfung unterzogen.<\/p>\n<p><span class=\"s1\"><b>SEITEN :<\/b> 192<b><br \/>\nISBN :<\/b>978-2-36195-593-9<b><br \/>\nPREIS : <\/b>39,95 \u20ac [D] &#8211; 40,95 \u20ac [A]<b><br \/>\n<strong>FORMAT :<\/strong><\/b>240 mm x 268 mm<b><br \/>\nKONTAKT\u00a0:<\/b>\u00a0<a href=\"mailto:info@jonglezverlag.com?subject=\"><span class=\"s2\">info@jonglezverlag.com<\/span><\/a><\/span><\/p>\n<div class=\"buttons_cont\">\n<div align=\"center\"><\/div>\n<div class=\"button_cont\" align=\"center\">\n<div class=\"button_cont\" align=\"center\"><a class=\"gv_product_btn\" href=\"https:\/\/jonglezpublishing.com\/wp-content\/uploads\/2022\/12\/Couv_Hotels-du-monde_ALL.jpg\" target=\"_blank\" rel=\"noopener\">Cover herunterladen<\/a><\/div>\n<div class=\"button_cont\" align=\"center\"><a class=\"gv_product_btn\" href=\"https:\/\/jonglezpublishing.com\/wp-content\/uploads\/2023\/02\/Extrait-Hotels-du-monde_ALL.pdf\" target=\"_blank\" rel=\"noopener\">Leseprobe<\/a><\/div>\n<div class=\"button_cont\" align=\"center\"><a class=\"gv_product_btn\" href=\"https:\/\/www.thalia.de\/shop\/home\/artikeldetails\/A1063107500\" target=\"_blank\" rel=\"noopener\">Online kaufen<\/a><\/div>\n<\/div>\n<\/div>\n","protected":false},"excerpt":{"rendered":"<p>Im Cockpit eines Flugzeuges \u00fcbernachten, auf einer Br\u00fccke im Zug residieren, in einer transparenten Klippenkapsel schlafen, die Nacht in einem<\/p>\n","protected":false},"featured_media":10749,"template":"","meta":[],"product_brand":[],"product_cat":[481,174,391],"product_tag":[],"class_list":{"0":"post-10554","1":"product","2":"type-product","3":"status-publish","4":"has-post-thumbnail","6":"product_cat-bildbaende","7":"product_cat-english-de","8":"product_cat-french-de","10":"first","11":"instock","12":"shipping-taxable","13":"product-type-simple"},"aioseo_notices":[],"_links":{"self":[{"href":"https:\/\/jonglezpublishing.com\/de\/wp-json\/wp\/v2\/product\/10554","targetHints":{"allow":["GET"]}}],"collection":[{"href":"https:\/\/jonglezpublishing.com\/de\/wp-json\/wp\/v2\/product"}],"about":[{"href":"https:\/\/jonglezpublishing.com\/de\/wp-json\/wp\/v2\/types\/product"}],"wp:featuredmedia":[{"embeddable":true,"href":"https:\/\/jonglezpublishing.com\/de\/wp-json\/wp\/v2\/media\/10749"}],"wp:attachment":[{"href":"https:\/\/jonglezpublishing.com\/de\/wp-json\/wp\/v2\/media?parent=10554"}],"wp:term":[{"taxonomy":"product_brand","embeddable":true,"href":"https:\/\/jonglezpublishing.com\/de\/wp-json\/wp\/v2\/product_brand?post=10554"},{"taxonomy":"product_cat","embeddable":true,"href":"https:\/\/jonglezpublishing.com\/de\/wp-json\/wp\/v2\/product_cat?post=10554"},{"taxonomy":"product_tag","embeddable":true,"href":"https:\/\/jonglezpublishing.com\/de\/wp-json\/wp\/v2\/product_tag?post=10554"}],"curies":[{"name":"wp","href":"https:\/\/api.w.org\/{rel}","templated":true}]}}