{"id":10556,"date":"2022-09-21T12:11:40","date_gmt":"2022-09-21T09:11:39","guid":{"rendered":"https:\/\/jonglezpublishing.com\/product\/venise-vue-den-haut\/"},"modified":"2022-12-12T16:38:59","modified_gmt":"2022-12-12T14:38:59","slug":"venise-vue-den-haut","status":"publish","type":"product","link":"https:\/\/jonglezpublishing.com\/de\/produkt\/venise-vue-den-haut\/","title":{"rendered":"VENEDIG AUS DER LUFT"},"content":{"rendered":"<p>Venedig aus der Luft, eine au\u00dfergew\u00f6hnliche Fotoreportage von Riccardo Roiter Rigoni, entstand im Lauf von f\u00fcnf Jahren und regelm\u00e4\u00dfigen Helikopterfl\u00fcgen \u00fcber die Lagunenstadt. Gemeinsam mit Debora Gusson fing der Fotograf nicht nur die Stadt Venedig selbst aus der Luft ein, sondern ebenso alle Inseln der einzigartigen Lagune \u2013 von den bekannten Inseln wie Torcello, Murano und Burano bis hin zu dem idyllischen Eiland San Francesco del Deserto, den Verteidigungsanlagen der s\u00fcdlichen Lagune, Lido und Pellestrina sowie all den anderen noch unber\u00fchrten gr\u00f6\u00dferen und kleineren Inseln eines der sch\u00f6nsten Orte der Welt.<\/p>\n<p>&nbsp;<\/p>\n<p><span class=\"s1\"><b><strong>AUTOR<\/strong> :\u00a0<\/b>RICCARDO ROITER RIGONI UND DEBORA GUSSON<b><br \/>\nSEITEN\u00a0: <\/b>240<b><br \/>\nISBN : <\/b>978-2-36195-576-2<b><br \/>\nPREIS : <\/b>39,95 \u20ac [D] \u2013 40,95 \u20ac [A]<b><br \/>\n<strong>FORMAT : <\/strong><\/b>297 mm x 210 mm<b><br \/>\nKONTAKT\u00a0:<\/b>\u00a0<a href=\"mailto:info@jonglezverlag.com?subject=\"><span class=\"s2\">info@jonglezverlag.com<\/span><\/a><\/span><\/p>\n<div class=\"buttons_cont\">\n<div align=\"center\"><\/div>\n<div class=\"button_cont\" align=\"center\">\n<div class=\"button_cont\" align=\"center\"><a class=\"gv_product_btn\" href=\"https:\/\/jonglezpublishing.com\/wp-content\/uploads\/2022\/09\/Couv-Venice-from-the-skies-1.jpg\" target=\"_blank\" rel=\"noopener\">Cover herunterladen<\/a><\/div>\n<div class=\"button_cont\" align=\"center\"><a class=\"gv_product_btn\" href=\"https:\/\/jonglezpublishing.com\/wp-content\/uploads\/2022\/12\/Extrait-Venise-Vue-du-Ciel_ALL.pdf\" target=\"_blank\" rel=\"noopener\">Leseprobe<\/a><\/div>\n<div class=\"button_cont\" align=\"center\">Online kaufen<\/div>\n<\/div>\n<\/div>\n","protected":false},"excerpt":{"rendered":"<p>Venedig aus der Luft, eine au\u00dfergew\u00f6hnliche Fotoreportage von Riccardo Roiter Rigoni, entstand im Lauf von f\u00fcnf Jahren und regelm\u00e4\u00dfigen Helikopterfl\u00fcgen<\/p>\n","protected":false},"featured_media":10558,"template":"","meta":[],"product_brand":[],"product_cat":[481,174,391],"product_tag":[],"class_list":{"0":"post-10556","1":"product","2":"type-product","3":"status-publish","4":"has-post-thumbnail","6":"product_cat-bildbaende","7":"product_cat-english-de","8":"product_cat-french-de","10":"first","11":"instock","12":"shipping-taxable","13":"product-type-simple"},"aioseo_notices":[],"_links":{"self":[{"href":"https:\/\/jonglezpublishing.com\/de\/wp-json\/wp\/v2\/product\/10556","targetHints":{"allow":["GET"]}}],"collection":[{"href":"https:\/\/jonglezpublishing.com\/de\/wp-json\/wp\/v2\/product"}],"about":[{"href":"https:\/\/jonglezpublishing.com\/de\/wp-json\/wp\/v2\/types\/product"}],"wp:featuredmedia":[{"embeddable":true,"href":"https:\/\/jonglezpublishing.com\/de\/wp-json\/wp\/v2\/media\/10558"}],"wp:attachment":[{"href":"https:\/\/jonglezpublishing.com\/de\/wp-json\/wp\/v2\/media?parent=10556"}],"wp:term":[{"taxonomy":"product_brand","embeddable":true,"href":"https:\/\/jonglezpublishing.com\/de\/wp-json\/wp\/v2\/product_brand?post=10556"},{"taxonomy":"product_cat","embeddable":true,"href":"https:\/\/jonglezpublishing.com\/de\/wp-json\/wp\/v2\/product_cat?post=10556"},{"taxonomy":"product_tag","embeddable":true,"href":"https:\/\/jonglezpublishing.com\/de\/wp-json\/wp\/v2\/product_tag?post=10556"}],"curies":[{"name":"wp","href":"https:\/\/api.w.org\/{rel}","templated":true}]}}