{"id":10572,"date":"2022-09-22T13:32:53","date_gmt":"2022-09-22T10:32:53","guid":{"rendered":"https:\/\/jonglezpublishing.com\/product\/atlas-des-curiosites-geographiques\/"},"modified":"2024-12-10T08:56:58","modified_gmt":"2024-12-10T06:56:58","slug":"atlas-des-curiosites-geographiques","status":"publish","type":"product","link":"https:\/\/jonglezpublishing.com\/de\/produkt\/atlas-des-curiosites-geographiques\/","title":{"rendered":"ATLAS DER GEOGRAFISCHEN KURIOSIT\u00c4TEN"},"content":{"rendered":"<p>Ein Land, das nicht existiert, eine Insel, die eine H\u00e4lfte des Jahres spanisch, die andere franz\u00f6sisch ist, ein Hotelzimmer, in dem das Bett in Frankreich steht und das Badezimmer in der Schweiz liegt, eines der wenigen staatenlosen Gebiete der Welt, eine Bahnstrecke in Deutschland, die zu Belgien geh\u00f6rt, der einzige Ort der Welt, an dem es m\u00f6glich ist, innerhalb von weniger als zwanzig Minuten drei\u00dfig Mal an drei\u00dfig unterschiedlichen Stellen die Grenze zu \u00fcberqueren, ein Gebiet, das zu Norwegen geh\u00f6rt, dessen nat\u00fcrliche Ressourcen jedoch von jedem beliebigen Land genutzt werden k\u00f6nnen, eine italienische Exklave mitten in der Schweiz, die weltweit einzige private Organisation, die die Privilegien eines Landes genie\u00dft, ein halb unabh\u00e4ngiger theokratischer Staat, zu dem Frauen und weiblichen Tieren der Zutritt verwehrt ist, Tipps wie man Russland von Finnland oder Estland aus durchquert, ohne ein Visum zu besitzen, ein Hotelzimmer in London, das f\u00fcr einen Tag zu jugoslawischem Staatsgebiet erkl\u00e4rt wurde, damit Alexander II. in seiner Heimat geboren werden konnte, eine Stadt, die aus nur einem vierzehnst\u00f6ckigen Wolkenkratzer besteht, die l\u00e4ngste Stra\u00dfe der Welt, eine Halbinsel in den USA, die nur von Kanada aus zu erreichen ist, und ein Tal in \u00d6sterreich, in das man nur von Deutschland aus gelangt &#8230;<\/p>\n<p>Die Welt steckt voller geografischer Anomalien, die bisweilen Anlass f\u00fcr diplomatische Spannungen sind, und die uns mit ihrer Geschichte und ihren Geschichten jedoch meist schlicht in sprachloses Staunen versetzen.<\/p>\n<div><strong>AUTOR<\/strong>: Vitali Vitaliev<br \/>\n<b>SEITEN<\/b>: 176<br \/>\n<b>FORMAT<\/b>: 19 * 26 cm<br \/>\n<b>ISBN<\/b>: 978-2-36195-832-9<br \/>\n<b>PREIS<\/b>: 29,95 \u20ac [D] &#8211; 30,95 \u20ac [A]<br \/>\n<b>KONTAKT<\/b>:<a href=\"mailto:info@jonglezverlag.com\">\u00a0info@jonglezverlag.com<\/a><\/p>\n<div class=\"buttons_cont\">\n<div class=\"button_cont\" align=\"center\">\n<div class=\"button_cont\" align=\"center\"><a class=\"gv_product_btn\" href=\"https:\/\/jonglezpublishing.com\/wp-content\/uploads\/2022\/09\/Couv_AtlasGea__-A\u00bco2_ALL_CMJN_print-scaled.jpg\" target=\"_blank\" rel=\"noopener\">Cover herunterladen<\/a><\/div>\n<div class=\"button_cont\" align=\"center\"><a class=\"gv_product_btn\" href=\"https:\/\/jonglezpublishing.com\/wp-content\/uploads\/2024\/12\/Preview-ATLAS-geo_MAJ_ALL.pdf\" target=\"_blank\" rel=\"noopener\">Leseprobe<\/a><\/div>\n<div class=\"button_cont\" align=\"center\"><a class=\"gv_product_btn\" href=\"https:\/\/www.amazon.de\/-\/en\/Atlas-geographischen-Kuriosit%C3%A4ten-Vitali-Vitaliev\/dp\/2361955326\/ref=sr_1_3?crid=1JPTGLK8S35M4&amp;dib=eyJ2IjoiMSJ9.f3_gxDKk_8hor6bOXEf5Gf_5wTKHayqy7Lx3uBDI5MsbOPmLYw27Z5gKpgMv4mK0XppqxjcIZZXhBvaBZymBH8oXDsUdX1lehN-NZdTsNUulNaxU31EJwTR6pDtqxJYCBOe-J9pf-MW1LGq5dTM8G1ta8Dokdhq--zbftMlG6zOB_ra8SiE4GygRZ0UbJ8oaXxGZ-gD63sTLNCi_chJCZSr8wG7NRgEl0wXM1M71wpw.hk1U6RvEcRrcjNv_zC5Yl_cnlQTHajKovKx_rA4raTo&amp;dib_tag=se&amp;keywords=atlas+der+geographischen+kuriosit%C3%A4ten&amp;nsdOptOutParam=true&amp;qid=1733813734&amp;sprefix=%2Caps%2C256&amp;sr=8-3\" target=\"_blank\" rel=\"noopener\">Online kaufen<\/a><\/div>\n<\/div>\n<\/div>\n<\/div>\n","protected":false},"excerpt":{"rendered":"<p>Ein Land, das nicht existiert, eine Insel, die eine H\u00e4lfte des Jahres spanisch, die andere franz\u00f6sisch ist, ein Hotelzimmer, in<\/p>\n","protected":false},"featured_media":13440,"template":"","meta":[],"product_brand":[],"product_cat":[575,174,391,400,392],"product_tag":[],"class_list":{"0":"post-10572","1":"product","2":"type-product","3":"status-publish","4":"has-post-thumbnail","6":"product_cat-atlas-der-kuriositaten","7":"product_cat-english-de","8":"product_cat-french-de","9":"product_cat-german-de","10":"product_cat-italian-de","12":"first","13":"instock","14":"shipping-taxable","15":"product-type-simple"},"aioseo_notices":[],"_links":{"self":[{"href":"https:\/\/jonglezpublishing.com\/de\/wp-json\/wp\/v2\/product\/10572","targetHints":{"allow":["GET"]}}],"collection":[{"href":"https:\/\/jonglezpublishing.com\/de\/wp-json\/wp\/v2\/product"}],"about":[{"href":"https:\/\/jonglezpublishing.com\/de\/wp-json\/wp\/v2\/types\/product"}],"wp:featuredmedia":[{"embeddable":true,"href":"https:\/\/jonglezpublishing.com\/de\/wp-json\/wp\/v2\/media\/13440"}],"wp:attachment":[{"href":"https:\/\/jonglezpublishing.com\/de\/wp-json\/wp\/v2\/media?parent=10572"}],"wp:term":[{"taxonomy":"product_brand","embeddable":true,"href":"https:\/\/jonglezpublishing.com\/de\/wp-json\/wp\/v2\/product_brand?post=10572"},{"taxonomy":"product_cat","embeddable":true,"href":"https:\/\/jonglezpublishing.com\/de\/wp-json\/wp\/v2\/product_cat?post=10572"},{"taxonomy":"product_tag","embeddable":true,"href":"https:\/\/jonglezpublishing.com\/de\/wp-json\/wp\/v2\/product_tag?post=10572"}],"curies":[{"name":"wp","href":"https:\/\/api.w.org\/{rel}","templated":true}]}}