{"id":10582,"date":"2022-12-21T15:53:55","date_gmt":"2022-12-21T13:53:55","guid":{"rendered":"https:\/\/jonglezpublishing.com\/?post_type=product&#038;p=10582"},"modified":"2023-03-23T16:25:38","modified_gmt":"2023-03-23T14:25:38","slug":"secret-bangkok-copy-2","status":"publish","type":"product","link":"https:\/\/jonglezpublishing.com\/de\/produkt\/secret-bangkok-copy-2\/","title":{"rendered":"VERBORGENES LONDON"},"content":{"rendered":"<p>Seien Sie Gast beim monatlichen Treffen der extravagantesten Schnurrbarttr\u00e4ger des Landes, stehen Sie and\u00e4chtig auf dem Hundefriedhof im Hyde Park, besuchen Sie die Messe der Clowns oder gehen Sie in einem alten Kraftwerk in den Zirkus; beten Sie in einer schwimmenden Kirche, segeln Sie auf einem alten Wasserspeicher, entdecken Sie den Stein, aus dem Arthur sein Schwert Excalibur herauszog oder stehen Sie reglos vor dem heiligen Penis eines Pharaos; spielen Sie Boccia auf dem letzten Grasplatz der City oder bewundern Sie einen Gurkenz\u00fcchter, eine ausgestopfte Sirene oder das Herz einer Kuh.<\/p>\n<p>Am Tage wie in der Nacht: seine au\u00dfergew\u00f6hnlichen Seiten enth\u00fcllt London nur jenen Einwohnern und Reisenden, die die \u00fcblichen Wege verlassen \u2013 und wissen, wo sie zu finden sind. Ein unentbehrlicher Reisef\u00fchrer f\u00fcr alle, die dachten, London wie ihre Westentasche zu kennen oder auch diejenigen, die eine andere Seite dieser pulsierenden Stadt entdecken wollen.<\/p>\n<p><b>AUTOREN\u00a0<\/b>: RACHEL HOWARD UND BILL NASH<br \/>\n<b>SEITEN\u00a0<\/b>: 432<br \/>\n<b>FORMAT\u00a0<\/b>: 10.5 x 19 cm<br \/>\n<b>ISBN\u00a0<\/b>: 978-2-36195-452-9<br \/>\n<b>PREIS\u00a0<\/b>: 19,95 \u20ac [D] &#8211; 20,95 \u20ac [A]<br \/>\n<b>KONTAKT\u00a0<\/b>:\u00a0<a href=\"mailto:info@jonglezverlag.com\">info@jonglezverlag.com<\/a><\/p>\n<div class=\"buttons_cont\">\n<div class=\"button_cont\" align=\"center\"><a class=\"gv_product_btn\" href=\"https:\/\/jonglezpublishing.com\/wp-content\/uploads\/2022\/12\/Front-Cover-Londron_GER.jpg\" target=\"_blank\" rel=\"noopener\">Cover herunterladen<\/a><\/div>\n<div class=\"button_cont\" align=\"center\"><a class=\"gv_product_btn\" href=\"https:\/\/jonglezpublishing.com\/wp-content\/uploads\/2023\/02\/Preview-London_GER.pdf\" target=\"_blank\" rel=\"noopener\">Leseprobe<\/a><\/div>\n<div class=\"button_cont\" align=\"center\"><a class=\"gv_product_btn\" href=\"https:\/\/www.thalia.de\/shop\/home\/suggestartikel\/A1057525769?sq=Verborgenes%20London&amp;stype=productName\" target=\"_blank\" rel=\"noopener\">Online kaufen<\/a><\/div>\n<\/div>\n","protected":false},"excerpt":{"rendered":"<p>Seien Sie Gast beim monatlichen Treffen der extravagantesten Schnurrbarttr\u00e4ger des Landes, stehen Sie and\u00e4chtig auf dem Hundefriedhof im Hyde Park,<\/p>\n","protected":false},"featured_media":10760,"template":"","meta":[],"product_brand":[],"product_cat":[421,174],"product_tag":[],"class_list":{"0":"post-10582","1":"product","2":"type-product","3":"status-publish","4":"has-post-thumbnail","6":"product_cat-verborgenes-reisefuehrer","7":"product_cat-english-de","9":"first","10":"instock","11":"shipping-taxable","12":"product-type-simple"},"aioseo_notices":[],"_links":{"self":[{"href":"https:\/\/jonglezpublishing.com\/de\/wp-json\/wp\/v2\/product\/10582","targetHints":{"allow":["GET"]}}],"collection":[{"href":"https:\/\/jonglezpublishing.com\/de\/wp-json\/wp\/v2\/product"}],"about":[{"href":"https:\/\/jonglezpublishing.com\/de\/wp-json\/wp\/v2\/types\/product"}],"wp:featuredmedia":[{"embeddable":true,"href":"https:\/\/jonglezpublishing.com\/de\/wp-json\/wp\/v2\/media\/10760"}],"wp:attachment":[{"href":"https:\/\/jonglezpublishing.com\/de\/wp-json\/wp\/v2\/media?parent=10582"}],"wp:term":[{"taxonomy":"product_brand","embeddable":true,"href":"https:\/\/jonglezpublishing.com\/de\/wp-json\/wp\/v2\/product_brand?post=10582"},{"taxonomy":"product_cat","embeddable":true,"href":"https:\/\/jonglezpublishing.com\/de\/wp-json\/wp\/v2\/product_cat?post=10582"},{"taxonomy":"product_tag","embeddable":true,"href":"https:\/\/jonglezpublishing.com\/de\/wp-json\/wp\/v2\/product_tag?post=10582"}],"curies":[{"name":"wp","href":"https:\/\/api.w.org\/{rel}","templated":true}]}}