{"id":10620,"date":"2021-04-05T22:21:56","date_gmt":"2023-01-06T17:33:04","guid":{"rendered":"https:\/\/jonglezpublishing.com\/?post_type=product&#038;p=10620"},"modified":"2023-12-19T17:41:41","modified_gmt":"2023-12-19T15:41:41","slug":"verborgene-dolomiten","status":"publish","type":"product","link":"https:\/\/jonglezpublishing.com\/de\/produkt\/verborgene-dolomiten\/","title":{"rendered":"VERBORGENE DOLOMITEN"},"content":{"rendered":"<p>Seen umgeben von gr\u00fcnen Hochgebirgsweiden, zwischen Felsw\u00e4nden verborgene Labyrinthe, alte Bergbaud\u00f6rfer und verlassene Weiler, ein Gef\u00e4ngnis f\u00fcr osmanische Kriegsgefangene, ein Gletscherrandsee, ein Felsen, der sich allen Gesetzen der Schwerkraft widersetzt, zu Stein gewordene Bisch\u00f6fe, Zwerge, Gnome und ein Elefant mit Augen, Ohren und R\u00fcssel, geheimnisvolle H\u00f6hlen, Schluchten und Portale, schwindelerregende Ausblicke an den h\u00f6chsten Steilw\u00e4nden der Dolomiten, ein unber\u00fchrter Zauberwald, verlassene Schutzh\u00fctten auf verborgenen Hochebenen, einsame Einsiedeleien, steinerne B\u00fccher in einer Freiluftbibliothek, die Pfade mesolithischer J\u00e4ger, ein zwischen blutroten W\u00e4nden eingeklemmter Gletscher und ein anderer mit bezaubernden t\u00fcrkisblauen Augen, verwaiste Klettersteige, unbekannte und namenlose Gipfel, eine Wanderung auf dem Pfad der Luftgeister &#8230;<\/p>\n<p>Verborgene Dolomiten ist ein Wanderf\u00fchrer f\u00fcr all jene, die die ausgetretenen und h\u00e4ufig \u00fcberf\u00fcllten Pfade verlassen und sich zu einer Entdeckungsreise aufmachen wollen: zu den unz\u00e4hligen unbekannten, oft spektakul\u00e4ren Orten dieser Gebirgsgruppe.<\/p>\n<p class=\"p1\"><span class=\"s1\"><b>AUTOREN<\/b>: Andrea Rizzato<br \/>\n<\/span><span class=\"s1\"><b>SEITEN<\/b>: 496<br \/>\n<\/span><span class=\"s1\"><b>FORMAT<\/b>: 10.5 x 19 cm<br \/>\n<\/span><span class=\"s1\"><b>ISBN<\/b>: 978-2-36195-545-8<br \/>\n<\/span><span class=\"s1\"><b>PREIS<\/b>: 19,95 \u20ac [D] &#8211; 20,95 \u20ac [A]<br \/>\n<\/span><span class=\"s1\"><b>KONTAKT<\/b>:\u00a0<a href=\"mailto:info@jonglezverlag.com\"><span class=\"s2\">info@jonglezverlag.com<\/span><\/a>\u00a0<\/span><\/p>\n<div class=\"buttons_cont\">\n<div align=\"center\"><\/div>\n<div class=\"button_cont\" align=\"center\">\n<div class=\"button_cont\" align=\"center\"><a class=\"gv_product_btn\" href=\"https:\/\/jonglezpublishing.com\/wp-content\/uploads\/2023\/01\/verborgene-dolomiten-taschenbuch-andrea-rizzato.jpeg\" target=\"_blank\" rel=\"noopener\">Cover herunterladen<\/a><\/div>\n<div class=\"button_cont\" align=\"center\"><a class=\"gv_product_btn\" href=\"https:\/\/jonglezpublishing.com\/wp-content\/uploads\/2023\/01\/Extrait_Dolomiten_ALL.pdf\" target=\"_blank\" rel=\"noopener\">Leseprobe<\/a><\/div>\n<div class=\"button_cont\" align=\"center\"><a class=\"gv_product_btn\" href=\"https:\/\/www.thalia.de\/shop\/https:\/\/www.thalia.de\/shop\/home\/artikeldetails\/A1062155312home\/artikeldetails\/A1062155312\" target=\"_blank\" rel=\"noopener\">Online kaufen<\/a><\/div>\n<div class=\"button_cont\" align=\"center\"><a class=\"gv_product_btn\" href=\"https:\/\/www.das-landkartenhaus.de\/Verborgene-Dolomiten-Reisefuehrer-Jonglez\" target=\"_blank\" rel=\"noopener\">Online kaufen<\/a><\/div>\n","protected":false},"excerpt":{"rendered":"<p>Seen umgeben von gr\u00fcnen Hochgebirgsweiden, zwischen Felsw\u00e4nden verborgene Labyrinthe, alte Bergbaud\u00f6rfer und verlassene Weiler, ein Gef\u00e4ngnis f\u00fcr osmanische Kriegsgefangene, ein<\/p>\n","protected":false},"featured_media":10628,"template":"","meta":[],"product_brand":[],"product_cat":[421,391,557],"product_tag":[],"class_list":{"0":"post-10620","1":"product","2":"type-product","3":"status-publish","4":"has-post-thumbnail","6":"product_cat-verborgenes-reisefuehrer","7":"product_cat-french-de","8":"product_cat-french-2-de","10":"first","11":"instock","12":"shipping-taxable","13":"product-type-simple"},"aioseo_notices":[],"_links":{"self":[{"href":"https:\/\/jonglezpublishing.com\/de\/wp-json\/wp\/v2\/product\/10620","targetHints":{"allow":["GET"]}}],"collection":[{"href":"https:\/\/jonglezpublishing.com\/de\/wp-json\/wp\/v2\/product"}],"about":[{"href":"https:\/\/jonglezpublishing.com\/de\/wp-json\/wp\/v2\/types\/product"}],"wp:featuredmedia":[{"embeddable":true,"href":"https:\/\/jonglezpublishing.com\/de\/wp-json\/wp\/v2\/media\/10628"}],"wp:attachment":[{"href":"https:\/\/jonglezpublishing.com\/de\/wp-json\/wp\/v2\/media?parent=10620"}],"wp:term":[{"taxonomy":"product_brand","embeddable":true,"href":"https:\/\/jonglezpublishing.com\/de\/wp-json\/wp\/v2\/product_brand?post=10620"},{"taxonomy":"product_cat","embeddable":true,"href":"https:\/\/jonglezpublishing.com\/de\/wp-json\/wp\/v2\/product_cat?post=10620"},{"taxonomy":"product_tag","embeddable":true,"href":"https:\/\/jonglezpublishing.com\/de\/wp-json\/wp\/v2\/product_tag?post=10620"}],"curies":[{"name":"wp","href":"https:\/\/api.w.org\/{rel}","templated":true}]}}