{"id":10633,"date":"2019-03-11T21:57:53","date_gmt":"2019-03-11T19:57:53","guid":{"rendered":"https:\/\/jonglezpublishing.com\/product\/provence-insolite-et-secrete\/"},"modified":"2023-01-10T05:06:23","modified_gmt":"2023-01-10T03:06:23","slug":"provence-insolite-et-secrete","status":"publish","type":"product","link":"https:\/\/jonglezpublishing.com\/de\/produkt\/provence-insolite-et-secrete\/","title":{"rendered":"VERBORGENE PROVENCE"},"content":{"rendered":"<p>Eine Monduhr in den Alpilles; ein Dorf in Haut-Var, ohne das Ludwig XIV. vielleicht nie geboren worden w\u00e4re; die Hypothese, dass die Heilige Sarah die Tochter von Jesus und Maria Magdalena war; eine Statue \u201edes gr\u00f6\u00dften Schmutzfinken im deutschen Dichterwald\u201c; eine Sonnenuhr der Freimaurer; eine ziemlich ungew\u00f6hnliche Hochzeitst\u00fcr; auf den Spuren der R\u00e9sistance in Manosque &#8230;<\/p>\n<p>Die Provence hat so viel mehr zu bieten als die g\u00e4ngigen Klischees von bl\u00fchenden Lavendelfeldern und charmanten D\u00f6rfern mit Menschen, die P\u00e9tanque spielen oder Pastis trinken.<\/p>\n<p>Wenn Sie sich abseits der \u00fcblichen Besucherpfade bewegen, werden Sie eine Provence entdecken, die an jeder Ecke mit faszinierenden Sehensw\u00fcrdigkeiten \u00fcberrascht. Ganz egal, ob Sie nur zu Besuch sind oder dort leben und dachten, die Region wie Ihre Westentasche zu kennen.<\/p>\n<p><b>AUTOREN<\/b>: Jean-Pierre Cassely<br \/>\n<span class=\"s1\"><b>SEITEN<\/b>: 416<br \/>\n<\/span><span class=\"s1\"><b>FORMAT<\/b>: 10.5 x 19 cm<br \/>\n<\/span><span class=\"s1\"><b>ISBN<\/b>: 978-2-36195-547-2<br \/>\n<\/span><span class=\"s1\"><b>PREIS<\/b>: \u20ac 18,95 [D] \u2013 \u20ac 19,95 [A]<br \/>\n<\/span><span class=\"s1\"><b>KONTAKT<\/b>:\u00a0<a href=\"mailto:info@jonglezverlag.com\"><span class=\"s2\">info@jonglezverlag.com<\/span><\/a><\/span><\/p>\n<p>&nbsp;<\/p>\n<div class=\"buttons_cont\">\n<div class=\"button_cont\" align=\"center\">\n<div class=\"button_cont\" align=\"center\"><a class=\"gv_product_btn\" href=\"https:\/\/jonglezpublishing.com\/wp-content\/uploads\/2019\/03\/couv_Provence_ALL.jpg\" target=\"_blank\" rel=\"noopener\">Cover herunterladen<\/a><\/div>\n<div class=\"button_cont\" align=\"center\"><a class=\"gv_product_btn\" href=\"https:\/\/jonglezpublishing.com\/wp-content\/uploads\/2023\/01\/Preview-PROVENCE_ALL.pdf\" target=\"_blank\" rel=\"noopener\">Leseprobe<\/a><\/div>\n<div class=\"button_cont\" align=\"center\"><a class=\"gv_product_btn\" href=\"https:\/\/www.thalia.de\/shop\/home\/artikeldetails\/A1062155231\" target=\"_blank\" rel=\"noopener\">Online kaufen<\/a><\/div>\n<\/div>\n<\/div>\n","protected":false},"excerpt":{"rendered":"<p>Eine Monduhr in den Alpilles; ein Dorf in Haut-Var, ohne das Ludwig XIV. vielleicht nie geboren worden w\u00e4re; die Hypothese,<\/p>\n","protected":false},"featured_media":10634,"template":"","meta":[],"product_brand":[],"product_cat":[421,391,557],"product_tag":[558,559,560],"class_list":{"0":"post-10633","1":"product","2":"type-product","3":"status-publish","4":"has-post-thumbnail","6":"product_cat-verborgenes-reisefuehrer","7":"product_cat-french-de","8":"product_cat-french-2-de","9":"product_tag-bretagne-nord-de","10":"product_tag-bretagne-nord-insolite-de","11":"product_tag-editions-jonglez-de","13":"first","14":"instock","15":"shipping-taxable","16":"product-type-simple"},"aioseo_notices":[],"_links":{"self":[{"href":"https:\/\/jonglezpublishing.com\/de\/wp-json\/wp\/v2\/product\/10633","targetHints":{"allow":["GET"]}}],"collection":[{"href":"https:\/\/jonglezpublishing.com\/de\/wp-json\/wp\/v2\/product"}],"about":[{"href":"https:\/\/jonglezpublishing.com\/de\/wp-json\/wp\/v2\/types\/product"}],"wp:featuredmedia":[{"embeddable":true,"href":"https:\/\/jonglezpublishing.com\/de\/wp-json\/wp\/v2\/media\/10634"}],"wp:attachment":[{"href":"https:\/\/jonglezpublishing.com\/de\/wp-json\/wp\/v2\/media?parent=10633"}],"wp:term":[{"taxonomy":"product_brand","embeddable":true,"href":"https:\/\/jonglezpublishing.com\/de\/wp-json\/wp\/v2\/product_brand?post=10633"},{"taxonomy":"product_cat","embeddable":true,"href":"https:\/\/jonglezpublishing.com\/de\/wp-json\/wp\/v2\/product_cat?post=10633"},{"taxonomy":"product_tag","embeddable":true,"href":"https:\/\/jonglezpublishing.com\/de\/wp-json\/wp\/v2\/product_tag?post=10633"}],"curies":[{"name":"wp","href":"https:\/\/api.w.org\/{rel}","templated":true}]}}