{"id":10647,"date":"2019-04-09T11:18:42","date_gmt":"2019-04-09T08:18:42","guid":{"rendered":"https:\/\/jonglezpublishing.com\/product\/corse-insolite-et-secrete\/"},"modified":"2023-06-11T07:52:13","modified_gmt":"2023-06-11T04:52:13","slug":"corse-insolite-et-secrete","status":"publish","type":"product","link":"https:\/\/jonglezpublishing.com\/de\/produkt\/corse-insolite-et-secrete\/","title":{"rendered":"VERBORGENES KORSIKA"},"content":{"rendered":"<p>Ein vergessenes Fresko von Chagall in einem kleinen Bergdorf, ein palast\u00e4hnliches \u201eHaus der Amerikaner\u201c, wo man auch \u00fcbernachten kann, der Traumstrand, an dem die Landung der Alliierten im Film Der l\u00e4ngste Tag gedreht ist, sehenswerte Wandmalereien eines Zivilgefangenen im Ersten Weltkrieg, ein kunstvolles Miniaturdorf, goldene H\u00e4nde im Gebirge, die man nach zweist\u00fcndiger Wanderung erreicht, eine Marienstatue aus Pappmaschee, ein in einer Schule verborgenes Deckengem\u00e4lde von Maurice Utrillo, eine au\u00dfergew\u00f6hnliche Billardtasche mit einem Bildnis Napoleons, ein \u201eHinkelstein\u201c (Menhir) in einer Sakristei, ein Beichtstuhl, der sich hinter Holzt\u00e4felungen versteckt, die gr\u00f6\u00dfte Zitrusfr\u00fcchtesammlung der Welt, ein Adler unter einem Balkon, ein Stammbaum der Familie Bonaparte aus echtem Haar, eine Nacht in einem Leuchtturm fernab jeglicher Zivilisation &#8230;<\/p>\n<p>Korsika ist mehr als Str\u00e4nde, Berge und gutes Essen: Abseits der Menschenmassen h\u00e4lt die Insel immer noch gut geh\u00fctete Sch\u00e4tze bereit, die sie nur ihren Einwohnern und den Reisenden enth\u00fcllt, die die \u00fcblichen Touristenpfade verlassen. Ein unentbehrlicher Reisef\u00fchrer f\u00fcr alle, die glaubten, Korsika wie ihre Westentasche zu kennen, und f\u00fcr diejenigen, die einmal eine ganz andere Seite dieser faszinierenden Insel entdecken wollen.<\/p>\n<p>&nbsp;<\/p>\n<p><b>AUTOREN<\/b>: DOMINIQUE MEMMI<br \/>\n<span class=\"s1\"><b>SEITEN<\/b>: 320<br \/>\n<\/span><span class=\"s1\"><b>FORMAT<\/b>: 10.5 x 19 cm<br \/>\n<\/span><span class=\"s1\"><b>ISBN<\/b>: 978-2-36195-659-2<br \/>\n<\/span><span class=\"s1\"><b>PREIS<\/b>: \u20ac 18,95 [D] \u2013 \u20ac 19,95 [A]<br \/>\n<\/span><span class=\"s1\"><b>KONTAKT<\/b>:\u00a0<a href=\"mailto:info@jonglezverlag.com\"><span class=\"s2\">info@jonglezverlag.com<\/span><\/a><\/span><\/p>\n<p>&nbsp;<\/p>\n<div class=\"buttons_cont\">\n<div class=\"button_cont\" align=\"center\">\n<div class=\"button_cont\" align=\"center\"><a class=\"gv_product_btn\" href=\"https:\/\/jonglezpublishing.com\/wp-content\/uploads\/2019\/04\/Couverture_Corse_ALL-scaled.jpg\" target=\"_blank\" rel=\"noopener\">Cover herunterladen<\/a><\/div>\n<div class=\"button_cont\" align=\"center\"><a class=\"gv_product_btn\" href=\"https:\/\/jonglezpublishing.com\/wp-content\/uploads\/2023\/06\/Preview-PDF-Corse_ALL.pdf\" target=\"_blank\" rel=\"noopener\">Leseprobe<\/a><\/div>\n<div class=\"button_cont\" align=\"center\"><a class=\"gv_product_btn\" href=\"https:\/\/www.thalia.de\/shop\/home\/suggestartikel\/A1066800598?sq=Verborgenes%20Korsika&amp;stype=productName\" target=\"_blank\" rel=\"noopener\">Online kaufen<\/a><\/div>\n<\/div>\n<\/div>\n<div class=\"buttons_cont\"><\/div>\n","protected":false},"excerpt":{"rendered":"<p>Ein vergessenes Fresko von Chagall in einem kleinen Bergdorf, ein palast\u00e4hnliches \u201eHaus der Amerikaner\u201c, wo man auch \u00fcbernachten kann, der<\/p>\n","protected":false},"featured_media":11202,"template":"","meta":[],"product_brand":[],"product_cat":[421,557],"product_tag":[561,562,560,563],"class_list":{"0":"post-10647","1":"product","2":"type-product","3":"status-publish","4":"has-post-thumbnail","6":"product_cat-verborgenes-reisefuehrer","7":"product_cat-french-2-de","8":"product_tag-corse-de","9":"product_tag-corse-insolite-de","10":"product_tag-editions-jonglez-de","11":"product_tag-guides-de","13":"first","14":"instock","15":"shipping-taxable","16":"product-type-simple"},"aioseo_notices":[],"_links":{"self":[{"href":"https:\/\/jonglezpublishing.com\/de\/wp-json\/wp\/v2\/product\/10647","targetHints":{"allow":["GET"]}}],"collection":[{"href":"https:\/\/jonglezpublishing.com\/de\/wp-json\/wp\/v2\/product"}],"about":[{"href":"https:\/\/jonglezpublishing.com\/de\/wp-json\/wp\/v2\/types\/product"}],"wp:featuredmedia":[{"embeddable":true,"href":"https:\/\/jonglezpublishing.com\/de\/wp-json\/wp\/v2\/media\/11202"}],"wp:attachment":[{"href":"https:\/\/jonglezpublishing.com\/de\/wp-json\/wp\/v2\/media?parent=10647"}],"wp:term":[{"taxonomy":"product_brand","embeddable":true,"href":"https:\/\/jonglezpublishing.com\/de\/wp-json\/wp\/v2\/product_brand?post=10647"},{"taxonomy":"product_cat","embeddable":true,"href":"https:\/\/jonglezpublishing.com\/de\/wp-json\/wp\/v2\/product_cat?post=10647"},{"taxonomy":"product_tag","embeddable":true,"href":"https:\/\/jonglezpublishing.com\/de\/wp-json\/wp\/v2\/product_tag?post=10647"}],"curies":[{"name":"wp","href":"https:\/\/api.w.org\/{rel}","templated":true}]}}