{"id":10660,"date":"2019-03-04T14:17:51","date_gmt":"2019-03-04T14:17:51","guid":{"rendered":"https:\/\/jonglezpublishing.com\/product\/toscana-insolita-e-segreta\/"},"modified":"2026-04-06T08:48:02","modified_gmt":"2026-04-06T05:48:02","slug":"toscana-insolita-e-segreta","status":"publish","type":"product","link":"https:\/\/jonglezpublishing.com\/de\/produkt\/toscana-insolita-e-segreta\/","title":{"rendered":"VERBORGENE TOSKANA"},"content":{"rendered":"<div class=\"wpb-content-wrapper\"><p>[vc_row][vc_column][vc_column_text css=&#8220;&#8220; woodmart_inline=&#8220;no&#8220; text_larger=&#8220;no&#8220;]Die Eiche, an der Pinocchio sich erh\u00e4ngt hat; eine Mussolini Darstellung im Fenster einer Kirche aus dem 15. Jahrhundert; ein Luxushotel, das zu \u00f6ffentlichen Toiletten geworden ist; ein Milchautomat aus dem 17. Jahrhundert; eine weltweit einzigartige astronomische Darstellung; ein Diamant im Marmor; der Ort, an der sich der Krug der Hochzeit zu Kana befindet; ein ungew\u00f6hnlicher anatomischer Lehrsaal in Pistoia; der Jungbrunnen der Fee Morgane; ein un\u00fcblicher Spaziergang entlang der Marmorbahn; Hinweise auf einen alchemistischen Weg in der Kathedrale von Siena; die esoterischen Symbole, die in den sch\u00f6nsten G\u00e4rten der Region versteckt sind&#8230; Abseits des Massentourismus und der \u00fcblichen Klischees h\u00e4lt die Toskana noch gut versteckte Sch\u00e4tze bereit, die sie nur Einheimischen und den Reisenden, die die ausgetretenen Pfade verlassen, offenbart.<\/p>\n<p>Dieser F\u00fchrer ist ein Muss f\u00fcr alle, die die Toskana gut zu kennen glauben, aber auch f\u00fcr diejenigen, die eine andere Seite der Region kennenlernen wollen.<\/p>\n<p>Die Stadt Florenz wird in diesem Buch nicht behandelt, da ihr ein anderer Reisef\u00fchrer speziell gewidmet ist: siehe Verborgenes Florenz desselben Verlags.<\/p>\n<p><b>AUTORINNEN<\/b>: JACOPO MAURO UND ROBERTO DI FERDINANDO<br \/>\n<span class=\"s1\"><b>SEITEN<\/b>: 360<br \/>\n<\/span><span class=\"s1\"><b>FORMAT<\/b>: 10.5 x 19 cm<br \/>\n<\/span><span class=\"s1\"><b>ISBN<\/b>: 978-2-38715-049-3<br \/>\n<\/span><span class=\"s1\"><b>PREIS<\/b>: 19,95 \u20ac [D] \u2013 20,95 \u20ac [A]<br \/>\n<\/span><span class=\"s1\"><b>KONTAKT<\/b>:\u00a0<a href=\"mailto:info@jonglezverlag.com\"><span class=\"s2\">info@jonglezverlag.com<\/span><\/a><\/span><\/p>\n<div class=\"buttons_cont\">\n<div class=\"button_cont\" align=\"center\">\n<div class=\"button_cont\" align=\"center\"><a class=\"gv_product_btn\" href=\"https:\/\/jonglezpublishing.com\/wp-content\/uploads\/2019\/03\/couv_Toskana_ALL_RVB-1-scaled.jpg\" target=\"_blank\" rel=\"noopener\">Cover herunterladen<\/a><\/div>\n<div class=\"button_cont\" align=\"center\"><a class=\"gv_product_btn\" href=\"https:\/\/jonglezpublishing.com\/wp-content\/uploads\/2026\/04\/PREVIEW-Toskana_ALL.pdf\" target=\"_blank\" rel=\"noopener\">Leseprobe<\/a><\/div>\n<div class=\"button_cont\" align=\"center\"><a class=\"gv_product_btn\" href=\"https:\/\/www.thalia.de\/shop\/home\/artikeldetails\/A1077634497\" target=\"_blank\" rel=\"noopener\">Online kaufen<\/a><\/div>\n<\/div>\n<\/div>\n<div class=\"buttons_cont\"><\/div>\n<p>[\/vc_column_text][\/vc_column][\/vc_row]<\/p>\n<\/div>","protected":false},"excerpt":{"rendered":"<p>[vc_row][vc_column][vc_column_text css=&#8220;&#8220; woodmart_inline=&#8220;no&#8220; text_larger=&#8220;no&#8220;]Die Eiche, an der Pinocchio sich erh\u00e4ngt hat; eine Mussolini Darstellung im Fenster einer Kirche aus dem<\/p>\n","protected":false},"featured_media":15010,"template":"","meta":[],"product_brand":[],"product_cat":[421,174,391,392],"product_tag":[176,177,179,565,564,395,541],"class_list":{"0":"post-10660","1":"product","2":"type-product","3":"status-publish","4":"has-post-thumbnail","6":"product_cat-verborgenes-reisefuehrer","7":"product_cat-english-de","8":"product_cat-french-de","9":"product_cat-italian-de","10":"product_tag-jonglez-de","11":"product_tag-jonglez-publishing-de","12":"product_tag-secret-guides-de","13":"product_tag-secret-travel-guide-de","14":"product_tag-secret-tuscany-de","15":"product_tag-verborgenes-florenz","16":"product_tag-verborgenes-mailand","18":"first","19":"instock","20":"shipping-taxable","21":"product-type-simple"},"aioseo_notices":[],"_links":{"self":[{"href":"https:\/\/jonglezpublishing.com\/de\/wp-json\/wp\/v2\/product\/10660","targetHints":{"allow":["GET"]}}],"collection":[{"href":"https:\/\/jonglezpublishing.com\/de\/wp-json\/wp\/v2\/product"}],"about":[{"href":"https:\/\/jonglezpublishing.com\/de\/wp-json\/wp\/v2\/types\/product"}],"wp:featuredmedia":[{"embeddable":true,"href":"https:\/\/jonglezpublishing.com\/de\/wp-json\/wp\/v2\/media\/15010"}],"wp:attachment":[{"href":"https:\/\/jonglezpublishing.com\/de\/wp-json\/wp\/v2\/media?parent=10660"}],"wp:term":[{"taxonomy":"product_brand","embeddable":true,"href":"https:\/\/jonglezpublishing.com\/de\/wp-json\/wp\/v2\/product_brand?post=10660"},{"taxonomy":"product_cat","embeddable":true,"href":"https:\/\/jonglezpublishing.com\/de\/wp-json\/wp\/v2\/product_cat?post=10660"},{"taxonomy":"product_tag","embeddable":true,"href":"https:\/\/jonglezpublishing.com\/de\/wp-json\/wp\/v2\/product_tag?post=10660"}],"curies":[{"name":"wp","href":"https:\/\/api.w.org\/{rel}","templated":true}]}}