{"id":10721,"date":"2019-03-04T13:58:45","date_gmt":"2023-01-20T13:52:32","guid":{"rendered":"https:\/\/jonglezpublishing.com\/?post_type=product&#038;p=10721"},"modified":"2025-09-11T16:33:57","modified_gmt":"2025-09-11T13:33:57","slug":"verborgenes-new-york-2","status":"publish","type":"product","link":"https:\/\/jonglezpublishing.com\/de\/produkt\/verborgenes-new-york-2\/","title":{"rendered":"VERBORGENES NEW YORK"},"content":{"rendered":"<div>\n<p>Bewundern Sie in einer Kirche einen apokalyptischen Pfeiler, entdecken Sie verborgene G\u00e4rten und die New Yorker Version der Sagrada Familia, besuchen Sie einen geheimen Subway-Tunnel und gedenken Sie eines durch Stromschlag get\u00f6teten Elefanten, finden Sie die Einschlagl\u00f6cher an der Fassade der Bank J. P. Morgan, betrachten Sie mit einem Hochschulteleskop die Sterne, entdecken Sie eine Lenin- Statue sowie den Ort, an dem Marilyn Monroe ihren Rock fliegen lie\u00df, einen mit Erde gef\u00fcllten Raum und einen riesigen venezianischen Palast \u00fcber alten Bewundern Sie in einer Kirche einen apokalyptischen Pfeiler, entdecken Sie verborgene G\u00e4rten, besuchen Sie<br \/>\neinen geheimen Subway-Tunnel, betrachten Sie mit einem Hochschulteleskop die Sterne, entdecken Sie eine Lenin Statue sowie den Ort, an dem Marilyn Monroe ihren Rock fliegen lie\u00df, einen mit Erde gef\u00fcllten Raum und einen riesigen venezianischen Palast \u00fcber alten Pferdestallungen. Besuchen Sie eine Insel, deren Unabh\u00e4ngigkeit 2004 von einem Boot aus proklamiert wurde, entdecken Sie das \u201eSchweinchen\u201c an der St. Patrick\u2019s Cathedral, finden Sie heraus, wo George Washingtons letzter Zahn aufbewahrt wird und in welchem Haus sich eine Subway-Station verbirgt, lokalisieren Sie die Gedenktafel f\u00fcr ein Ereignis einer anderen Dimension, lassen Sie Ihr Fahrrad segnen &#8230;<\/p>\n<p>Abseits der Menschenmassen und der allseits bekannten \u201cDauerbrenner\u201c h\u00e4lt New York noch immer gut geh\u00fctete Sch\u00e4tze bereit, die die Stadt nur ihren Einwohnern und den Reisenden enth\u00fcllt, die die \u00fcblichen Touristenpfade verlassen. Ein unentbehrlicher Reisef\u00fchrer f\u00fcr alle, die glaubten, New York wie ihre Westentasche zu kennen, und f\u00fcr diejenigen, die einmal eine ganz andere Seite dieser faszinierenden Stadt entdecken wollen.<\/p>\n<\/div>\n<p><b>AUTOREN\u00a0<\/b>: T.M. RIVES , MICHELLE\u00a0 YOUNG UND HANNAH FRISHBERG<br \/>\n<b>SEITEN\u00a0<\/b>: 432<br \/>\n<b>FORMAT\u00a0<\/b>: 10.5 x 19 cm<br \/>\n<b>ISBN\u00a0<\/b>: 978-2-36195-945-6<br \/>\n<b>PREIS\u00a0<\/b>: 19,95 \u20ac [D] \u2013 20,95 [A] \u2013 US$ 19.95<br \/>\n<b>KONTAKT\u00a0<\/b>:\u00a0<a href=\"mailto:info@jonglezverlag.com\">info@jonglezverlag.com<\/a><\/p>\n<div class=\"buttons_cont\">\n<div class=\"button_cont\" align=\"center\"><a class=\"gv_product_btn\" href=\"https:\/\/jonglezpublishing.com\/wp-content\/uploads\/2019\/03\/Couv-NY-ALL_RVB-scaled.jpg\" target=\"_blank\" rel=\"noopener\">Cover herunterladen<\/a><\/div>\n<div class=\"button_cont\" align=\"center\"><a class=\"gv_product_btn\" href=\"https:\/\/jonglezpublishing.com\/wp-content\/uploads\/2025\/09\/PREVIEW-Verborgenes-New-York.pdf\" target=\"_blank\" rel=\"noopener\">Leseprobe<\/a><\/div>\n<div class=\"button_cont\" align=\"center\"><a class=\"gv_product_btn\" href=\"https:\/\/www.thalia.de\/shop\/home\/artikeldetails\/A1075022188\" target=\"_blank\" rel=\"noopener\">Online kaufen<\/a><\/div>\n<\/div>\n<div class=\"buttons_cont\"><\/div>\n","protected":false},"excerpt":{"rendered":"<p>Bewundern Sie in einer Kirche einen apokalyptischen Pfeiler, entdecken Sie verborgene G\u00e4rten und die New Yorker Version der Sagrada Familia,<\/p>\n","protected":false},"featured_media":14393,"template":"","meta":[],"product_brand":[],"product_cat":[421,174,391,392,393],"product_tag":[176,177,178,179,180,181,182],"class_list":{"0":"post-10721","1":"product","2":"type-product","3":"status-publish","4":"has-post-thumbnail","6":"product_cat-verborgenes-reisefuehrer","7":"product_cat-english-de","8":"product_cat-french-de","9":"product_cat-italian-de","10":"product_cat-spanish-de","11":"product_tag-jonglez-de","12":"product_tag-jonglez-publishing-de","13":"product_tag-new-york-de","14":"product_tag-secret-guides-de","15":"product_tag-secret-new-york-de","16":"product_tag-secret-travel-guides-de","17":"product_tag-travel-guides-de","19":"first","20":"instock","21":"shipping-taxable","22":"product-type-simple"},"aioseo_notices":[],"_links":{"self":[{"href":"https:\/\/jonglezpublishing.com\/de\/wp-json\/wp\/v2\/product\/10721","targetHints":{"allow":["GET"]}}],"collection":[{"href":"https:\/\/jonglezpublishing.com\/de\/wp-json\/wp\/v2\/product"}],"about":[{"href":"https:\/\/jonglezpublishing.com\/de\/wp-json\/wp\/v2\/types\/product"}],"wp:featuredmedia":[{"embeddable":true,"href":"https:\/\/jonglezpublishing.com\/de\/wp-json\/wp\/v2\/media\/14393"}],"wp:attachment":[{"href":"https:\/\/jonglezpublishing.com\/de\/wp-json\/wp\/v2\/media?parent=10721"}],"wp:term":[{"taxonomy":"product_brand","embeddable":true,"href":"https:\/\/jonglezpublishing.com\/de\/wp-json\/wp\/v2\/product_brand?post=10721"},{"taxonomy":"product_cat","embeddable":true,"href":"https:\/\/jonglezpublishing.com\/de\/wp-json\/wp\/v2\/product_cat?post=10721"},{"taxonomy":"product_tag","embeddable":true,"href":"https:\/\/jonglezpublishing.com\/de\/wp-json\/wp\/v2\/product_tag?post=10721"}],"curies":[{"name":"wp","href":"https:\/\/api.w.org\/{rel}","templated":true}]}}