{"id":10783,"date":"2020-06-25T16:58:00","date_gmt":"2020-06-25T13:58:00","guid":{"rendered":"https:\/\/jonglezpublishing.com\/?post_type=product&#038;p=10783"},"modified":"2026-02-03T10:20:44","modified_gmt":"2026-02-03T08:20:44","slug":"verborgenes-sevilla","status":"publish","type":"product","link":"https:\/\/jonglezpublishing.com\/de\/produkt\/verborgenes-sevilla\/","title":{"rendered":"VERBORGENES SEVILLA"},"content":{"rendered":"<div class=\"wpb-content-wrapper\"><p>[vc_row][vc_column][vc_column_text css=&#8220;&#8220; woodmart_inline=&#8220;no&#8220; text_larger=&#8220;no&#8220;]Das Profil von Grace Kelly auf der Rathausfassade, das Grab des Sohnes von Christoph Kolumbus, ein mittelalterlicher j\u00fcdischer Friedhof auf einem Parkplatz, ein Friseursalon der besonderen Art, vergessene Erinnerungen an die Zeit der Dampfschifffahrt auf dem Guadalquivir, Freimaurersymbole in einer Kirche, \u00dcberreste des andalusischen Pavillons der Weltausstellung von 1929, ein verkanntes modernistisches Elektrizit\u00e4tswerk, ein Exemplar der Nazi-Chiffriermaschine Enigma, eine ungew\u00f6hnliche Sammlung chinesischer und japanischer Kunst in einem Palast im Renaissance-Stil, die S\u00e4ulen einer mittelalterlichen Synagoge &#8230;<\/p>\n<p>Fernab der Touristenstr\u00f6me und der \u00fcblichen Klischees bewahrt Sevilla noch immer gut verborgenen Sch\u00e4tze, die es allein seinen Einwohnern und den Besucherinnen und Besuchern offenbart, die bereit sind, die ausgetretenen Pfade zu verlassen.<\/p>\n<p>Ein unentbehrlicher Reisef\u00fchrer f\u00fcr alle, die Sevilla zu kennen glauben \u2013 und f\u00fcr alle, die das unbekannte Gesicht dieser Stadt entdecken m\u00f6chten.<\/p>\n<p><b>AUTOREN\u00a0<\/b>: RICARDO DE CASTRO<br \/>\n<b>SEITEN\u00a0<\/b>: 320<br \/>\n<b>FORMAT\u00a0<\/b>: 10.5 x 19 cm<br \/>\n<b>ISBN\u00a0<\/b>: 978-2-36195-966-1<br \/>\n<b>PREIS\u00a0<\/b>: 18,95 \u20ac [D] \u2013 19,95 \u20ac [A]<br \/>\n<b>KONTAKT\u00a0<\/b>:\u00a0<a href=\"mailto:info@jonglezverlag.com\">info@jonglezverlag.com<\/a><\/p>\n<div class=\"buttons_cont\">\n<div class=\"button_cont\" align=\"center\"><a class=\"gv_product_btn\" href=\"https:\/\/jonglezpublishing.com\/wp-content\/uploads\/2020\/06\/Couv-Sevilla_AL_RGB-1-scaled.jpg\" target=\"_blank\" rel=\"noopener\">Cover herunterladen<\/a><\/div>\n<div class=\"button_cont\" align=\"center\"><a class=\"gv_product_btn\" href=\"https:\/\/jonglezpublishing.com\/wp-content\/uploads\/2026\/02\/Sevilla-insolita-y-secreta_AL_Preview.pdf\" target=\"_blank\" rel=\"noopener\">Leseprobe<\/a><\/div>\n<div class=\"button_cont\" align=\"center\"><a class=\"gv_product_btn\" href=\"https:\/\/www.thalia.de\/shop\/home\/artikeldetails\/A1076403212\" target=\"_blank\" rel=\"noopener\">Online kaufen<\/a><\/div>\n<\/div>\n<div class=\"buttons_cont\"><\/div>\n<p>[\/vc_column_text][\/vc_column][\/vc_row]<\/p>\n<\/div>","protected":false},"excerpt":{"rendered":"<p>[vc_row][vc_column][vc_column_text css=&#8220;&#8220; woodmart_inline=&#8220;no&#8220; text_larger=&#8220;no&#8220;]Das Profil von Grace Kelly auf der Rathausfassade, das Grab des Sohnes von Christoph Kolumbus, ein mittelalterlicher<\/p>\n","protected":false},"featured_media":14904,"template":"","meta":[],"product_brand":[],"product_cat":[421,174,391],"product_tag":[],"class_list":{"0":"post-10783","1":"product","2":"type-product","3":"status-publish","4":"has-post-thumbnail","6":"product_cat-verborgenes-reisefuehrer","7":"product_cat-english-de","8":"product_cat-french-de","10":"first","11":"instock","12":"shipping-taxable","13":"product-type-simple"},"aioseo_notices":[],"_links":{"self":[{"href":"https:\/\/jonglezpublishing.com\/de\/wp-json\/wp\/v2\/product\/10783","targetHints":{"allow":["GET"]}}],"collection":[{"href":"https:\/\/jonglezpublishing.com\/de\/wp-json\/wp\/v2\/product"}],"about":[{"href":"https:\/\/jonglezpublishing.com\/de\/wp-json\/wp\/v2\/types\/product"}],"wp:featuredmedia":[{"embeddable":true,"href":"https:\/\/jonglezpublishing.com\/de\/wp-json\/wp\/v2\/media\/14904"}],"wp:attachment":[{"href":"https:\/\/jonglezpublishing.com\/de\/wp-json\/wp\/v2\/media?parent=10783"}],"wp:term":[{"taxonomy":"product_brand","embeddable":true,"href":"https:\/\/jonglezpublishing.com\/de\/wp-json\/wp\/v2\/product_brand?post=10783"},{"taxonomy":"product_cat","embeddable":true,"href":"https:\/\/jonglezpublishing.com\/de\/wp-json\/wp\/v2\/product_cat?post=10783"},{"taxonomy":"product_tag","embeddable":true,"href":"https:\/\/jonglezpublishing.com\/de\/wp-json\/wp\/v2\/product_tag?post=10783"}],"curies":[{"name":"wp","href":"https:\/\/api.w.org\/{rel}","templated":true}]}}