{"id":10794,"date":"2019-04-05T22:52:19","date_gmt":"2019-04-05T19:52:19","guid":{"rendered":"https:\/\/jonglezpublishing.com\/?post_type=product&#038;p=10794"},"modified":"2024-08-07T12:50:52","modified_gmt":"2024-08-07T09:50:52","slug":"secret-bali-an-unusual-guide","status":"publish","type":"product","link":"https:\/\/jonglezpublishing.com\/de\/produkt\/secret-bali-an-unusual-guide\/","title":{"rendered":"VERBORGENES BALI"},"content":{"rendered":"<p>Schwarzer Heilsand, der Grund, warum man nach Einbruch der Nacht am Strand besser nicht mehr pfeifen sollte, die sch\u00f6nsten und entlegensten Reisterrassen von Bali, ein besonderes Reisesouvenir, ein Atelier, in dem batiks mit einzigartigen nat\u00fcrlichen Farben gef\u00e4rbt werden, ein Ort, an dem Paare die Geister anrufen, um ein Kind zu empfangen, Fl\u00f6te spielende Tauben in Ubud, ein zauberhaftes Dorf mit traditionellen Bambusd\u00e4chern, ein gruseliges Treffen mit den am meisten gef\u00fcrchteten D\u00e4monen von Bali, eine der eindrucksvollsten Urban-Art-Ausstellungen der Welt, ein Baum, der nicht von Menschenhand gepflanzt werden kann, eine alte Fruchtbarkeitsstatue, die \u201emehr Penisse als \u00fcblich\u201c verspricht, die geheimnisvollste Rinderrasse der Welt, das Dorf der Geh\u00f6rlosen, eine Miniaturreplik des (von der UNESCO als Weltkulturerbe eingestuften) Tempels von Borobudur, die sch\u00f6nsten Fischerboote der Welt, ein architektonisches Wunderwerk der balinesischen christlichen Gemeinde, die einzige Kautschukplantage der Insel aus Kolonialzeiten&#8230;<\/p>\n<p>Abseits der Menschenmassen und allseits bekannten \u201eDauerbrenner\u201c h\u00e4lt Bali immer noch gut geh\u00fctete Sch\u00e4tze bereit, die die Insel nur den Einwohnern und Reisenden enth\u00fcllt, die die \u00fcblichen Wege verlassen.<\/p>\n<p>Ein unentbehrlicher Reisef\u00fchrer f\u00fcr alle, die dachten, Bali wie ihre Westentasche zu kennen, oder auch diejenigen, die eine andere Seite dieser faszinierenden Insel entdecken wollen.<\/p>\n<p><b>AUTOREN\u00a0<\/b>: Narina Exelby\u00a0 und Mark Eveleigh<br \/>\n<b>SEITEN\u00a0<\/b>: 240<br \/>\n<b>FORMAT\u00a0<\/b>: 10.5 x 19 cm<br \/>\n<b>ISBN\u00a0<\/b>: 978-2-36195-735-3<br \/>\n<b>PREIS\u00a0<\/b>: 18,95 \u20ac [D] \u2013 19,95 \u20ac [A]<br \/>\n<b>KONTAKT\u00a0<\/b>:\u00a0<a href=\"mailto:info@jonglezverlag.com\">info@jonglezverlag.com<\/a><\/p>\n<div class=\"buttons_cont\">\n<div class=\"button_cont\" align=\"center\"><a class=\"gv_product_btn\" href=\"https:\/\/jonglezpublishing.com\/wp-content\/uploads\/2019\/04\/couv_Bali_ALL-scaled.jpg\" target=\"_blank\" rel=\"noopener\">Cover herunterladen<\/a><\/div>\n<div class=\"button_cont\" align=\"center\"><a class=\"gv_product_btn\" href=\"https:\/\/jonglezpublishing.com\/wp-content\/uploads\/2024\/08\/Preview_Bali_ALL.pdf\" target=\"_blank\" rel=\"noopener\">Leseprobe<\/a><\/div>\n<div class=\"button_cont\" align=\"center\"><a class=\"gv_product_btn\" href=\"https:\/\/www.thalia.de\/shop\/home\/artikeldetails\/A1070456319\" target=\"_blank\" rel=\"noopener\">Online kaufen<\/a><\/div>\n<div class=\"button_cont\" align=\"center\"><a class=\"gv_product_btn\" href=\"https:\/\/www.das-landkartenhaus.de\/Verborgenes-Bali-Reisefuehrer-Jonglez\" target=\"_blank\" rel=\"noopener\">Online kaufen<\/a><\/div>\n<\/div>\n","protected":false},"excerpt":{"rendered":"<p>Schwarzer Heilsand, der Grund, warum man nach Einbruch der Nacht am Strand besser nicht mehr pfeifen sollte, die sch\u00f6nsten und<\/p>\n","protected":false},"featured_media":13003,"template":"","meta":[],"product_brand":[],"product_cat":[421,174,391],"product_tag":[176,177,179,182],"class_list":{"0":"post-10794","1":"product","2":"type-product","3":"status-publish","4":"has-post-thumbnail","6":"product_cat-verborgenes-reisefuehrer","7":"product_cat-english-de","8":"product_cat-french-de","9":"product_tag-jonglez-de","10":"product_tag-jonglez-publishing-de","11":"product_tag-secret-guides-de","12":"product_tag-travel-guides-de","14":"first","15":"instock","16":"shipping-taxable","17":"product-type-simple"},"aioseo_notices":[],"_links":{"self":[{"href":"https:\/\/jonglezpublishing.com\/de\/wp-json\/wp\/v2\/product\/10794","targetHints":{"allow":["GET"]}}],"collection":[{"href":"https:\/\/jonglezpublishing.com\/de\/wp-json\/wp\/v2\/product"}],"about":[{"href":"https:\/\/jonglezpublishing.com\/de\/wp-json\/wp\/v2\/types\/product"}],"wp:featuredmedia":[{"embeddable":true,"href":"https:\/\/jonglezpublishing.com\/de\/wp-json\/wp\/v2\/media\/13003"}],"wp:attachment":[{"href":"https:\/\/jonglezpublishing.com\/de\/wp-json\/wp\/v2\/media?parent=10794"}],"wp:term":[{"taxonomy":"product_brand","embeddable":true,"href":"https:\/\/jonglezpublishing.com\/de\/wp-json\/wp\/v2\/product_brand?post=10794"},{"taxonomy":"product_cat","embeddable":true,"href":"https:\/\/jonglezpublishing.com\/de\/wp-json\/wp\/v2\/product_cat?post=10794"},{"taxonomy":"product_tag","embeddable":true,"href":"https:\/\/jonglezpublishing.com\/de\/wp-json\/wp\/v2\/product_tag?post=10794"}],"curies":[{"name":"wp","href":"https:\/\/api.w.org\/{rel}","templated":true}]}}