{"id":10858,"date":"2021-05-20T15:22:06","date_gmt":"2023-03-05T10:46:19","guid":{"rendered":"https:\/\/jonglezpublishing.com\/?post_type=product&#038;p=10858"},"modified":"2023-04-06T13:28:05","modified_gmt":"2023-04-06T10:28:05","slug":"verborgenes-singapur","status":"publish","type":"product","link":"https:\/\/jonglezpublishing.com\/de\/produkt\/verborgenes-singapur\/","title":{"rendered":"VERBORGENES SINGAPUR"},"content":{"rendered":"<p>Ein Leuchtturm auf dem Dach eines 25-st\u00f6ckigen Wolkenkratzers, eine einzigartige Felsenlandschaft, die an Guilin in China erinnert, die \u00dcberreste eines von Kriegsgefangenen im Dschungel errichteten Shinto Schreins, von Jackie Chan gestiftete H\u00e4user aus der Ming- und Qing-Zeit, die B\u00f6den von Sojasaucenflaschen, mit denen die Sultan-Moschee geschm\u00fcckt wurde, der \u201eSchiefe Turm von Singapur\u201c, das letzte St\u00fcckchen Naturstrand, ein vergessener Luftschutzbunker unter einem Nationaldenkmal, das sch\u00f6ne modernistische Portal einer ehemaligen Keksfabrik, ein verstecktes Kampong (l\u00e4ndliches Dorf), \u00fcberragt von Wohnhochh\u00e4usern, die Tore des alten Changi-Gef\u00e4ngnisses, die stattliche Eingangshalle im Hauptsitz der Freimaurer &#8230;<\/p>\n<p>Fernab von Menschenmassen und den \u00fcblichen Klischees bietet Singapur immer noch zahlreiche verborgene Sch\u00e4tze f\u00fcr Menschen, die wissen, wie man eine Stadt abseits der ausgetretenen Touristenpfade erkundet.<\/p>\n<p>Dies ist ein unverzichtbarer F\u00fchrer f\u00fcr alle, die glauben, Singapur zu kennen &#8230; oder die eine andere, faszinierende Seite des Stadtstaates entdecken wollen.<\/p>\n<p class=\"p1\"><span class=\"s1\"><b>AUTOREN<\/b>: HEIDI SARNA UND JEROME LIM<br \/>\n<\/span><span class=\"s1\"><b>SEITEN<\/b>: 256<br \/>\n<\/span><span class=\"s1\"><b>FORMAT<\/b>: 10.5 x 19 cm<br \/>\n<\/span><span class=\"s1\"><b>ISBN<\/b>: 978-2-36195-592-2<br \/>\n<\/span><span class=\"s1\"><b>PREIS<\/b>: 18,95 \u20ac [D] &#8211; 19,95 \u20ac [A]<br \/>\n<\/span><span class=\"s1\"><b>KONTAKT<\/b>:\u00a0<a href=\"mailto:info@jonglezverlag.com\"><span class=\"s2\">info@jonglezverlag.com<\/span><\/a>\u00a0<\/span><\/p>\n<p>&nbsp;<\/p>\n<div class=\"buttons_cont\">\n<div class=\"button_cont\" align=\"center\"><a class=\"gv_product_btn\" href=\"https:\/\/jonglezpublishing.com\/wp-content\/uploads\/2021\/05\/Couv_Singapour_ALL.jpg\" target=\"_blank\" rel=\"noopener\">Cover herunterladen<\/a><\/div>\n<div class=\"button_cont\" align=\"center\"><a class=\"gv_product_btn\" href=\"https:\/\/jonglezpublishing.com\/wp-content\/uploads\/2023\/03\/PREVIEW_Singapur_ALL.pdf\" target=\"_blank\" rel=\"noopener\">Leseprobe<\/a><\/div>\n<div class=\"button_cont\" align=\"center\"><a class=\"gv_product_btn\" href=\"https:\/\/www.thalia.de\/shop\/home\/artikeldetails\/A1066934817\" target=\"_blank\" rel=\"noopener\">Online kaufen<\/a><\/div>\n<\/div>\n","protected":false},"excerpt":{"rendered":"<p>Ein Leuchtturm auf dem Dach eines 25-st\u00f6ckigen Wolkenkratzers, eine einzigartige Felsenlandschaft, die an Guilin in China erinnert, die \u00dcberreste eines<\/p>\n","protected":false},"featured_media":11027,"template":"","meta":[],"product_brand":[],"product_cat":[421,174],"product_tag":[],"class_list":{"0":"post-10858","1":"product","2":"type-product","3":"status-publish","4":"has-post-thumbnail","6":"product_cat-verborgenes-reisefuehrer","7":"product_cat-english-de","9":"first","10":"instock","11":"shipping-taxable","12":"product-type-simple"},"aioseo_notices":[],"_links":{"self":[{"href":"https:\/\/jonglezpublishing.com\/de\/wp-json\/wp\/v2\/product\/10858","targetHints":{"allow":["GET"]}}],"collection":[{"href":"https:\/\/jonglezpublishing.com\/de\/wp-json\/wp\/v2\/product"}],"about":[{"href":"https:\/\/jonglezpublishing.com\/de\/wp-json\/wp\/v2\/types\/product"}],"wp:featuredmedia":[{"embeddable":true,"href":"https:\/\/jonglezpublishing.com\/de\/wp-json\/wp\/v2\/media\/11027"}],"wp:attachment":[{"href":"https:\/\/jonglezpublishing.com\/de\/wp-json\/wp\/v2\/media?parent=10858"}],"wp:term":[{"taxonomy":"product_brand","embeddable":true,"href":"https:\/\/jonglezpublishing.com\/de\/wp-json\/wp\/v2\/product_brand?post=10858"},{"taxonomy":"product_cat","embeddable":true,"href":"https:\/\/jonglezpublishing.com\/de\/wp-json\/wp\/v2\/product_cat?post=10858"},{"taxonomy":"product_tag","embeddable":true,"href":"https:\/\/jonglezpublishing.com\/de\/wp-json\/wp\/v2\/product_tag?post=10858"}],"curies":[{"name":"wp","href":"https:\/\/api.w.org\/{rel}","templated":true}]}}