{"id":10981,"date":"2022-09-22T12:34:27","date_gmt":"2023-04-02T00:57:26","guid":{"rendered":"https:\/\/jonglezpublishing.com\/?post_type=product&#038;p=10981"},"modified":"2023-04-02T04:01:12","modified_gmt":"2023-04-02T01:01:12","slug":"verlassene-usa","status":"publish","type":"product","link":"https:\/\/jonglezpublishing.com\/de\/produkt\/verlassene-usa\/","title":{"rendered":"VERLASSENE USA"},"content":{"rendered":"<div>\n<p>Ruinen vergangener Epochen haben die Menschheit schon immer fasziniert. Der Wunsch, unsere Vergangenheit besser zu verstehen, veranlasst Arch\u00e4ologen, K\u00fcnstler und Wissenschaftler auf der ganzen Welt dazu, die \u00dcberreste verschwundener Lebensstile zu studieren, um deren Zauber und Sch\u00f6nheit zu erfassen.<\/p>\n<p>Matthew Christophers Buch\u00a0Verlassene\u00a0USA sollte eigentlich eine Abhandlung \u00fcber Aufstieg und Niedergang des staatlichen Krankenhaussystems werden. Doch es entwickelte sich schnell zu einem Werk, das neben Krankenh\u00e4usern auch\u00a0verlassene\u00a0Fabriken, Industriestandorte, Schulen, Kirchen, Kraftwerke, Gef\u00e4ngnisse, Milit\u00e4reinrichtungen sowie Hotels, Ferienanlagen, Wohnh\u00e4user und weitere Bauwerke vorstellt. Seit zehn Jahren dokumentiert Matthew Christopher mit seinen Schriften und Fotografien die Ruinen einer der gr\u00f6\u00dften Zivilisationen, die die Welt je sah: unsere eigene.<\/p>\n<p>An Orten wie den verkohlten Ruinen des Hotels Do De, den verrosteten Zellen des Essex County Jail Annex, der majest\u00e4tischen Church of the Transfiguration oder den unheimlichen, verfallenen Ruinen der New Castle Elks Lodge erkundet Matthew Christopher architektonische Sch\u00e4tze, die den Elementen \u00fcberlassen wurden und so nur allzu oft f\u00fcr immer verlorengingen.<\/p>\n<p>Matthew Christophers Werk ist ein kraftvolles Statement \u00fcber den Verlust von Arbeitspl\u00e4tzen, unser kulturelles Erbe, die Zerst\u00f6rung von St\u00e4dten, den k\u00fcnstlerisch-architektonischen Wert symboltr\u00e4chtiger Bauwerke und den Denkmalschutz. Im Hinblick auf den Niedergang der US-amerikanischen Industrie und die darauffolgende Wirtschaftskrise sind diese Themen f\u00fcr die Erforschung der nationalen Identit\u00e4t der USA heute aktueller denn je.<\/p>\n<p>\u201eDie Orte, die Christopher fotografiert, erz\u00e4hlen ihre Geschichten anhand von Stille und au\u00dfergew\u00f6hnlichem Licht \u2013 der R\u00e4ume, die<br \/>\nzwischen dem Leben und dem Tod eines Bauwerks liegen. Seine Bilder geben mir das Gef\u00fchl, als w\u00fcrde mir jemand ein Geheimnis verraten.\u201c Jane Derenowski, Journalistin, NBC Nightly News.<\/p>\n<\/div>\n<div>\n<p><strong>AUTOR<\/strong>: Matthew Christopher<br \/>\n<strong>SEITEN<\/strong>: 240<br \/>\n<strong>ISBN<\/strong>: 978-2-36195-527-4<span data-sheets-value=\"{&quot;1&quot;:2,&quot;2&quot;:&quot;978-2-36195-132-0&quot;}\" data-sheets-userformat=\"{&quot;2&quot;:12992,&quot;9&quot;:1,&quot;10&quot;:1,&quot;12&quot;:0,&quot;15&quot;:&quot;Cambria&quot;,&quot;16&quot;:11}\"><br \/>\n<\/span><strong>PREIS<\/strong>: \u20ac 35,00 [D] &#8211; \u20ac 36,00 [A] &#8211; $ 39,95<br \/>\n<strong>KONTAKT<\/strong>:\u00a0<a href=\"mailto:info@jonglezverlag.com\">info@jonglezverlag.com<\/a><\/p>\n<div class=\"buttons_cont\">\n<div class=\"button_cont\" align=\"center\">\n<div class=\"button_cont\" align=\"center\">\n<div class=\"button_cont\" align=\"center\"><a class=\"gv_product_btn\" href=\"https:\/\/jonglezpublishing.com\/wp-content\/uploads\/2023\/04\/Couverture_ALL.jpg\" target=\"_blank\" rel=\"noopener\">Cover herunterladen<\/a><\/div>\n<div class=\"button_cont\" align=\"center\"><a class=\"gv_product_btn\" href=\"https:\/\/jonglezpublishing.com\/wp-content\/uploads\/2023\/04\/Preview-Verlassene_ALL.pdf\" target=\"_blank\" rel=\"noopener\">Leseprobe<\/a><\/div>\n<div class=\"button_cont\" align=\"center\"><a class=\"gv_product_btn\" href=\"https:\/\/www.amazon.co.uk\/Verlassene-USA-Jonglez-Photo-Books\/dp\/236195527X\/ref=sr_1_1?keywords=VERLASSENE+USA&amp;qid=1680396989&amp;sr=8-1\" target=\"_blank\" rel=\"noopener\">Online kaufen<\/a><\/div>\n<\/div>\n<\/div>\n<\/div>\n<\/div>\n","protected":false},"excerpt":{"rendered":"<p>Ruinen vergangener Epochen haben die Menschheit schon immer fasziniert. Der Wunsch, unsere Vergangenheit besser zu verstehen, veranlasst Arch\u00e4ologen, K\u00fcnstler und<\/p>\n","protected":false},"featured_media":10982,"template":"","meta":[],"product_brand":[],"product_cat":[481,174,391],"product_tag":[],"class_list":{"0":"post-10981","1":"product","2":"type-product","3":"status-publish","4":"has-post-thumbnail","6":"product_cat-bildbaende","7":"product_cat-english-de","8":"product_cat-french-de","10":"first","11":"instock","12":"shipping-taxable","13":"product-type-simple"},"aioseo_notices":[],"_links":{"self":[{"href":"https:\/\/jonglezpublishing.com\/de\/wp-json\/wp\/v2\/product\/10981","targetHints":{"allow":["GET"]}}],"collection":[{"href":"https:\/\/jonglezpublishing.com\/de\/wp-json\/wp\/v2\/product"}],"about":[{"href":"https:\/\/jonglezpublishing.com\/de\/wp-json\/wp\/v2\/types\/product"}],"wp:featuredmedia":[{"embeddable":true,"href":"https:\/\/jonglezpublishing.com\/de\/wp-json\/wp\/v2\/media\/10982"}],"wp:attachment":[{"href":"https:\/\/jonglezpublishing.com\/de\/wp-json\/wp\/v2\/media?parent=10981"}],"wp:term":[{"taxonomy":"product_brand","embeddable":true,"href":"https:\/\/jonglezpublishing.com\/de\/wp-json\/wp\/v2\/product_brand?post=10981"},{"taxonomy":"product_cat","embeddable":true,"href":"https:\/\/jonglezpublishing.com\/de\/wp-json\/wp\/v2\/product_cat?post=10981"},{"taxonomy":"product_tag","embeddable":true,"href":"https:\/\/jonglezpublishing.com\/de\/wp-json\/wp\/v2\/product_tag?post=10981"}],"curies":[{"name":"wp","href":"https:\/\/api.w.org\/{rel}","templated":true}]}}