{"id":11009,"date":"2019-03-04T16:20:40","date_gmt":"2023-04-06T10:19:54","guid":{"rendered":"https:\/\/jonglezpublishing.com\/?post_type=product&#038;p=11009"},"modified":"2023-04-06T13:19:56","modified_gmt":"2023-04-06T10:19:56","slug":"verborgenes-granada","status":"publish","type":"product","link":"https:\/\/jonglezpublishing.com\/de\/produkt\/verborgenes-granada\/","title":{"rendered":"VERBORGENES GRANADA"},"content":{"rendered":"<p>Ein Nachbau des r\u00f6mischen Pantheons, in dem japanische Hochzeitsfeierlichkeiten stattfinden, die Symbolik der Kabbala in der Alhambra, ein au\u00dfergew\u00f6hnliches Naturkundemuseum aus dem 19. Jahrhundert, die geheime Bibliothek, eine kuriose Uhr, die den Geburtstag des Propheten Mohammed anzeigt, eine Meisterschaft im Wasserschachspiel, eine erotische Kapelle, das r\u00e4tselhafte F\u00fcnfte Evangelium von Sacromonte und ein unterirdischer Fluss, der mitten durch das Zentrum der Stadt flie\u00dft &#8230;<\/p>\n<p>Fernab von Massentourismus und abgenutzten Klischees birgt Granada auch heute noch verborgene Sch\u00e4tze, die sich nur jenen Stadtbewohnern und Reisenden erschlie\u00dfen, die bereit sind, die altbekannten Pfade zu verlassen.<\/p>\n<p>Ein unentbehrlicher Reisef\u00fchrer f\u00fcr alle, die Granada gut zu kennen glauben oder eine andere Seite dieser faszinierenden Stadt entdecken wollen.<\/p>\n<p><b>AUTOREN\u00a0<\/b>: C\u00c9SAR REQUESENS<br \/>\n<b>SEITEN\u00a0<\/b>: 208<br \/>\n<b>FORMAT\u00a0<\/b>: 10.5 x 19 cm<br \/>\n<b>ISBN\u00a0<\/b>: 978-2-36195-620-2<br \/>\n<b>PREIS\u00a0<\/b>: 18,95 \u20ac [D] &#8211; 19,95 \u20ac [A]<br \/>\n<b>KONTAKT\u00a0<\/b>:\u00a0<a href=\"mailto:info@jonglezverlag.com\">info@jonglezverlag.com<\/a><\/p>\n<div class=\"buttons_cont\">\n<div class=\"button_cont\" align=\"center\"><a class=\"gv_product_btn\" href=\"https:\/\/jonglezpublishing.com\/wp-content\/uploads\/2023\/04\/Couv-Granada_ALL.jpg\" target=\"_blank\" rel=\"noopener\">Cover herunterladen<\/a><\/div>\n<div class=\"button_cont\" align=\"center\"><a class=\"gv_product_btn\" href=\"https:\/\/jonglezpublishing.com\/wp-content\/uploads\/2023\/04\/PREVIEW-Grenade_ALL.pdf\" target=\"_blank\" rel=\"noopener\">Leseprobe<\/a><\/div>\n<div class=\"button_cont\" align=\"center\"><a class=\"gv_product_btn\" href=\"https:\/\/www.thalia.de\/shop\/home\/artikeldetails\/A1064955364\" target=\"_blank\" rel=\"noopener\">Online kaufen<\/a><\/div>\n<\/div>\n","protected":false},"excerpt":{"rendered":"<p>Ein Nachbau des r\u00f6mischen Pantheons, in dem japanische Hochzeitsfeierlichkeiten stattfinden, die Symbolik der Kabbala in der Alhambra, ein au\u00dfergew\u00f6hnliches Naturkundemuseum<\/p>\n","protected":false},"featured_media":11011,"template":"","meta":[],"product_brand":[],"product_cat":[421,174,391,393],"product_tag":[176,177,179,181,182],"class_list":{"0":"post-11009","1":"product","2":"type-product","3":"status-publish","4":"has-post-thumbnail","6":"product_cat-verborgenes-reisefuehrer","7":"product_cat-english-de","8":"product_cat-french-de","9":"product_cat-spanish-de","10":"product_tag-jonglez-de","11":"product_tag-jonglez-publishing-de","12":"product_tag-secret-guides-de","13":"product_tag-secret-travel-guides-de","14":"product_tag-travel-guides-de","16":"first","17":"instock","18":"shipping-taxable","19":"product-type-simple"},"aioseo_notices":[],"_links":{"self":[{"href":"https:\/\/jonglezpublishing.com\/de\/wp-json\/wp\/v2\/product\/11009","targetHints":{"allow":["GET"]}}],"collection":[{"href":"https:\/\/jonglezpublishing.com\/de\/wp-json\/wp\/v2\/product"}],"about":[{"href":"https:\/\/jonglezpublishing.com\/de\/wp-json\/wp\/v2\/types\/product"}],"wp:featuredmedia":[{"embeddable":true,"href":"https:\/\/jonglezpublishing.com\/de\/wp-json\/wp\/v2\/media\/11011"}],"wp:attachment":[{"href":"https:\/\/jonglezpublishing.com\/de\/wp-json\/wp\/v2\/media?parent=11009"}],"wp:term":[{"taxonomy":"product_brand","embeddable":true,"href":"https:\/\/jonglezpublishing.com\/de\/wp-json\/wp\/v2\/product_brand?post=11009"},{"taxonomy":"product_cat","embeddable":true,"href":"https:\/\/jonglezpublishing.com\/de\/wp-json\/wp\/v2\/product_cat?post=11009"},{"taxonomy":"product_tag","embeddable":true,"href":"https:\/\/jonglezpublishing.com\/de\/wp-json\/wp\/v2\/product_tag?post=11009"}],"curies":[{"name":"wp","href":"https:\/\/api.w.org\/{rel}","templated":true}]}}