{"id":11072,"date":"2023-05-03T16:08:39","date_gmt":"2023-05-03T13:08:40","guid":{"rendered":"https:\/\/jonglezpublishing.com\/?post_type=product&#038;p=11072"},"modified":"2023-05-24T17:51:07","modified_gmt":"2023-05-24T14:51:07","slug":"soul-of-berlin-30-einzigartige-erlebnisse-copy","status":"publish","type":"product","link":"https:\/\/jonglezpublishing.com\/de\/produkt\/soul-of-berlin-30-einzigartige-erlebnisse-copy\/","title":{"rendered":"SOUL OF AMSTERDAM &#8211; 30 EINZIGARTIGE ERLEBNISSE"},"content":{"rendered":"<p>Ein Spaziergang durch die Gemeinschaftsg\u00e4rten im Westerpark, die beste Appeltaart im Jordaan, eine \u00dcbernachtung mitten in einer Gracht, eine kleine Verschnaufpause in einem braunen Caf\u00e9, schmackhaftes Craftbeer im Schatten einer M\u00fchle, Kopfsprung ins k\u00fchle Nass der Amstel, Gaumenfreuden in den besten Restaurants der Stadt oder nachhaltig dort schlafen, wo einst Ozeanriesen ablegten &#8230;<\/p>\n<p>\u201eSoul of \u201c steht f\u00fcr die neue Kunst des Reisens mit spontanen Streifz\u00fcgen, zuf\u00e4lligen Begegnungen, unvergesslichen Erlebnissen. Die neuen Reisef\u00fchrer f\u00fcr alle, die die geheimen T\u00fcren einer Stadt aufsto\u00dfen und sich auf die Suche nach ihrem Herzschlag bis in die hintersten Ecken begeben wollen, um zu ihrer Seele vorzudringen.<\/p>\n<p>&nbsp;<\/p>\n<p style=\"text-align: center;\"><strong>AMSTERDAM<\/strong><\/p>\n<p style=\"text-align: center;\">WIR HABEN 1.000 ORTE GETESTET.<\/p>\n<p style=\"text-align: center;\"><strong>30 DAVON HABEN ES IN UNSERE AUSWAHL<\/strong><\/p>\n<p style=\"text-align: center;\"><strong>GESCHAFFT.<\/strong><\/p>\n<p class=\"p1\"><span class=\"s1\"><b>Autor<\/b>: BENOIT ZANTE<\/span><span class=\"s1\"><br \/>\n<\/span><span class=\"s1\"><b>ISBN<\/b>: 978-2-36195-476-5<\/span><br \/>\n<span class=\"s1\"><b>Preis<\/b>: 1 4 , 9 5 \u20ac [ D ] &#8211; 1 5 , 9 5 \u20ac [ A ]<br \/>\n<b>Seiten<\/b>: 128<br \/>\n<\/span><span class=\"s1\"><b>Kontakt<\/b>: <a href=\"mailto:info@jonglezverlag.com\"><span class=\"s2\">info@jonglezverlag.com<\/span><\/a>\u00a0<\/span><\/p>\n<p>&nbsp;<\/p>\n<div class=\"buttons_cont\">\n<div class=\"button_cont\" align=\"center\"><a class=\"gv_product_btn\" href=\"https:\/\/jonglezpublishing.com\/wp-content\/uploads\/2023\/05\/Couverture-ALL-1.jpg\" target=\"_blank\" rel=\"noopener\">Cover herunterlaen<\/a><\/div>\n<div class=\"button_cont\" align=\"center\"><a class=\"gv_product_btn\" href=\"https:\/\/jonglezpublishing.com\/wp-content\/uploads\/2023\/05\/PREVIEW-SO-Amsterdam_ALL-1.pdf\" target=\"_blank\" rel=\"noopener\">Leseprob<\/a><\/div>\n<div class=\"button_cont\" align=\"center\"><a class=\"gv_product_btn\" href=\"https:\/\/www.thalia.de\/shop\/home\/artikeldetails\/A1058573923\" target=\"_blank\" rel=\"noopener\">Online aufen<br \/>\n<\/a><\/div>\n<\/div>\n","protected":false},"excerpt":{"rendered":"<p>Ein Spaziergang durch die Gemeinschaftsg\u00e4rten im Westerpark, die beste Appeltaart im Jordaan, eine \u00dcbernachtung mitten in einer Gracht, eine kleine<\/p>\n","protected":false},"featured_media":11140,"template":"","meta":[],"product_brand":[],"product_cat":[517,174,391,400,392,393],"product_tag":[],"class_list":{"0":"post-11072","1":"product","2":"type-product","3":"status-publish","4":"has-post-thumbnail","6":"product_cat-soul-of-reihe","7":"product_cat-english-de","8":"product_cat-french-de","9":"product_cat-german-de","10":"product_cat-italian-de","11":"product_cat-spanish-de","13":"first","14":"instock","15":"shipping-taxable","16":"product-type-simple"},"aioseo_notices":[],"_links":{"self":[{"href":"https:\/\/jonglezpublishing.com\/de\/wp-json\/wp\/v2\/product\/11072","targetHints":{"allow":["GET"]}}],"collection":[{"href":"https:\/\/jonglezpublishing.com\/de\/wp-json\/wp\/v2\/product"}],"about":[{"href":"https:\/\/jonglezpublishing.com\/de\/wp-json\/wp\/v2\/types\/product"}],"wp:featuredmedia":[{"embeddable":true,"href":"https:\/\/jonglezpublishing.com\/de\/wp-json\/wp\/v2\/media\/11140"}],"wp:attachment":[{"href":"https:\/\/jonglezpublishing.com\/de\/wp-json\/wp\/v2\/media?parent=11072"}],"wp:term":[{"taxonomy":"product_brand","embeddable":true,"href":"https:\/\/jonglezpublishing.com\/de\/wp-json\/wp\/v2\/product_brand?post=11072"},{"taxonomy":"product_cat","embeddable":true,"href":"https:\/\/jonglezpublishing.com\/de\/wp-json\/wp\/v2\/product_cat?post=11072"},{"taxonomy":"product_tag","embeddable":true,"href":"https:\/\/jonglezpublishing.com\/de\/wp-json\/wp\/v2\/product_tag?post=11072"}],"curies":[{"name":"wp","href":"https:\/\/api.w.org\/{rel}","templated":true}]}}