{"id":11106,"date":"2022-02-02T08:57:10","date_gmt":"2023-05-09T15:10:34","guid":{"rendered":"https:\/\/jonglezpublishing.com\/?post_type=product&#038;p=11106"},"modified":"2023-05-09T18:18:29","modified_gmt":"2023-05-09T15:18:29","slug":"verborgenes-los-angeles","status":"publish","type":"product","link":"https:\/\/jonglezpublishing.com\/de\/produkt\/verborgenes-los-angeles\/","title":{"rendered":"VERBORGENES LOS ANGELES"},"content":{"rendered":"<p>Freilaufende Bisons, das wahre Ende der Route 66, eine Milit\u00e4rbasis aus dem Kalten Krieg, die Statue eines japanischen \u201eGerechten unter den V\u00f6lkern\u201c, die Original- Batmanh\u00f6hle, ein verlassenes Nazicamp, gut getarnte \u00d6lplattformen in der Stadt, das l\u00e4ngste St\u00fcck der Berliner Mauer au\u00dferhalb Deutschlands \u2013 die Riesenstadt Los Angeles bietet au\u00dfergew\u00f6hnliche und verborgene Sch\u00e4tze in H\u00fclle und F\u00fclle.<\/p>\n<p>Auf der einen Seite der Betondschungel, auf der anderen die allgegenw\u00e4rtige Natur \u2013 L.A. ist weit mehr als eine glamour\u00f6se Fassade voller Stars, Str\u00e4nde und Vergn\u00fcgungsparks.<\/p>\n<p>Dieser Reisef\u00fchrer richtet sich sowohl an Touristen als auch an Einheimische, die die Stadt von Grund auf erkunden m\u00f6chten. Er will mit den verzerrenden Klischees einer Megacity aufr\u00e4umen, die man oft nur oberfl\u00e4chlich besichtigt oder gar geringsch\u00e4tzt, und kann auch als Liebeserkl\u00e4rung an die Stadt der Engel gelesen werden.<\/p>\n<p><b>AUTOREN\u00a0<\/b>: F\u00c9LICIEN CASSAN UND DARROW CARSON<br \/>\n<b>SEITEN\u00a0<\/b>: 240<br \/>\n<b>FORMAT\u00a0<\/b>: 10.5 x 19 cm<br \/>\n<b>ISBN\u00a0<\/b>: 978-2-36195-621-9<br \/>\n<b>PREIS\u00a0<\/b>: 18,95 \u20ac [D] \u2013 19,95 \u20ac [A] \u2013 US$ 19.95<br \/>\n<b>KONTAKT\u00a0<\/b>:\u00a0<a href=\"mailto:info@jonglezverlag.com\">info@jonglezverlag.com<\/a><\/p>\n<div class=\"buttons_cont\">\n<div class=\"button_cont\" align=\"center\"><a class=\"gv_product_btn\" href=\"https:\/\/jonglezpublishing.com\/wp-content\/uploads\/2023\/05\/Couv_LA_ALL.jpg\" target=\"_blank\" rel=\"noopener\">Cover herunterladen<\/a><\/div>\n<div class=\"button_cont\" align=\"center\"><a class=\"gv_product_btn\" href=\"https:\/\/jonglezpublishing.com\/wp-content\/uploads\/2023\/05\/PREVIEW-LA_ALL.pdf\" target=\"_blank\" rel=\"noopener\">Leseprobe<\/a><\/div>\n<div class=\"button_cont\" align=\"center\"><a class=\"gv_product_btn\" href=\"https:\/\/www.thalia.de\/shop\/home\/artikeldetails\/A1066800393\" target=\"_blank\" rel=\"noopener\">Online kaufen<\/a><\/div>\n<\/div>\n<div class=\"buttons_cont\"><\/div>\n","protected":false},"excerpt":{"rendered":"<p>Freilaufende Bisons, das wahre Ende der Route 66, eine Milit\u00e4rbasis aus dem Kalten Krieg, die Statue eines japanischen \u201eGerechten unter<\/p>\n","protected":false},"featured_media":11113,"template":"","meta":[],"product_brand":[],"product_cat":[421,174,391,393],"product_tag":[],"class_list":{"0":"post-11106","1":"product","2":"type-product","3":"status-publish","4":"has-post-thumbnail","6":"product_cat-verborgenes-reisefuehrer","7":"product_cat-english-de","8":"product_cat-french-de","9":"product_cat-spanish-de","11":"first","12":"instock","13":"shipping-taxable","14":"product-type-simple"},"aioseo_notices":[],"_links":{"self":[{"href":"https:\/\/jonglezpublishing.com\/de\/wp-json\/wp\/v2\/product\/11106","targetHints":{"allow":["GET"]}}],"collection":[{"href":"https:\/\/jonglezpublishing.com\/de\/wp-json\/wp\/v2\/product"}],"about":[{"href":"https:\/\/jonglezpublishing.com\/de\/wp-json\/wp\/v2\/types\/product"}],"wp:featuredmedia":[{"embeddable":true,"href":"https:\/\/jonglezpublishing.com\/de\/wp-json\/wp\/v2\/media\/11113"}],"wp:attachment":[{"href":"https:\/\/jonglezpublishing.com\/de\/wp-json\/wp\/v2\/media?parent=11106"}],"wp:term":[{"taxonomy":"product_brand","embeddable":true,"href":"https:\/\/jonglezpublishing.com\/de\/wp-json\/wp\/v2\/product_brand?post=11106"},{"taxonomy":"product_cat","embeddable":true,"href":"https:\/\/jonglezpublishing.com\/de\/wp-json\/wp\/v2\/product_cat?post=11106"},{"taxonomy":"product_tag","embeddable":true,"href":"https:\/\/jonglezpublishing.com\/de\/wp-json\/wp\/v2\/product_tag?post=11106"}],"curies":[{"name":"wp","href":"https:\/\/api.w.org\/{rel}","templated":true}]}}