{"id":11213,"date":"2019-03-01T15:09:24","date_gmt":"2023-06-11T05:03:40","guid":{"rendered":"https:\/\/jonglezpublishing.com\/?post_type=product&#038;p=11213"},"modified":"2023-12-19T18:09:58","modified_gmt":"2023-12-19T16:09:58","slug":"verborgenes-edinburgh","status":"publish","type":"product","link":"https:\/\/jonglezpublishing.com\/de\/produkt\/verborgenes-edinburgh\/","title":{"rendered":"VERBORGENES EDINBURGH"},"content":{"rendered":"<p>In einen Bunker aus dem Kalten Krieg hinabsteigen, Guerilla- Mosaike zusammensetzen, die prachtvollsten Grotten entdecken, vor dem h\u00f6lzernen Roboterherrscher niederknien, Hunde aufsp\u00fcren, die bezaubernder sind als der ber\u00fchmte Greyfriars Bobby, eine Auflistung von Liebesdamen aus dem 17. Jahrhundert studieren, eine Wasserfolter im Prototyp eines Whirlpools genie\u00dfen, in den Wilden Westen von Morningside reisen, versteckte G\u00e4rten und verborgene Kunstwerke entdecken, die nicht einmal die umliegende Nachbarschaft kennt!<\/p>\n<p>Sie dachten vielleicht, dass Edinburgh abseits von den \u00fcblichen Touristenfallen und \u00fcberf\u00fcllten Sehensw\u00fcrdigkeiten nichts mehr zu enth\u00fcllen hat, doch die Stadt birgt viele Sch\u00e4tze an ganz unerwarteten Orten.<\/p>\n<p>Ein unentbehrlicher Reisef\u00fchrer f\u00fcr zuhause und unterwegs \u2013 f\u00fcr alle, die Edinburgh gut zu kennen glauben und die Kuriosit\u00e4ten dieser zutiefst geheimnisvollen Stadt erkunden m\u00f6chten.<\/p>\n<p>\u201eWenn Sie Edinburgh zu kennen glauben, wird dieses Buch Sie eines Besseren belehren. Jede Seite ist ein Genuss\u201c (Val McDermid \u2013 schottischer Krimi-Bestsellerautor)<\/p>\n<p>\u201eVerdammt, ich liebe dieses Buch\u201c (Gerry Farrell, Edinburgh Evening News\/Gerry Farrell Ink)<\/p>\n<p>&nbsp;<\/p>\n<p><b>AUTOR<\/b>: HANNAH ROBINSON<br \/>\n<b>SEITEN<\/b>: 320<br \/>\n<b>FORMAT<\/b>: 10.5 x 19 cm<br \/>\n<b>ISBN<\/b>: 978-2-36195-646-2<br \/>\n<b>PREIS<\/b>: 18,95 \u20ac [D] &#8211; 19,95 \u20ac [A]<br \/>\n<b>KONTAKT<\/b>:\u00a0<a href=\"mailto:info@jonglezverlag.com\">info@jonglezverlag.com<\/a><\/p>\n<div class=\"buttons_cont\">\n<div class=\"button_cont\" align=\"center\"><a class=\"gv_product_btn\" href=\"https:\/\/jonglezpublishing.com\/wp-content\/uploads\/2023\/06\/couv_edinbourg_ALL2023-scaled.jpg\" target=\"_blank\" rel=\"noopener\">Cover herunterladen<\/a><\/div>\n<div class=\"button_cont\" align=\"center\"><a class=\"gv_product_btn\" href=\"https:\/\/jonglezpublishing.com\/wp-content\/uploads\/2023\/06\/PREVIEW_Edinburgh_ALL.pdf\" target=\"_blank\" rel=\"noopener\">Leseprobe<\/a><\/div>\n<div class=\"button_cont\" align=\"center\">\n<div class=\"button_cont\" align=\"center\"><a class=\"gv_product_btn\" href=\"https:\/\/www.thalia.de\/shop\/home\/artikeldetails\/A1066799815\" target=\"_blank\" rel=\"noopener\">Online kaufen<\/a><\/div>\n<div class=\"button_cont\" align=\"center\"><a class=\"gv_product_btn\" href=\"https:\/\/www.das-landkartenhaus.de\/Verborgenes-Edinburgh-Reisefuehrer-Jonglez\" target=\"_blank\" rel=\"noopener\">Online kaufen<\/a><\/div>\n<div class=\"button_cont\" align=\"center\"><\/div>\n<\/div>\n<\/div>\n","protected":false},"excerpt":{"rendered":"<p>In einen Bunker aus dem Kalten Krieg hinabsteigen, Guerilla- Mosaike zusammensetzen, die prachtvollsten Grotten entdecken, vor dem h\u00f6lzernen Roboterherrscher niederknien,<\/p>\n","protected":false},"featured_media":11219,"template":"","meta":[],"product_brand":[],"product_cat":[421,174],"product_tag":[176,177,179,181,182],"class_list":{"0":"post-11213","1":"product","2":"type-product","3":"status-publish","4":"has-post-thumbnail","6":"product_cat-verborgenes-reisefuehrer","7":"product_cat-english-de","8":"product_tag-jonglez-de","9":"product_tag-jonglez-publishing-de","10":"product_tag-secret-guides-de","11":"product_tag-secret-travel-guides-de","12":"product_tag-travel-guides-de","14":"first","15":"instock","16":"shipping-taxable","17":"product-type-simple"},"aioseo_notices":[],"_links":{"self":[{"href":"https:\/\/jonglezpublishing.com\/de\/wp-json\/wp\/v2\/product\/11213","targetHints":{"allow":["GET"]}}],"collection":[{"href":"https:\/\/jonglezpublishing.com\/de\/wp-json\/wp\/v2\/product"}],"about":[{"href":"https:\/\/jonglezpublishing.com\/de\/wp-json\/wp\/v2\/types\/product"}],"wp:featuredmedia":[{"embeddable":true,"href":"https:\/\/jonglezpublishing.com\/de\/wp-json\/wp\/v2\/media\/11219"}],"wp:attachment":[{"href":"https:\/\/jonglezpublishing.com\/de\/wp-json\/wp\/v2\/media?parent=11213"}],"wp:term":[{"taxonomy":"product_brand","embeddable":true,"href":"https:\/\/jonglezpublishing.com\/de\/wp-json\/wp\/v2\/product_brand?post=11213"},{"taxonomy":"product_cat","embeddable":true,"href":"https:\/\/jonglezpublishing.com\/de\/wp-json\/wp\/v2\/product_cat?post=11213"},{"taxonomy":"product_tag","embeddable":true,"href":"https:\/\/jonglezpublishing.com\/de\/wp-json\/wp\/v2\/product_tag?post=11213"}],"curies":[{"name":"wp","href":"https:\/\/api.w.org\/{rel}","templated":true}]}}