{"id":11281,"date":"2019-03-04T13:37:53","date_gmt":"2023-07-05T15:17:40","guid":{"rendered":"https:\/\/jonglezpublishing.com\/?post_type=product&#038;p=11281"},"modified":"2023-07-05T18:17:41","modified_gmt":"2023-07-05T15:17:41","slug":"verborgenes-neapel","status":"publish","type":"product","link":"https:\/\/jonglezpublishing.com\/de\/produkt\/verborgenes-neapel\/","title":{"rendered":"VERBORGENES NEAPEL"},"content":{"rendered":"<p>Die \u00dcberreste eines r\u00f6mischen Aqu\u00e4dukts in einem unterirdischen Gew\u00f6lbe, ein seltenes und spektakul\u00e4res Beispiel eines Jagdhauses aus dem 18. Jahrhundert inmitten der Stadt, das kleinste \u201eDruckereimuseum\u201c der Welt, die geheimen Best\u00e4nde des Arch\u00e4ologischen Nationalmuseums, der Ofen, in dem die erste Pizza Margherita in Capodimonte gebacken wurde, ein Sch\u00e4del \u201emit Ohren\u201c, eine H\u00f6hle, in der Metalle geschmolzen werden, ein sprichw\u00f6rtlicher Stab, von dem man besser nichts abbrechen sollte, der gr\u00f6\u00dfte soziale Stadtgarten taliens, ein mit herrlichen Fresken verzierter Privatsalon, eine M\u00f6nchsgemeinschaft, die seit 1976 in alten\u00a0 Eisenbahnwaggons lebt, seltene und wertvolle Privatsammlungen, ein griechischer Turm in einem Theater, eine \u00e4u\u00dferst ungew\u00f6hnliche Sonnenuhr in einer Kirche, eine Palasttreppe ganz aus Tuffstein, eine Flo\u00dffahrt 20 Meter unter der Stadt &#8230;<\/p>\n<p>Fernab von den Menschenmassen und \u00fcblichen Sehensw\u00fcrdigkeiten bietet Neapel verborgene, auch den Einheimischen oftmals unbekannte Sch\u00e4tze, die sich nur den Besuchern offenbaren, die gerne abseits der gew\u00f6hnlichen Wege wandeln. Ein Reisef\u00fchrer f\u00fcr all jene, die glaubten, Neapel gut zu kennen, oder einfach f\u00fcr alle, die die geheime Seele dieser Stadt entdecken wollen.<\/p>\n<p>\u201eDer gro\u00dfe Wert des Reisef\u00fchrers Verborgenes Neapel ist, dass er uns Seiten der Stadt zeigt, die direkt vor unserer Nase liegen, die wir aber nicht sehen.\u201c Eleonora Puntillo, Corriere del Mezzogiorno, Corriere della Sera<\/p>\n<p>\u201eAlles, was Sie \u00fcber Neapel wissen m\u00f6chten und was es zu sehen gibt.\u201c Ugo Cundari, Il Mattino<\/p>\n<p>\u201eGeister, Hexen, Beinh\u00e4user, Statuen und Mumien: Streifz\u00fcge durch die Metropole fernab aller Klischees.\u201c Gianni Valentino, La Repubblica, Napoli<\/p>\n<p>&nbsp;<\/p>\n<p><b>AUTOR<\/b>: VALERIO CEVA GRIMALDI UND MARIA FRANCHINI<br \/>\n<b>SEITEN<\/b>: 432<br \/>\n<b>FORMAT<\/b>: 10.5 x 19 cm<br \/>\n<b>ISBN<\/b>: 978-2-36195-655-4<br \/>\n<b>PREIS<\/b>: 19,95 \u20ac [D] &#8211; 20,95 \u20ac [A]<br \/>\n<b>KONTAKT<\/b>:\u00a0<a href=\"mailto:info@jonglezverlag.com\">info@jonglezverlag.com<\/a><\/p>\n<div class=\"buttons_cont\">\n<div class=\"button_cont\" align=\"center\"><a class=\"gv_product_btn\" href=\"https:\/\/jonglezpublishing.com\/wp-content\/uploads\/2023\/07\/FrontCover-NAPOLI_ALL_2023-scaled.jpg\" target=\"_blank\" rel=\"noopener\">Cover herunterladen<\/a><\/div>\n<div class=\"button_cont\" align=\"center\"><a class=\"gv_product_btn\" href=\"https:\/\/jonglezpublishing.com\/wp-content\/uploads\/2023\/07\/Preview-Napoli_ALL.pdf\" target=\"_blank\" rel=\"noopener\">Leseprobe<\/a><\/div>\n<div class=\"button_cont\" align=\"center\"><a class=\"gv_product_btn\" href=\"https:\/\/www.thalia.de\/shop\/home\/artikeldetails\/A1066800432\" target=\"_blank\" rel=\"noopener\">Online kaufen<\/a><\/div>\n<\/div>\n","protected":false},"excerpt":{"rendered":"<p>Die \u00dcberreste eines r\u00f6mischen Aqu\u00e4dukts in einem unterirdischen Gew\u00f6lbe, ein seltenes und spektakul\u00e4res Beispiel eines Jagdhauses aus dem 18. Jahrhundert<\/p>\n","protected":false},"featured_media":11282,"template":"","meta":[],"product_brand":[],"product_cat":[421,174,391,392],"product_tag":[176,177,179,181,182,395,541],"class_list":{"0":"post-11281","1":"product","2":"type-product","3":"status-publish","4":"has-post-thumbnail","6":"product_cat-verborgenes-reisefuehrer","7":"product_cat-english-de","8":"product_cat-french-de","9":"product_cat-italian-de","10":"product_tag-jonglez-de","11":"product_tag-jonglez-publishing-de","12":"product_tag-secret-guides-de","13":"product_tag-secret-travel-guides-de","14":"product_tag-travel-guides-de","15":"product_tag-verborgenes-florenz","16":"product_tag-verborgenes-mailand","18":"first","19":"instock","20":"shipping-taxable","21":"product-type-simple"},"aioseo_notices":[],"_links":{"self":[{"href":"https:\/\/jonglezpublishing.com\/de\/wp-json\/wp\/v2\/product\/11281","targetHints":{"allow":["GET"]}}],"collection":[{"href":"https:\/\/jonglezpublishing.com\/de\/wp-json\/wp\/v2\/product"}],"about":[{"href":"https:\/\/jonglezpublishing.com\/de\/wp-json\/wp\/v2\/types\/product"}],"wp:featuredmedia":[{"embeddable":true,"href":"https:\/\/jonglezpublishing.com\/de\/wp-json\/wp\/v2\/media\/11282"}],"wp:attachment":[{"href":"https:\/\/jonglezpublishing.com\/de\/wp-json\/wp\/v2\/media?parent=11281"}],"wp:term":[{"taxonomy":"product_brand","embeddable":true,"href":"https:\/\/jonglezpublishing.com\/de\/wp-json\/wp\/v2\/product_brand?post=11281"},{"taxonomy":"product_cat","embeddable":true,"href":"https:\/\/jonglezpublishing.com\/de\/wp-json\/wp\/v2\/product_cat?post=11281"},{"taxonomy":"product_tag","embeddable":true,"href":"https:\/\/jonglezpublishing.com\/de\/wp-json\/wp\/v2\/product_tag?post=11281"}],"curies":[{"name":"wp","href":"https:\/\/api.w.org\/{rel}","templated":true}]}}