{"id":11644,"date":"2019-10-14T09:40:36","date_gmt":"2023-09-25T15:06:54","guid":{"rendered":"https:\/\/jonglezpublishing.com\/?post_type=product&#038;p=11644"},"modified":"2023-09-26T12:32:46","modified_gmt":"2023-09-26T09:32:46","slug":"baikonur-relikte-des-sowjetischen-weltraumprogramms","status":"publish","type":"product","link":"https:\/\/jonglezpublishing.com\/de\/produkt\/baikonur-relikte-des-sowjetischen-weltraumprogramms\/","title":{"rendered":"BAIKONUR &#8211; RELIKTE DES SOWJETISCHEN WELTRAUM PROGRAMMS"},"content":{"rendered":"<p style=\"text-align: center;\"><strong>&#8222;Die Erde ist die Wiege der Menschheit,\u00a0 <\/strong><strong>aber der Mensch kann nicht ewig in der Wiege bleiben.\u201c <\/strong><\/p>\n<p style=\"text-align: center;\"><strong>\u2013 Konstantin Ziolkowski<\/strong><\/p>\n<p>Der Weltraumbahnhof von Baikonur im heutigen Kasachstan wurde in den 1950er-Jahren von der Sowjetunion gegr\u00fcndet. Von Baikonur aus startete 1988 die erste sowjetische Raumf\u00e4hre namens Buran als Antwort auf das US-amerikanische Space Shuttle. Das Buran-Raumfahrtprogramm wurde unter Boris Jelzin 1993 offiziell eingestellt. Der Start im Jahr 1988 sollte ihr einziger Einsatz bleiben. Teile der Anlagen des Kosmodroms Baikonur, vor allem die Anlagen in Verbindung mit dem sowjetischen Raumfahrtprogramm, wurden in der Folge aufgegeben. Die beiden auf dem Gel\u00e4nde gebauten Buran Orbiter fanden dort in einzigartigem Ambiente ihre letzte Ruhest\u00e4tte. Der vorliegende Bildband zeigt nun erstmals in einer Sammlung Aufnahmen dieses au\u00dfergew\u00f6hnlichen Ortes. Nach einem n\u00e4chtlichen Fu\u00dfmarsch von 20 Kilometern durch die kasachische W\u00fcste gelangte der Fotograf Jonk unbemerkt in die alten Hangars. Er verbrachte dort drei Tage und N\u00e4chte, stets auf der Hut vor den milit\u00e4rischen Wachpatrouillen.<\/p>\n<p>Eine faszinierende Fotoreportage von einem Ort, der aktuell wohl der bedeutendste Urbex (Urban Exploration)-Spot der Welt ist.<\/p>\n<p>&nbsp;<\/p>\n<p><span class=\"s1\"><b><strong>AUTOR &amp; FOTOGRAF<\/strong>\u00a0:\u00a0<\/b>Jonk<\/span><br \/>\n<span class=\"s1\"><b>SEITEN\u00a0<\/b>: 192<br \/>\n<b>ISBN\u00a0<\/b>: 978-2-36195-540-3<\/span><br \/>\n<span class=\"s1\"><b>PREIS\u00a0<\/b>: 39,95 \u20ac [D] \u2013 40,95 \u20ac [A]<br \/>\n<strong>FORMAT :<\/strong>\u00a0297 mm x 210 mm<br \/>\n<\/span><span class=\"s1\"><b>KONTAKT\u00a0<\/b>:\u00a0<a href=\"mailto:info@jonglezverlag.com?subject=\"><span class=\"s2\">info@jonglezverlag.com<\/span><\/a><\/span><\/p>\n<p>&nbsp;<\/p>\n<div class=\"buttons_cont\">\n<div class=\"button_cont\" align=\"center\">\n<div class=\"button_cont\" align=\"center\">\n<div class=\"button_cont\" align=\"center\"><a class=\"gv_product_btn\" href=\"https:\/\/jonglezpublishing.com\/wp-content\/uploads\/2019\/10\/Couv_Bai\u2560ekonur_ALL-scaled.jpg\" target=\"_blank\" rel=\"noopener\">Cover herunterladen<\/a><\/div>\n<div class=\"button_cont\" align=\"center\"><a class=\"gv_product_btn\" href=\"https:\/\/jonglezpublishing.com\/wp-content\/uploads\/2023\/09\/Preview-Baikonur_ALL.pdf\" target=\"_blank\" rel=\"noopener\">Leseprobe<\/a><\/div>\n<div class=\"button_cont\" align=\"center\"><a class=\"gv_product_btn\" href=\"https:\/\/www.thalia.de\/shop\/home\/artikeldetails\/A1068478143\" target=\"_blank\" rel=\"noopener\">Online kaufen<\/a><\/div>\n<\/div>\n<\/div>\n<\/div>\n","protected":false},"excerpt":{"rendered":"<p>&#8222;Die Erde ist die Wiege der Menschheit,\u00a0 aber der Mensch kann nicht ewig in der Wiege bleiben.\u201c \u2013 Konstantin Ziolkowski<\/p>\n","protected":false},"featured_media":11647,"template":"","meta":[],"product_brand":[],"product_cat":[481,174,391],"product_tag":[],"class_list":{"0":"post-11644","1":"product","2":"type-product","3":"status-publish","4":"has-post-thumbnail","6":"product_cat-bildbaende","7":"product_cat-english-de","8":"product_cat-french-de","10":"first","11":"instock","12":"shipping-taxable","13":"product-type-simple"},"aioseo_notices":[],"_links":{"self":[{"href":"https:\/\/jonglezpublishing.com\/de\/wp-json\/wp\/v2\/product\/11644","targetHints":{"allow":["GET"]}}],"collection":[{"href":"https:\/\/jonglezpublishing.com\/de\/wp-json\/wp\/v2\/product"}],"about":[{"href":"https:\/\/jonglezpublishing.com\/de\/wp-json\/wp\/v2\/types\/product"}],"wp:featuredmedia":[{"embeddable":true,"href":"https:\/\/jonglezpublishing.com\/de\/wp-json\/wp\/v2\/media\/11647"}],"wp:attachment":[{"href":"https:\/\/jonglezpublishing.com\/de\/wp-json\/wp\/v2\/media?parent=11644"}],"wp:term":[{"taxonomy":"product_brand","embeddable":true,"href":"https:\/\/jonglezpublishing.com\/de\/wp-json\/wp\/v2\/product_brand?post=11644"},{"taxonomy":"product_cat","embeddable":true,"href":"https:\/\/jonglezpublishing.com\/de\/wp-json\/wp\/v2\/product_cat?post=11644"},{"taxonomy":"product_tag","embeddable":true,"href":"https:\/\/jonglezpublishing.com\/de\/wp-json\/wp\/v2\/product_tag?post=11644"}],"curies":[{"name":"wp","href":"https:\/\/api.w.org\/{rel}","templated":true}]}}