{"id":11718,"date":"2023-10-10T14:56:39","date_gmt":"2023-10-10T11:56:39","guid":{"rendered":"https:\/\/jonglezpublishing.com\/?post_type=product&#038;p=11718"},"modified":"2023-11-08T08:36:12","modified_gmt":"2023-11-08T06:36:12","slug":"atlas-der-geographischen-kuriositaten-copy","status":"publish","type":"product","link":"https:\/\/jonglezpublishing.com\/de\/produkt\/atlas-der-geographischen-kuriositaten-copy\/","title":{"rendered":"ATLAS DER WETTEREXTREME"},"content":{"rendered":"<p>Ein Ort in Sibirien, an dem die Temperaturen im Winter bis auf \u201370\ue018Grad sinken, eine indische Stadt, in der zw\u00f6lf Meter Regen pro Jahr fallen, eine isl\u00e4ndische Heidelandschaft, \u00fcber die ein best\u00e4ndiger Wind fegt, eine Bucht in Venezuela, in der unabl\u00e4ssig Blitze vom Himmel zucken, eine Stadt in Japan, die im Winter unter einer sieben Meter dicken Schneedecke verschwindet.<\/p>\n<p>Dieses Buch widmet sich Gegenden unseres Planeten, in denen uns das Klima wahrhaft extreme Schauspiele bietet. Eine Reise an rund 50 Orte, in denen Leben und Antlitz der Menschen von Wind, Orkanen, Gewittern, eisiger K\u00e4lte oder Sandst\u00fcrmen gepr\u00e4gt sind.<\/p>\n<p>&nbsp;<\/p>\n<div><strong>AUTOR;\u00a0<\/strong>LORENZO PINI<br \/>\n<b>SEITEN<\/b>: 160<br \/>\n<b>FORMAT<\/b>: 19 * 26 cm<br \/>\n<b>ISBN<\/b>: 978-2-36195-700-1<br \/>\n<b>PREIS<\/b>: 25,00 \u20ac [D] &#8211; 26,00 \u20ac [A]<br \/>\n<b>KONTAKT<\/b>:<a href=\"mailto:info@jonglezverlag.com\">\u00a0info@jonglezverlag.com<\/a><\/p>\n<div class=\"buttons_cont\">\n<div class=\"button_cont\" align=\"center\">\n<div class=\"button_cont\" align=\"center\"><a class=\"gv_product_btn\" href=\"https:\/\/jonglezpublishing.com\/wp-content\/uploads\/2023\/10\/Couv_Weather_ALL-scaled.jpg\" target=\"_blank\" rel=\"noopener\">Cover herunterladen<\/a><\/div>\n<div class=\"button_cont\" align=\"center\"><a class=\"gv_product_btn\" href=\"https:\/\/jonglezpublishing.com\/wp-content\/uploads\/2023\/11\/PREVIEW-ATLAS_WEATHER_ALL.pdf\" target=\"_blank\" rel=\"noopener\">Leseprobe<\/a><\/div>\n<div class=\"button_cont\" align=\"center\"><a class=\"gv_product_btn\" href=\"https:\/\/www.amazon.fr\/Atlas-Wetterextreme-Lorenzo-Pini\/dp\/2361957000\/ref=sr_1_1?__mk_fr_FR=%C3%85M%C3%85%C5%BD%C3%95%C3%91&amp;crid=39Z566EQ29PDQ&amp;keywords=atlas+der+wetter+extreme&amp;qid=1699425121&amp;sprefix=9782361956813%2Caps%2C1073&amp;sr=8-1\" target=\"_blank\" rel=\"noopener\">Online kaufen<\/a><\/div>\n<\/div>\n<\/div>\n<\/div>\n","protected":false},"excerpt":{"rendered":"<p>Ein Ort in Sibirien, an dem die Temperaturen im Winter bis auf \u201370\ue018Grad sinken, eine indische Stadt, in der zw\u00f6lf<\/p>\n","protected":false},"featured_media":11915,"template":"","meta":[],"product_brand":[],"product_cat":[575,174,391,392,393],"product_tag":[],"class_list":{"0":"post-11718","1":"product","2":"type-product","3":"status-publish","4":"has-post-thumbnail","6":"product_cat-atlas-der-kuriositaten","7":"product_cat-english-de","8":"product_cat-french-de","9":"product_cat-italian-de","10":"product_cat-spanish-de","12":"first","13":"instock","14":"shipping-taxable","15":"product-type-simple"},"aioseo_notices":[],"_links":{"self":[{"href":"https:\/\/jonglezpublishing.com\/de\/wp-json\/wp\/v2\/product\/11718","targetHints":{"allow":["GET"]}}],"collection":[{"href":"https:\/\/jonglezpublishing.com\/de\/wp-json\/wp\/v2\/product"}],"about":[{"href":"https:\/\/jonglezpublishing.com\/de\/wp-json\/wp\/v2\/types\/product"}],"wp:featuredmedia":[{"embeddable":true,"href":"https:\/\/jonglezpublishing.com\/de\/wp-json\/wp\/v2\/media\/11915"}],"wp:attachment":[{"href":"https:\/\/jonglezpublishing.com\/de\/wp-json\/wp\/v2\/media?parent=11718"}],"wp:term":[{"taxonomy":"product_brand","embeddable":true,"href":"https:\/\/jonglezpublishing.com\/de\/wp-json\/wp\/v2\/product_brand?post=11718"},{"taxonomy":"product_cat","embeddable":true,"href":"https:\/\/jonglezpublishing.com\/de\/wp-json\/wp\/v2\/product_cat?post=11718"},{"taxonomy":"product_tag","embeddable":true,"href":"https:\/\/jonglezpublishing.com\/de\/wp-json\/wp\/v2\/product_tag?post=11718"}],"curies":[{"name":"wp","href":"https:\/\/api.w.org\/{rel}","templated":true}]}}