{"id":11925,"date":"2020-03-17T17:15:01","date_gmt":"2023-11-08T07:48:14","guid":{"rendered":"https:\/\/jonglezpublishing.com\/?post_type=product&#038;p=11925"},"modified":"2023-11-08T09:48:20","modified_gmt":"2023-11-08T07:48:20","slug":"verlassene-kinos-der-welt","status":"publish","type":"product","link":"https:\/\/jonglezpublishing.com\/de\/produkt\/verlassene-kinos-der-welt\/","title":{"rendered":"VERLASSENE KINOS DER WELT"},"content":{"rendered":"<p>Der Schweizer Fotograf Simon Edelstein ist 12 Jahre kreuz und quer durch die Welt gereist und hat sich auf die Suche nach verlassenen Kinos begeben \u2013 unter anderem in den USA, Frankreich, Italien, Indien, Marokko und Kuba. Er besuchte St\u00e4dte und entlegene Orte in mehr als 30 L\u00e4ndern und entdeckte dabei zahlreiche vergessene Kinogeb\u00e4ude, deren Fassaden auch heute noch Spuren ihrer fr\u00fcheren Pracht aufweisen \u2013 selbst wenn der Zahn der Zeit an ihnen genagt hat.<\/p>\n<p>Samstagabends str\u00f6men zwar schon lange keine Menschenmassen mehr zu diesen Kinos und sie sind seit Jahren unter einer dicken Staubschicht begraben. Dennoch gelingt es Simon Edelstein mit seiner Kamera, ihren alternden Fassaden, Foyers und Films\u00e4len neues Leben einzuhauchen \u2013 und sie und ihre Geschichte auf diese Weise dem Vergessen zu entrei\u00dfen.<\/p>\n<p>Dieses Buch ist eine Hommage an das, was vom goldenen Zeitalter der Kinos auf der ganzen Welt \u00fcbrig geblieben ist. Es w\u00fcrdigt aber auch ihre Stille und ihre Widerstandskraft.<\/p>\n<p>\u201eDie atemberaubendsten Geister-Kinos der Welt\u201c (Time out)<\/p>\n<p class=\"p1\"><span class=\"s1\"><b>AUTOREN<\/b>: Simon Edelstein<br \/>\n<\/span><span class=\"s1\"><b>SEITEN<\/b>: 282<br \/>\n<\/span><span class=\"s1\"><b>FORMAT<\/b>: 22,5 x 29 cm<br \/>\n<\/span><span class=\"s1\"><b>ISBN<\/b>: 978-2-36195-705-6<br \/>\n<\/span><span class=\"s1\"><b>PREIS<\/b>: 39,95 \u20ac [D] &#8211; 40,95 \u20ac [A]<br \/>\n<\/span><span class=\"s1\"><b>KONTAKT<\/b>:\u00a0<a href=\"mailto:info@jonglezverlag.com\"><span class=\"s2\">info@jonglezverlag.com<\/span><\/a>\u00a0<\/span><\/p>\n<p>&nbsp;<\/p>\n<div class=\"buttons_cont\">\n<div class=\"button_cont\" align=\"center\"><a class=\"gv_product_btn\" href=\"https:\/\/jonglezpublishing.com\/wp-content\/uploads\/2023\/11\/Couverture-Cre\u2560upuscule_ALL-scaled.jpg\" target=\"_blank\" rel=\"noopener\">Cover herunterladen<\/a><\/div>\n<div class=\"button_cont\" align=\"center\"><a class=\"gv_product_btn\" href=\"https:\/\/jonglezpublishing.com\/wp-content\/uploads\/2023\/11\/PREVIEW-Crepuscule_ALL.pdf\" target=\"_blank\" rel=\"noopener\">Leseprobe<\/a><\/div>\n<div class=\"button_cont\" align=\"center\"><a class=\"gv_product_btn\" href=\"https:\/\/www.amazon.fr\/Verlassene-Kinos-Welt-Simon-Edelstein\/dp\/2361957051\/ref=sr_1_1?__mk_fr_FR=%C3%85M%C3%85%C5%BD%C3%95%C3%91&amp;crid=3HX1J3SNOPIMT&amp;keywords=VERLASSENE+KINOS+DER+WELT&amp;qid=1699429504&amp;sprefix=atlas+der+wetter+extreme%2Caps%2C1037&amp;sr=8-1\" target=\"_blank\" rel=\"noopener\">Online kaufen<\/a><\/div>\n<\/div>\n","protected":false},"excerpt":{"rendered":"<p>Der Schweizer Fotograf Simon Edelstein ist 12 Jahre kreuz und quer durch die Welt gereist und hat sich auf die<\/p>\n","protected":false},"featured_media":11932,"template":"","meta":[],"product_brand":[],"product_cat":[481,174,391,393],"product_tag":[],"class_list":{"0":"post-11925","1":"product","2":"type-product","3":"status-publish","4":"has-post-thumbnail","6":"product_cat-bildbaende","7":"product_cat-english-de","8":"product_cat-french-de","9":"product_cat-spanish-de","11":"first","12":"instock","13":"shipping-taxable","14":"product-type-simple"},"aioseo_notices":[],"_links":{"self":[{"href":"https:\/\/jonglezpublishing.com\/de\/wp-json\/wp\/v2\/product\/11925","targetHints":{"allow":["GET"]}}],"collection":[{"href":"https:\/\/jonglezpublishing.com\/de\/wp-json\/wp\/v2\/product"}],"about":[{"href":"https:\/\/jonglezpublishing.com\/de\/wp-json\/wp\/v2\/types\/product"}],"wp:featuredmedia":[{"embeddable":true,"href":"https:\/\/jonglezpublishing.com\/de\/wp-json\/wp\/v2\/media\/11932"}],"wp:attachment":[{"href":"https:\/\/jonglezpublishing.com\/de\/wp-json\/wp\/v2\/media?parent=11925"}],"wp:term":[{"taxonomy":"product_brand","embeddable":true,"href":"https:\/\/jonglezpublishing.com\/de\/wp-json\/wp\/v2\/product_brand?post=11925"},{"taxonomy":"product_cat","embeddable":true,"href":"https:\/\/jonglezpublishing.com\/de\/wp-json\/wp\/v2\/product_cat?post=11925"},{"taxonomy":"product_tag","embeddable":true,"href":"https:\/\/jonglezpublishing.com\/de\/wp-json\/wp\/v2\/product_tag?post=11925"}],"curies":[{"name":"wp","href":"https:\/\/api.w.org\/{rel}","templated":true}]}}