{"id":11937,"date":"2022-09-22T12:13:27","date_gmt":"2022-09-22T09:13:27","guid":{"rendered":"https:\/\/jonglezpublishing.com\/?post_type=product&#038;p=11937"},"modified":"2023-11-08T10:10:57","modified_gmt":"2023-11-08T08:10:57","slug":"verlassenes-frankreich","status":"publish","type":"product","link":"https:\/\/jonglezpublishing.com\/de\/produkt\/verlassenes-frankreich\/","title":{"rendered":"VERLASSENES FRANKREICH"},"content":{"rendered":"<p>In Vergessenheit geratene Landsitze, gro\u00dfe Jagdschl\u00f6sser einstiger Gutsherren des K\u00f6nigreichs Frankreich, f\u00fcr die \u00d6ffentlichkeit nicht zug\u00e4ngliche historische Geb\u00e4ude, eine verlassene Fabrik, in der in fr\u00fcheren Zeiten die Maschinen ratterten, ein verfallenes Waisenhaus, eine an den Boden gefesselte Concorde, ein nicht mehr genutztes Gef\u00e4ngnis in Pastellt\u00f6nen, ein verborgener Tunnel zum Schutz einer Oldtimersammlung aus der Vorkriegszeit &#8230;<\/p>\n<p>Robin Brinaert verewigt in seinen Aufnahmen ein aufgegebenes Kulturerbe und l\u00e4dt den Betrachter ein, in vergessene Bereiche der Geschichte einzutauchen, deren einzigartige Details nicht selten erst in ihrem Niedergang zu voller Geltung gelangen. Neben der Sch\u00f6nheit dieser schlafenden Kleinode lenkt der Fotograf und Autor unseren Blick auch auf ihr ungewisses Schicksal und den Respekt, den wir ihnen schulden, um zu retten, was noch zu retten ist.<\/p>\n<p>Eine au\u00dfergew\u00f6hnliche Fotoreportage, Ergebnis von einem Jahrzehnt der Streifz\u00fcge durch ganz Frankreich.<\/p>\n<p><strong>AUTOR:\u00a0<\/strong>Robin Brinaert<br \/>\n<b>SEITEN<\/b>: 256<br \/>\n<b>FORMAT<\/b>: 19 * 26 cm<br \/>\n<b>ISBN<\/b>: 978-2-36195-704-9<br \/>\n<b>PREIS<\/b>: 39,95 \u20ac [D]\u2013 40,95 \u20ac [A]<br \/>\n<b>KONTAKT<\/b>:<a href=\"mailto:info@jonglezverlag.com\">\u00a0info@jonglezverlag.com<\/a><\/p>\n<p>&nbsp;<\/p>\n<div class=\"buttons_cont\">\n<div class=\"button_cont\" align=\"center\">\n<div class=\"button_cont\" align=\"center\"><a class=\"gv_product_btn\" href=\"https:\/\/jonglezpublishing.com\/wp-content\/uploads\/2023\/11\/Couverture_France-oublie\u2560ue_ALL-1-scaled.jpg\" target=\"_blank\" rel=\"noopener\">Cover herunterladen<\/a><\/div>\n<div class=\"button_cont\" align=\"center\"><a class=\"gv_product_btn\" href=\"https:\/\/jonglezpublishing.com\/wp-content\/uploads\/2023\/11\/PREVIEW-France_oubliee_ALL.pdf\" target=\"_blank\" rel=\"noopener\">Leseprobe<\/a><\/div>\n<div class=\"button_cont\" align=\"center\"><a class=\"gv_product_btn\" href=\"https:\/\/www.amazon.fr\/Verlassenes-Frankreich-Robin-Brinaert\/dp\/2361957043\/ref=sr_1_1?__mk_fr_FR=%C3%85M%C3%85%C5%BD%C3%95%C3%91&amp;crid=226R9NTVVRMN4&amp;keywords=VERLASSENES+FRANKREICH&amp;qid=1699431027&amp;sprefix=verlassene+kinos+der+welt%2Caps%2C1040&amp;sr=8-1\" target=\"_blank\" rel=\"noopener\">Online kaufen<\/a><\/div>\n<\/div>\n<\/div>\n","protected":false},"excerpt":{"rendered":"<p>In Vergessenheit geratene Landsitze, gro\u00dfe Jagdschl\u00f6sser einstiger Gutsherren des K\u00f6nigreichs Frankreich, f\u00fcr die \u00d6ffentlichkeit nicht zug\u00e4ngliche historische Geb\u00e4ude, eine verlassene<\/p>\n","protected":false},"featured_media":10296,"template":"","meta":[],"product_brand":[],"product_cat":[481,174,391],"product_tag":[],"class_list":{"0":"post-11937","1":"product","2":"type-product","3":"status-publish","4":"has-post-thumbnail","6":"product_cat-bildbaende","7":"product_cat-english-de","8":"product_cat-french-de","10":"first","11":"instock","12":"shipping-taxable","13":"product-type-simple"},"aioseo_notices":[],"_links":{"self":[{"href":"https:\/\/jonglezpublishing.com\/de\/wp-json\/wp\/v2\/product\/11937","targetHints":{"allow":["GET"]}}],"collection":[{"href":"https:\/\/jonglezpublishing.com\/de\/wp-json\/wp\/v2\/product"}],"about":[{"href":"https:\/\/jonglezpublishing.com\/de\/wp-json\/wp\/v2\/types\/product"}],"wp:featuredmedia":[{"embeddable":true,"href":"https:\/\/jonglezpublishing.com\/de\/wp-json\/wp\/v2\/media\/10296"}],"wp:attachment":[{"href":"https:\/\/jonglezpublishing.com\/de\/wp-json\/wp\/v2\/media?parent=11937"}],"wp:term":[{"taxonomy":"product_brand","embeddable":true,"href":"https:\/\/jonglezpublishing.com\/de\/wp-json\/wp\/v2\/product_brand?post=11937"},{"taxonomy":"product_cat","embeddable":true,"href":"https:\/\/jonglezpublishing.com\/de\/wp-json\/wp\/v2\/product_cat?post=11937"},{"taxonomy":"product_tag","embeddable":true,"href":"https:\/\/jonglezpublishing.com\/de\/wp-json\/wp\/v2\/product_tag?post=11937"}],"curies":[{"name":"wp","href":"https:\/\/api.w.org\/{rel}","templated":true}]}}