{"id":11958,"date":"2023-11-08T10:25:34","date_gmt":"2023-11-08T08:25:32","guid":{"rendered":"https:\/\/jonglezpublishing.com\/?post_type=product&#038;p=11958"},"modified":"2023-11-08T10:43:07","modified_gmt":"2023-11-08T08:43:07","slug":"verborgene-heiligtuemer","status":"publish","type":"product","link":"https:\/\/jonglezpublishing.com\/de\/produkt\/verborgene-heiligtuemer\/","title":{"rendered":"VERBORGENE HEILIGT\u00dcMER"},"content":{"rendered":"<p>Heiligt\u00fcmer z\u00e4hlen zu den meistbesuchten und -verehrten Orten der Welt. Sie bieten Besuchern und Pilgern au\u00dfergew\u00f6hnliche Eindr\u00fccke, intensive Erlebnisse, die eine \u00fcbergeordnete Pr\u00e4senz erahnen lassen und h\u00f6here Schwingungs- und Bewusstseinsebenen er\u00f6ffnen.<\/p>\n<p>Die Schattenseite sind oftmals \u00fcberlaufene St\u00e4tten voller Touristen, die diesen privilegierten Moment durch ihre Anwesenheit ruinieren.<\/p>\n<p><em>Verborgene Heiligt\u00fcmer<\/em> versammelt 100 weniger bekannte Kultst\u00e4tten, um deren Existenz oft nur Einheimische wissen, und steht damit f\u00fcr ein authentisches Besuchserlebnis.<\/p>\n<p>Vierzig Jahre lang pilgerte der National-Geographic-Fotograf Martin Gray durch die Welt. Von seinen Reisen in 160 L\u00e4nder brachte er Aufnahmen von Hunderten solcher weniger bekannten heiligen St\u00e4tten mit.<\/p>\n<p>In dieser Auswahl stellt er uns seine Lieblingsorte vor, das Ergebnis einer lebenslangen Suche.<\/p>\n<p><strong>AUTOR: <\/strong>Martin Gray<br \/>\n<b>SEITEN<\/b>: 208<br \/>\n<b>FORMAT<\/b>: 22,5 x 29 cm<br \/>\n<b>ISBN<\/b>: 978-2-36195-686-8<br \/>\n<b>PREIS<\/b>: 39,95\u20ac [D] &#8211; 40,95\u20ac [A]<br \/>\n<b>KONTAKT<\/b>:<a href=\"mailto:info@jonglezverlag.com\">\u00a0info@jonglezverlag.com<\/a><\/p>\n<p>&nbsp;<\/p>\n<div class=\"buttons_cont\">\n<div class=\"button_cont\" align=\"center\">\n<div class=\"button_cont\" align=\"center\"><a class=\"gv_product_btn\" href=\"https:\/\/jonglezpublishing.com\/wp-content\/uploads\/2023\/11\/Couv_Sacred-Sites_ALL-scaled.jpg\" target=\"_blank\" rel=\"noopener\">Cover herunterladen<\/a><\/div>\n<div class=\"button_cont\" align=\"center\"><a class=\"gv_product_btn\" href=\"https:\/\/jonglezpublishing.com\/wp-content\/uploads\/2023\/11\/PREVIEW-Sacred-Sites_ALL.pdf\" target=\"_blank\" rel=\"noopener\">Leseprobe<\/a><\/div>\n<div class=\"button_cont\" align=\"center\"><a class=\"gv_product_btn\" href=\"https:\/\/www.amazon.fr\/Verborgene-Heiligt%C3%BCmer-Gray-Martin\/dp\/2361956861\/ref=sr_1_1?__mk_fr_FR=%C3%85M%C3%85%C5%BD%C3%95%C3%91&amp;crid=XDCRWEMZAZD0&amp;keywords=Verborgene+Heiligt%C3%BCmer&amp;qid=1699431214&amp;sprefix=verborgene+heiligt%C3%BCmer%2Caps%2C617&amp;sr=8-1\" target=\"_blank\" rel=\"noopener\">Online kaufen<\/a><\/div>\n<\/div>\n<\/div>\n","protected":false},"excerpt":{"rendered":"<p>Heiligt\u00fcmer z\u00e4hlen zu den meistbesuchten und -verehrten Orten der Welt. Sie bieten Besuchern und Pilgern au\u00dfergew\u00f6hnliche Eindr\u00fccke, intensive Erlebnisse, die<\/p>\n","protected":false},"featured_media":11960,"template":"","meta":[],"product_brand":[],"product_cat":[481,174,391,400],"product_tag":[],"class_list":{"0":"post-11958","1":"product","2":"type-product","3":"status-publish","4":"has-post-thumbnail","6":"product_cat-bildbaende","7":"product_cat-english-de","8":"product_cat-french-de","9":"product_cat-german-de","11":"first","12":"instock","13":"shipping-taxable","14":"product-type-simple"},"aioseo_notices":[],"_links":{"self":[{"href":"https:\/\/jonglezpublishing.com\/de\/wp-json\/wp\/v2\/product\/11958","targetHints":{"allow":["GET"]}}],"collection":[{"href":"https:\/\/jonglezpublishing.com\/de\/wp-json\/wp\/v2\/product"}],"about":[{"href":"https:\/\/jonglezpublishing.com\/de\/wp-json\/wp\/v2\/types\/product"}],"wp:featuredmedia":[{"embeddable":true,"href":"https:\/\/jonglezpublishing.com\/de\/wp-json\/wp\/v2\/media\/11960"}],"wp:attachment":[{"href":"https:\/\/jonglezpublishing.com\/de\/wp-json\/wp\/v2\/media?parent=11958"}],"wp:term":[{"taxonomy":"product_brand","embeddable":true,"href":"https:\/\/jonglezpublishing.com\/de\/wp-json\/wp\/v2\/product_brand?post=11958"},{"taxonomy":"product_cat","embeddable":true,"href":"https:\/\/jonglezpublishing.com\/de\/wp-json\/wp\/v2\/product_cat?post=11958"},{"taxonomy":"product_tag","embeddable":true,"href":"https:\/\/jonglezpublishing.com\/de\/wp-json\/wp\/v2\/product_tag?post=11958"}],"curies":[{"name":"wp","href":"https:\/\/api.w.org\/{rel}","templated":true}]}}