{"id":11986,"date":"2023-11-28T07:17:05","date_gmt":"2023-11-28T05:17:06","guid":{"rendered":"https:\/\/jonglezpublishing.com\/?post_type=product&#038;p=11986"},"modified":"2023-12-11T20:04:21","modified_gmt":"2023-12-11T18:04:21","slug":"verborgenes-bangkok-copy","status":"publish","type":"product","link":"https:\/\/jonglezpublishing.com\/de\/produkt\/verborgenes-bangkok-copy\/","title":{"rendered":"VERBORGENES POTSDAM"},"content":{"rendered":"<p>Die Spitze des Kilimandscharo im Neuen Palais, ein Hakenkreuz im Park Sanssouci, ein Relikt der Weltausstellung von Chicago 1893, ein Sternenhimmel in einer Villa, der auf das freimaurerische Dekor der Zauberfl\u00f6te anspielt, ein au\u00dfergew\u00f6hnliches expressionistisches Grabmal, ein singender Stein im Herzen der Stadt, eine Nachbildung des Musikpavillons einer M\u00e4tresse von K\u00f6nig Ludwig XV., eine Lichtinstallation unter einer Br\u00fccke, die Skulptur eines Affen vom Schiefen Turm von Pisa, aus dem Londoner Hampton Court Palace kopierte Kamine, die Leidenschaft King of Prussia Friedrich Wilhelms II. f\u00fcr Esoterik, eine S\u00e4ule als Beileidsbekundung zum Tod eines Papageien, ein Turm zur Berechnung der Verschiebung der Erdachse, der letzte Zeuge der Seidenherstellung in Babelsberg, eine Frau, die sich als Mann verkleidete, um gegen Napoleon zu k\u00e4mpfen, eindrucksvolle \u00dcberreste alter Schie\u00dfst\u00e4nde im Katharinenholz, die vergessenen Modelle des Zeppelinparks &#8230;<\/p>\n<p>Fernabvon von den Menschenmassen und \u00fcblichen Sehensw\u00fcrdigkeiten bietet Potsdam verborgene, auch den Einheimischen oftmals unbekannte Sch\u00e4tze, die sich nur den Besuchern offenbaren, die gerne abseits der gew\u00f6hnlichen Wege wandeln.<\/p>\n<p>Ein Reisef\u00fchrer f\u00fcr all jene, die glaubten, Potsdam gut zu kennen, oder einfach f\u00fcr alle, die die geheime Seele dieser Stadt entdecken wollen.<\/p>\n<p class=\"p1\"><span class=\"s1\"><b>AUTOREN<\/b>: Manuel Roy<br \/>\n<\/span><span class=\"s1\"><b>SEITEN<\/b>: 320<br \/>\n<\/span><span class=\"s1\"><b>FORMAT<\/b>: 10.5 x 19 cm<br \/>\n<\/span><span class=\"s1\"><b>ISBN<\/b>: 978-2-36195-597-7<br \/>\n<\/span><span class=\"s1\"><b>PREIS<\/b>: \u20ac 19,95 [D] \u2013 \u20ac 20,95 [A]<br \/>\n<\/span><span class=\"s1\"><b>KONTAKT<\/b>:\u00a0<a href=\"mailto:info@jonglezverlag.com\"><span class=\"s2\">info@jonglezverlag.com<\/span><\/a>\u00a0<\/span><\/p>\n<div class=\"buttons_cont\">\n<div align=\"center\"><\/div>\n<div class=\"button_cont\" align=\"center\">\n<div class=\"button_cont\" align=\"center\"><a class=\"gv_product_btn\" href=\"https:\/\/jonglezpublishing.com\/wp-content\/uploads\/2023\/11\/couv_Postdam_ALL-scaled.jpg\" target=\"_blank\" rel=\"noopener\">Cover herunterladen<\/a><\/div>\n<div class=\"button_cont\" align=\"center\"><a class=\"gv_product_btn\" href=\"https:\/\/jonglezpublishing.com\/wp-content\/uploads\/2023\/11\/PREVIEW-Postdam-ALL.pdf\" target=\"_blank\" rel=\"noopener\">Leseprobe<\/a><\/div>\n<div class=\"button_cont\" align=\"center\"><a class=\"gv_product_btn\" href=\"https:\/\/www.thalia.de\/shop\/home\/artikeldetails\/A1063107584\" target=\"_blank\" rel=\"noopener\">Online kaufen<\/a><\/div>\n<\/div>\n<\/div>\n","protected":false},"excerpt":{"rendered":"<p>Die Spitze des Kilimandscharo im Neuen Palais, ein Hakenkreuz im Park Sanssouci, ein Relikt der Weltausstellung von Chicago 1893, ein<\/p>\n","protected":false},"featured_media":11997,"template":"","meta":[],"product_brand":[],"product_cat":[421,174],"product_tag":[],"class_list":{"0":"post-11986","1":"product","2":"type-product","3":"status-publish","4":"has-post-thumbnail","6":"product_cat-verborgenes-reisefuehrer","7":"product_cat-english-de","9":"first","10":"instock","11":"shipping-taxable","12":"product-type-simple"},"aioseo_notices":[],"_links":{"self":[{"href":"https:\/\/jonglezpublishing.com\/de\/wp-json\/wp\/v2\/product\/11986","targetHints":{"allow":["GET"]}}],"collection":[{"href":"https:\/\/jonglezpublishing.com\/de\/wp-json\/wp\/v2\/product"}],"about":[{"href":"https:\/\/jonglezpublishing.com\/de\/wp-json\/wp\/v2\/types\/product"}],"wp:featuredmedia":[{"embeddable":true,"href":"https:\/\/jonglezpublishing.com\/de\/wp-json\/wp\/v2\/media\/11997"}],"wp:attachment":[{"href":"https:\/\/jonglezpublishing.com\/de\/wp-json\/wp\/v2\/media?parent=11986"}],"wp:term":[{"taxonomy":"product_brand","embeddable":true,"href":"https:\/\/jonglezpublishing.com\/de\/wp-json\/wp\/v2\/product_brand?post=11986"},{"taxonomy":"product_cat","embeddable":true,"href":"https:\/\/jonglezpublishing.com\/de\/wp-json\/wp\/v2\/product_cat?post=11986"},{"taxonomy":"product_tag","embeddable":true,"href":"https:\/\/jonglezpublishing.com\/de\/wp-json\/wp\/v2\/product_tag?post=11986"}],"curies":[{"name":"wp","href":"https:\/\/api.w.org\/{rel}","templated":true}]}}