{"id":12303,"date":"2019-03-04T12:23:56","date_gmt":"2019-03-04T12:23:56","guid":{"rendered":"https:\/\/jonglezpublishing.com\/?post_type=product&#038;p=12303"},"modified":"2026-04-09T13:24:13","modified_gmt":"2026-04-09T10:24:13","slug":"barcelona-verborgenes","status":"publish","type":"product","link":"https:\/\/jonglezpublishing.com\/de\/produkt\/barcelona-verborgenes\/","title":{"rendered":"VERBORGENES BARCELONA"},"content":{"rendered":"<div class=\"wpb-content-wrapper\"><p>[vc_row][vc_column][vc_column_text css=&#8220;&#8220; woodmart_inline=&#8220;no&#8220; text_larger=&#8220;no&#8220;]Die Geheimnisse Gaud\u00eds und der Sagrada Familia, eine fantastische Tour mit einer Modelleisenbahn, die unter dem Hauptbahnhof versteckt ist, eine mysteri\u00f6se Hand, ein au\u00dfergew\u00f6hnliches anatomisches Theater, ein unvermuteter Luftschutzbunker, ein t\u00f6dlicher Kuss, ein Museum, das sich im Hinterzimmer eines Gesch\u00e4fts verbirgt, ein verborgenes Juwel des katalanischen Jugendstils, Karaoke f\u00fcr Kanarienv\u00f6gel, Barcelonas Rolle bei der Entwicklung der Metro, arabische Arkaden in einer Jugendherberge, der katalanische Fotograf, mit dessen Hilfe die f\u00fcr die Lager Mauthausen und Dachau verantwortlichen Nazis \u00fcberf\u00fchrt wurden, g\u00f6ttlicher Schutz f\u00fcr Ihr Auto, versteckte Freimaurersymbole, das Wappen des FC Barcelona in Santa Maria del Mar &#8230;<\/p>\n<p>Bei Tag und bei Nacht offenbart Barcelona seine Geheimnisse nur den Einheimischen sowie jenen Reisenden, die es wagen, die ausgetretenen Pfade zu verlassen. Doch daf\u00fcr muss man wissen, wohin man zu gehen hat &#8230;<\/p>\n<p>Ein unentbehrlicher F\u00fchrer f\u00fcr alle, die Barcelona gut zu kennen glauben, und f\u00fcr diejenigen, die eine verborgene Seite der Stadt entdecken wollen.<\/p>\n<p class=\"p1\"><span class=\"s1\"><b>AUTOREN<\/b>: Dani Cortijo und Roc\u00edo Sierra Carbonell<br \/>\n<\/span><span class=\"s1\"><b>SEITEN<\/b>: 256<br \/>\n<\/span><span class=\"s1\"><b>FORMAT<\/b>: 10.5 x 19 cm<br \/>\n<\/span><span class=\"s1\"><b>ISBN<\/b>: 978-2-38715-013-4<br \/>\n<\/span><span class=\"s1\"><b>PREIS<\/b>: 19,95 \u20ac [D] &#8211; 20,95 \u20ac [A]<br \/>\n<\/span><span class=\"s1\"><b>KONTAKT<\/b>:\u00a0<a href=\"mailto:info@jonglezverlag.com\"><span class=\"s2\">info@jonglezverlag.com<\/span><\/a>\u00a0<\/span><\/p>\n<div class=\"buttons_cont\">\n<div class=\"button_cont\" align=\"center\"><a class=\"gv_product_btn\" href=\"https:\/\/jonglezpublishing.com\/wp-content\/uploads\/2019\/03\/Couverture-Barcelona_ALL_CMJN_print-scaled.jpg\" target=\"_blank\" rel=\"noopener\">Cover herunterladen<\/a><\/div>\n<div class=\"button_cont\" align=\"center\"><a class=\"gv_product_btn\" href=\"https:\/\/jonglezpublishing.com\/wp-content\/uploads\/2026\/04\/PREVIEW-Verborgenes-Barcelona.pdf\" target=\"_blank\" rel=\"noopener\">Leseprobe<\/a><\/div>\n<div class=\"button_cont\" align=\"center\"><a class=\"gv_product_btn\" href=\"https:\/\/www.thalia.de\/shop\/home\/artikeldetails\/A1077277018\" target=\"_blank\" rel=\"noopener\">Online kaufen<br \/>\n<\/a><\/div>\n<div class=\"button_cont\" align=\"center\"><a class=\"gv_product_btn\" href=\"https:\/\/www.das-landkartenhaus.de\/verborgenes-barcelona-reisefuehrer-jonglez\" target=\"_blank\" rel=\"noopener\">Online kaufen<\/a><\/div>\n<\/div>\n<p>[\/vc_column_text][\/vc_column][\/vc_row]<\/p>\n<\/div>","protected":false},"excerpt":{"rendered":"<p>[vc_row][vc_column][vc_column_text css=&#8220;&#8220; woodmart_inline=&#8220;no&#8220; text_larger=&#8220;no&#8220;]Die Geheimnisse Gaud\u00eds und der Sagrada Familia, eine fantastische Tour mit einer Modelleisenbahn, die unter dem Hauptbahnhof<\/p>\n","protected":false},"featured_media":15119,"template":"","meta":[],"product_brand":[],"product_cat":[421,174,391,392,393],"product_tag":[176,177,179,181,182],"class_list":{"0":"post-12303","1":"product","2":"type-product","3":"status-publish","4":"has-post-thumbnail","6":"product_cat-verborgenes-reisefuehrer","7":"product_cat-english-de","8":"product_cat-french-de","9":"product_cat-italian-de","10":"product_cat-spanish-de","11":"product_tag-jonglez-de","12":"product_tag-jonglez-publishing-de","13":"product_tag-secret-guides-de","14":"product_tag-secret-travel-guides-de","15":"product_tag-travel-guides-de","17":"first","18":"instock","19":"shipping-taxable","20":"product-type-simple"},"aioseo_notices":[],"_links":{"self":[{"href":"https:\/\/jonglezpublishing.com\/de\/wp-json\/wp\/v2\/product\/12303","targetHints":{"allow":["GET"]}}],"collection":[{"href":"https:\/\/jonglezpublishing.com\/de\/wp-json\/wp\/v2\/product"}],"about":[{"href":"https:\/\/jonglezpublishing.com\/de\/wp-json\/wp\/v2\/types\/product"}],"wp:featuredmedia":[{"embeddable":true,"href":"https:\/\/jonglezpublishing.com\/de\/wp-json\/wp\/v2\/media\/15119"}],"wp:attachment":[{"href":"https:\/\/jonglezpublishing.com\/de\/wp-json\/wp\/v2\/media?parent=12303"}],"wp:term":[{"taxonomy":"product_brand","embeddable":true,"href":"https:\/\/jonglezpublishing.com\/de\/wp-json\/wp\/v2\/product_brand?post=12303"},{"taxonomy":"product_cat","embeddable":true,"href":"https:\/\/jonglezpublishing.com\/de\/wp-json\/wp\/v2\/product_cat?post=12303"},{"taxonomy":"product_tag","embeddable":true,"href":"https:\/\/jonglezpublishing.com\/de\/wp-json\/wp\/v2\/product_tag?post=12303"}],"curies":[{"name":"wp","href":"https:\/\/api.w.org\/{rel}","templated":true}]}}