{"id":12309,"date":"2019-03-01T15:05:25","date_gmt":"2024-03-14T11:13:47","guid":{"rendered":"https:\/\/jonglezpublishing.com\/?post_type=product&#038;p=12309"},"modified":"2024-03-14T13:17:05","modified_gmt":"2024-03-14T11:17:05","slug":"verborgenes-dublin","status":"publish","type":"product","link":"https:\/\/jonglezpublishing.com\/de\/produkt\/verborgenes-dublin\/","title":{"rendered":"VERBORGENES DUBLIN"},"content":{"rendered":"<p>Betreten Sie das Allerheiligste der Freemason\u2018s Hall, betrachten Sie Napoleons Zahnb\u00fcrste, bestaunen Sie einefalsche Gedenkplakette mitten auf der O\u2018Connell Bridge, unter der William Rowan Hamilton sein Aha-Erlebnis hatte, erkunden Sie eine museale Wohnung, die noch genau wie vor 100 Jahren aussieht, tauchen Sie in einem Martello- Turm in die Welt alter Radioger\u00e4te ein und erhaschen Sie einen Blick auf Dublins unterirdischen Fluss &#8230;<\/p>\n<p>In Dublin bieten sich unz\u00e4hlige M\u00f6glichkeiten, die Touristenpfade zu verlassen und einen Blick in die Vergangenheit und Gegenwart dieser faszinierenden Stadt zu werfen. Man muss nur wissen, wo man danach suchen muss und wen man am besten fragt.<\/p>\n<p>Verborgenes Dublin ist ein unverzichtbarer Reisef\u00fchrer \u2013 sowohl f\u00fcr jene, die dachten, schon alles \u00fcber die Stadt zu wissen, als auch f\u00fcr die Reisenden, die Dublins gut geh\u00fctete Sch\u00e4tze entdecken m\u00f6chten.<\/p>\n<p>&nbsp;<\/p>\n<p class=\"p1\"><span class=\"s1\"><b>AUTOR<\/b>: P\u00f3l \u00d3 Conghaile<br \/>\n<\/span><span class=\"s1\"><b>SEITEN<\/b>: 2320<br \/>\n<\/span><span class=\"s1\"><b>FORMAT<\/b>: 10.5 x 19 cm<br \/>\n<\/span><span class=\"s1\"><b>ISBN<\/b>: 978-2-36195-672-1<br \/>\n<\/span><span class=\"s1\"><b>PREIS<\/b>: 19,95 \u20ac [D] \u2013 20,95 \u20ac [A]<br \/>\n<\/span><span class=\"s1\"><b>KONTAKT<\/b>:\u00a0<a href=\"mailto:info@jonglezverlag.com\"><span class=\"s2\">info@jonglezverlag.com<\/span><\/a>\u00a0<\/span><\/p>\n<p>&nbsp;<\/p>\n<div class=\"buttons_cont\">\n<div class=\"button_cont\" align=\"center\"><a class=\"gv_product_btn\" href=\"https:\/\/jonglezpublishing.com\/wp-content\/uploads\/2024\/03\/couv_Dublin_ALL_RVB-scaled.jpg\" target=\"_blank\" rel=\"noopener\">Cover herunterladen<\/a><\/div>\n<div class=\"button_cont\" align=\"center\"><a class=\"gv_product_btn\" href=\"https:\/\/jonglezpublishing.com\/wp-content\/uploads\/2024\/03\/PREVIEW-Barcelona-ALL.pdf\" target=\"_blank\" rel=\"noopener\">Leseprobe<\/a><\/div>\n<div class=\"button_cont\" align=\"center\"><a class=\"gv_product_btn\" href=\"https:\/\/www.thalia.de\/shop\/home\/artikeldetails\/A1068478337\" target=\"_blank\" rel=\"noopener\">Online kaufen<br \/>\n<\/a><\/div>\n<div class=\"button_cont\" align=\"center\"><a class=\"gv_product_btn\" href=\"https:\/\/www.das-landkartenhaus.de\/verborgenes-dublin-reisefuehrer-jonglez\" target=\"_blank\" rel=\"noopener\">Online kaufen<\/a><\/div>\n<\/div>\n","protected":false},"excerpt":{"rendered":"<p>Betreten Sie das Allerheiligste der Freemason\u2018s Hall, betrachten Sie Napoleons Zahnb\u00fcrste, bestaunen Sie einefalsche Gedenkplakette mitten auf der O\u2018Connell Bridge,<\/p>\n","protected":false},"featured_media":12315,"template":"","meta":[],"product_brand":[],"product_cat":[421,174,391],"product_tag":[176,177,179,181,182],"class_list":{"0":"post-12309","1":"product","2":"type-product","3":"status-publish","4":"has-post-thumbnail","6":"product_cat-verborgenes-reisefuehrer","7":"product_cat-english-de","8":"product_cat-french-de","9":"product_tag-jonglez-de","10":"product_tag-jonglez-publishing-de","11":"product_tag-secret-guides-de","12":"product_tag-secret-travel-guides-de","13":"product_tag-travel-guides-de","15":"first","16":"instock","17":"shipping-taxable","18":"product-type-simple"},"aioseo_notices":[],"_links":{"self":[{"href":"https:\/\/jonglezpublishing.com\/de\/wp-json\/wp\/v2\/product\/12309","targetHints":{"allow":["GET"]}}],"collection":[{"href":"https:\/\/jonglezpublishing.com\/de\/wp-json\/wp\/v2\/product"}],"about":[{"href":"https:\/\/jonglezpublishing.com\/de\/wp-json\/wp\/v2\/types\/product"}],"wp:featuredmedia":[{"embeddable":true,"href":"https:\/\/jonglezpublishing.com\/de\/wp-json\/wp\/v2\/media\/12315"}],"wp:attachment":[{"href":"https:\/\/jonglezpublishing.com\/de\/wp-json\/wp\/v2\/media?parent=12309"}],"wp:term":[{"taxonomy":"product_brand","embeddable":true,"href":"https:\/\/jonglezpublishing.com\/de\/wp-json\/wp\/v2\/product_brand?post=12309"},{"taxonomy":"product_cat","embeddable":true,"href":"https:\/\/jonglezpublishing.com\/de\/wp-json\/wp\/v2\/product_cat?post=12309"},{"taxonomy":"product_tag","embeddable":true,"href":"https:\/\/jonglezpublishing.com\/de\/wp-json\/wp\/v2\/product_tag?post=12309"}],"curies":[{"name":"wp","href":"https:\/\/api.w.org\/{rel}","templated":true}]}}