{"id":12331,"date":"2019-03-04T16:55:12","date_gmt":"2019-03-04T14:55:12","guid":{"rendered":"https:\/\/jonglezpublishing.com\/?post_type=product&#038;p=12331"},"modified":"2025-11-06T10:11:33","modified_gmt":"2025-11-06T08:11:33","slug":"verborgenes-new-york-versteckte-bars-und-restaurants","status":"publish","type":"product","link":"https:\/\/jonglezpublishing.com\/de\/produkt\/verborgenes-new-york-versteckte-bars-und-restaurants\/","title":{"rendered":"VERBORGENES NEW YORK &#8211; VERSTECKTE BARS UND RESTAURANTS"},"content":{"rendered":"<div class=\"wpb-content-wrapper\"><p>[vc_row][vc_column][vc_column_text css=&#8220;&#8220; woodmart_inline=&#8220;no&#8220; text_larger=&#8220;no&#8220;]Ein Schweizer Ski-Chalet, das nur durch eine K\u00fcche zu erreichen ist, eine unterirdische Sake-Kneipe, ein Restaurant in einem Wareneingang, ein Friseursalon\/Barbershop, hinter dem sich ein Dance-Hotspot verbirgt, ein Restaurant, das von den New Yorker Suffragetten gegr\u00fcndet wurde, ein nomadisches Dinner-Pop-up &#8230;<\/p>\n<p>Einhundert Bars und Restaurants mit au\u00dfergew\u00f6hnlicher Ausstattung, exzentrischen Inhabern, fantastischem Essen, Relikten aus alten Zeiten und mehr &#8230; diese Locations werden nicht nur Underground-Fans, Liebhaber von postindustriellem Design, Gourmets, Cocktailfans und Anh\u00e4nger von World Food begeistern, sondern auch all jene erfreuen (und \u00fcberraschen!), die neugierig darauf sind, die unendlichen M\u00f6glichkeiten zu entdecken, wie man sich in New York vergn\u00fcgen kann.<\/p>\n<p>Ein absolutes Must-Have zum Erkunden und Genie\u00dfen der fantastischen, verborgenen Bar- und Restaurantszene von New York.<\/p>\n<p class=\"p1\"><span class=\"s1\"><b>AUTOREN<\/b>: Michelle Young, Laura Itzkowitz und Hannah Frishberg<br \/>\n<\/span><span class=\"s1\"><b>SEITEN<\/b>: 192<br \/>\n<\/span><span class=\"s1\"><b>FORMAT<\/b>: 10.5 x 19 cm<br \/>\n<\/span><span class=\"s1\"><b>ISBN<\/b>: 978-2-36195-933-3<br \/>\n<\/span><span class=\"s1\"><b>PREIS<\/b>: 19,95 \u20ac [D] \u2013 20,95 \u20ac [A] US$19.95<br \/>\n<\/span><span class=\"s1\"><b>KONTAKT<\/b>:\u00a0<a href=\"mailto:info@jonglezverlag.com\"><span class=\"s2\">info@jonglezverlag.com<\/span><\/a>\u00a0<\/span><\/p>\n<div class=\"buttons_cont\">\n<div class=\"button_cont\" align=\"center\"><a class=\"gv_product_btn\" href=\"https:\/\/jonglezpublishing.com\/wp-content\/uploads\/2019\/03\/couv-NY-Bars_ALL_CMJN_print-scaled.jpg\" target=\"_blank\" rel=\"noopener\">Cover herunterladen<\/a><\/div>\n<div class=\"button_cont\" align=\"center\"><a class=\"gv_product_btn\" href=\"https:\/\/jonglezpublishing.com\/wp-content\/uploads\/2025\/11\/PREVIEW-NYBars_ALL-2.pdf\" target=\"_blank\" rel=\"noopener\">Leseprobe<\/a><\/div>\n<div class=\"button_cont\" align=\"center\"><a class=\"gv_product_btn\" href=\"https:\/\/www.thalia.de\/shop\/home\/artikeldetails\/A1075022176\" target=\"_blank\" rel=\"noopener\">Online kaufen<br \/>\n<\/a><\/div>\n<div class=\"button_cont\" align=\"center\"><a class=\"gv_product_btn\" href=\"https:\/\/www.das-landkartenhaus.de\/verborgenes-new-york-reisefuehrer-jonglez\" target=\"_blank\" rel=\"noopener\">Online kaufen<\/a><\/div>\n<\/div>\n<p>[\/vc_column_text][\/vc_column][\/vc_row]<\/p>\n<\/div>","protected":false},"excerpt":{"rendered":"<p>[vc_row][vc_column][vc_column_text css=&#8220;&#8220; woodmart_inline=&#8220;no&#8220; text_larger=&#8220;no&#8220;]Ein Schweizer Ski-Chalet, das nur durch eine K\u00fcche zu erreichen ist, eine unterirdische Sake-Kneipe, ein Restaurant in<\/p>\n","protected":false},"featured_media":14621,"template":"","meta":[],"product_brand":[],"product_cat":[421,174,391,400],"product_tag":[175,176,177,178,179,180,181,182],"class_list":{"0":"post-12331","1":"product","2":"type-product","3":"status-publish","4":"has-post-thumbnail","6":"product_cat-verborgenes-reisefuehrer","7":"product_cat-english-de","8":"product_cat-french-de","9":"product_cat-german-de","10":"product_tag-award-winning-de","11":"product_tag-jonglez-de","12":"product_tag-jonglez-publishing-de","13":"product_tag-new-york-de","14":"product_tag-secret-guides-de","15":"product_tag-secret-new-york-de","16":"product_tag-secret-travel-guides-de","17":"product_tag-travel-guides-de","19":"first","20":"instock","21":"shipping-taxable","22":"product-type-external"},"aioseo_notices":[],"_links":{"self":[{"href":"https:\/\/jonglezpublishing.com\/de\/wp-json\/wp\/v2\/product\/12331","targetHints":{"allow":["GET"]}}],"collection":[{"href":"https:\/\/jonglezpublishing.com\/de\/wp-json\/wp\/v2\/product"}],"about":[{"href":"https:\/\/jonglezpublishing.com\/de\/wp-json\/wp\/v2\/types\/product"}],"wp:featuredmedia":[{"embeddable":true,"href":"https:\/\/jonglezpublishing.com\/de\/wp-json\/wp\/v2\/media\/14621"}],"wp:attachment":[{"href":"https:\/\/jonglezpublishing.com\/de\/wp-json\/wp\/v2\/media?parent=12331"}],"wp:term":[{"taxonomy":"product_brand","embeddable":true,"href":"https:\/\/jonglezpublishing.com\/de\/wp-json\/wp\/v2\/product_brand?post=12331"},{"taxonomy":"product_cat","embeddable":true,"href":"https:\/\/jonglezpublishing.com\/de\/wp-json\/wp\/v2\/product_cat?post=12331"},{"taxonomy":"product_tag","embeddable":true,"href":"https:\/\/jonglezpublishing.com\/de\/wp-json\/wp\/v2\/product_tag?post=12331"}],"curies":[{"name":"wp","href":"https:\/\/api.w.org\/{rel}","templated":true}]}}