{"id":12342,"date":"2019-03-04T14:11:37","date_gmt":"2024-03-14T14:47:48","guid":{"rendered":"https:\/\/jonglezpublishing.com\/?post_type=product&#038;p=12342"},"modified":"2025-03-14T08:45:56","modified_gmt":"2025-03-14T06:45:56","slug":"verborgenes-tokio","status":"publish","type":"product","link":"https:\/\/jonglezpublishing.com\/de\/produkt\/verborgenes-tokio\/","title":{"rendered":"VERBORGENES TOKIO"},"content":{"rendered":"<p>Ein Park, der nur per Aufzug zu erreichen ist, ein Canyon mitten in der Stadt, eine Statue gegen Warzen, \u00f6ffentliche Designer-Toiletten, ein Park f\u00fcr weltweit einzigartige Sportarten, ein au\u00dfergew\u00f6hnlicher Baum, der einem hilft, mit dem Rauchen aufzuh\u00f6ren, eine elektronische Sonnenblume, ein imposanter moderner Tempel im Herzen von Shinjuku, eine Stra\u00dfe, die Tokioter Taxifahrern Albtr\u00e4ume beschert, ein riesiges Geb\u00e4ude in Form eines Kriegsschiffs, verborgene Wasserl\u00e4ufe, ein Park f\u00fcr Philosophen, ein Stadion, in das Krabben einliefen, ein geheimer Ort, um die Kirschbl\u00fcte zu bewundern, ein Geb\u00e4ude wie ein Science-Fiction-Kampfroboter, Stelen zum Gedenken an jene, die ihre K\u00f6rper f\u00fcr die Wissenschaft sezieren lie\u00dfen, ein Bauernhof in einem B\u00fcrohaus, die exzentrische Architektur des Gaud\u00ed von Tokio &#8230;<\/p>\n<p>Fernab der Touristenstr\u00f6me und der \u00fcblichen Klischees bewahrt Tokio noch immer gut verborgenen Sch\u00e4tze, die es allein seinen Einwohnern und den Besuchern und Besucherinnen offenbart, die bereits sind, die ausgetretenen Pfade zu verlassen.<\/p>\n<p>Dies ist ein unentbehrlicher Reisef\u00fchrer f\u00fcr alle, die Tokio zu kennen glauben \u2013 und f\u00fcr alle, die das unbekannte Gesicht dieser Stadt entdecken m\u00f6chten.<\/p>\n<p>&nbsp;<\/p>\n<p><span class=\"s1\"><b>AUTOREN<\/b>: Pierre Musti\u00e8re Und Yoko Kera<br \/>\n<\/span><span class=\"s1\"><b>SEITEN<\/b>: 336<br \/>\n<\/span><span class=\"s1\"><b>FORMAT<\/b>: 10.5 x 19 cm<br \/>\n<\/span><span class=\"s1\"><b>ISBN<\/b>: 978-2-36195-862-6<br \/>\n<\/span><span class=\"s1\"><b>PREIS<\/b>: 18,95 \u20ac [D] \u2013 19,95 \u20ac [A]<br \/>\n<\/span><span class=\"s1\"><b>KONTAKT<\/b>:\u00a0<a href=\"mailto:info@jonglezverlag.com\"><span class=\"s2\">info@jonglezverlag.com<\/span><\/a>\u00a0<\/span><\/p>\n<p>&nbsp;<\/p>\n<div class=\"buttons_cont\">\n<div class=\"button_cont\" align=\"center\"><a class=\"gv_product_btn\" href=\"https:\/\/jonglezpublishing.com\/wp-content\/uploads\/2019\/03\/image-scaled.jpeg\" target=\"_blank\" rel=\"noopener\">Cover herunterladen<\/a><\/div>\n<div class=\"button_cont\" align=\"center\"><a class=\"gv_product_btn\" href=\"https:\/\/jonglezpublishing.com\/wp-content\/uploads\/2025\/03\/PREVIEW-Verborgenes-Tokio.pdf\" target=\"_blank\" rel=\"noopener\">Leseprobe<\/a><\/div>\n<div class=\"button_cont\" align=\"center\"><a class=\"gv_product_btn\" href=\"https:\/\/www.thalia.de\/shop\/home\/artikeldetails\/A1059226714\" target=\"_blank\" rel=\"noopener\">Online kaufen<br \/>\n<\/a><\/div>\n<\/div>\n","protected":false},"excerpt":{"rendered":"<p>Ein Park, der nur per Aufzug zu erreichen ist, ein Canyon mitten in der Stadt, eine Statue gegen Warzen, \u00f6ffentliche<\/p>\n","protected":false},"featured_media":13574,"template":"","meta":[],"product_brand":[],"product_cat":[421,174,391,392,393],"product_tag":[512,176,177,179,181,182],"class_list":{"0":"post-12342","1":"product","2":"type-product","3":"status-publish","4":"has-post-thumbnail","6":"product_cat-verborgenes-reisefuehrer","7":"product_cat-english-de","8":"product_cat-french-de","9":"product_cat-italian-de","10":"product_cat-spanish-de","11":"product_tag-japan-de","12":"product_tag-jonglez-de","13":"product_tag-jonglez-publishing-de","14":"product_tag-secret-guides-de","15":"product_tag-secret-travel-guides-de","16":"product_tag-travel-guides-de","18":"first","19":"instock","20":"shipping-taxable","21":"product-type-simple"},"aioseo_notices":[],"_links":{"self":[{"href":"https:\/\/jonglezpublishing.com\/de\/wp-json\/wp\/v2\/product\/12342","targetHints":{"allow":["GET"]}}],"collection":[{"href":"https:\/\/jonglezpublishing.com\/de\/wp-json\/wp\/v2\/product"}],"about":[{"href":"https:\/\/jonglezpublishing.com\/de\/wp-json\/wp\/v2\/types\/product"}],"wp:featuredmedia":[{"embeddable":true,"href":"https:\/\/jonglezpublishing.com\/de\/wp-json\/wp\/v2\/media\/13574"}],"wp:attachment":[{"href":"https:\/\/jonglezpublishing.com\/de\/wp-json\/wp\/v2\/media?parent=12342"}],"wp:term":[{"taxonomy":"product_brand","embeddable":true,"href":"https:\/\/jonglezpublishing.com\/de\/wp-json\/wp\/v2\/product_brand?post=12342"},{"taxonomy":"product_cat","embeddable":true,"href":"https:\/\/jonglezpublishing.com\/de\/wp-json\/wp\/v2\/product_cat?post=12342"},{"taxonomy":"product_tag","embeddable":true,"href":"https:\/\/jonglezpublishing.com\/de\/wp-json\/wp\/v2\/product_tag?post=12342"}],"curies":[{"name":"wp","href":"https:\/\/api.w.org\/{rel}","templated":true}]}}