{"id":12465,"date":"2024-05-22T11:52:58","date_gmt":"2024-05-22T08:52:59","guid":{"rendered":"https:\/\/jonglezpublishing.com\/?post_type=product&#038;p=12465"},"modified":"2024-06-06T14:45:26","modified_gmt":"2024-06-06T11:45:26","slug":"verborgenes-potsdam-copy","status":"publish","type":"product","link":"https:\/\/jonglezpublishing.com\/de\/produkt\/verborgenes-potsdam-copy\/","title":{"rendered":"VERBORGENE NORMANDIE"},"content":{"rendered":"<p>Besuchen Sie ein K\u00fcnstleratelier in einem Schloss, entdecken Sie zwei Kapellen in den ausgeh\u00f6hlten St\u00e4mmen uralter B\u00e4ume, gie\u00dfen Sie Calvados auf das Grab von \u201eMutter Dornois\u201c im Dorf Camembert und beten Sie an einem Ort, an dem die Jungfrau Maria bereits zwanzig Mal erschienen ist. Entschl\u00fcsseln Sie die alchemistischen Symbole am H\u00f4tel d\u2019Escoville in Caen, entdecken Sie ein historisches Wasserbecken in Vernon, das urspr\u00fcnglich als Pferdebad diente, oder wandeln Sie in der Kathedrale von Rouen auf den Spuren eines Freimaurer-Architekten &#8230;<\/p>\n<p>Abseits der gro\u00dfen Touristenstr\u00f6me und der bekannten Klischees birgt die Normandie noch viele verborgene Sch\u00e4tze, die sich nur denjenigen offenbaren, die die ausgetretenen Pfade verlassen.<\/p>\n<p>Dieser Reisef\u00fchrer ist ein Muss f\u00fcr alle, die glauben, die Normandie gut zu kennen, aber auch f\u00fcr diejenigen, die eine andere Seite der Region entdecken m\u00f6chten.<\/p>\n<p>&nbsp;<\/p>\n<p class=\"p1\"><span class=\"s1\"><b>AUTOREN<\/b>: Jean Christophe Collet und Alain Joubert<br \/>\n<\/span><span class=\"s1\"><b>SEITEN<\/b>: 352<br \/>\n<\/span><span class=\"s1\"><b>FORMAT<\/b>: 10.5 x 19 cm<br \/>\n<\/span><span class=\"s1\"><b>ISBN<\/b>: 978-2-36195-729-2<br \/>\n<\/span><span class=\"s1\"><b>PREIS<\/b>: 19,95 \u20ac [D] &#8211; 20,95 \u20ac [A]<br \/>\n<\/span><span class=\"s1\"><b>KONTAKT<\/b>:\u00a0<a href=\"mailto:info@jonglezverlag.com\"><span class=\"s2\">info@jonglezverlag.com<\/span><\/a>\u00a0<\/span><\/p>\n<div class=\"buttons_cont\">\n<div align=\"center\"><\/div>\n<div class=\"button_cont\" align=\"center\">\n<div class=\"button_cont\" align=\"center\"><a class=\"gv_product_btn\" href=\"https:\/\/jonglezpublishing.com\/wp-content\/uploads\/2024\/05\/Couv-Normandie_ALL_RVB--scaled.jpg\" target=\"_blank\" rel=\"noopener\">Cover herunterladen<\/a><\/div>\n<div class=\"button_cont\" align=\"center\"><a class=\"gv_product_btn\" href=\"https:\/\/jonglezpublishing.com\/wp-content\/uploads\/2024\/06\/PREVIEW_Verborgenes-Normandie.pdf\" target=\"_blank\" rel=\"noopener\">Leseprobe<\/a><\/div>\n<div class=\"button_cont\" align=\"center\"><a class=\"gv_product_btn\" href=\"https:\/\/www.thalia.de\/shop\/home\/artikeldetails\/A1070474692\" target=\"_blank\" rel=\"noopener\">Online kaufen<\/a><\/div>\n<\/div>\n<\/div>\n","protected":false},"excerpt":{"rendered":"<p>Besuchen Sie ein K\u00fcnstleratelier in einem Schloss, entdecken Sie zwei Kapellen in den ausgeh\u00f6hlten St\u00e4mmen uralter B\u00e4ume, gie\u00dfen Sie Calvados<\/p>\n","protected":false},"featured_media":12620,"template":"","meta":[],"product_brand":[],"product_cat":[421,174],"product_tag":[],"class_list":{"0":"post-12465","1":"product","2":"type-product","3":"status-publish","4":"has-post-thumbnail","6":"product_cat-verborgenes-reisefuehrer","7":"product_cat-english-de","9":"first","10":"instock","11":"shipping-taxable","12":"product-type-simple"},"aioseo_notices":[],"_links":{"self":[{"href":"https:\/\/jonglezpublishing.com\/de\/wp-json\/wp\/v2\/product\/12465","targetHints":{"allow":["GET"]}}],"collection":[{"href":"https:\/\/jonglezpublishing.com\/de\/wp-json\/wp\/v2\/product"}],"about":[{"href":"https:\/\/jonglezpublishing.com\/de\/wp-json\/wp\/v2\/types\/product"}],"wp:featuredmedia":[{"embeddable":true,"href":"https:\/\/jonglezpublishing.com\/de\/wp-json\/wp\/v2\/media\/12620"}],"wp:attachment":[{"href":"https:\/\/jonglezpublishing.com\/de\/wp-json\/wp\/v2\/media?parent=12465"}],"wp:term":[{"taxonomy":"product_brand","embeddable":true,"href":"https:\/\/jonglezpublishing.com\/de\/wp-json\/wp\/v2\/product_brand?post=12465"},{"taxonomy":"product_cat","embeddable":true,"href":"https:\/\/jonglezpublishing.com\/de\/wp-json\/wp\/v2\/product_cat?post=12465"},{"taxonomy":"product_tag","embeddable":true,"href":"https:\/\/jonglezpublishing.com\/de\/wp-json\/wp\/v2\/product_tag?post=12465"}],"curies":[{"name":"wp","href":"https:\/\/api.w.org\/{rel}","templated":true}]}}