{"id":12592,"date":"2024-06-06T08:39:22","date_gmt":"2024-06-06T05:39:22","guid":{"rendered":"https:\/\/jonglezpublishing.com\/product\/destination-wellness-unsere-35-besten-orte-der-welt-zum-entspannen\/"},"modified":"2024-06-06T13:04:55","modified_gmt":"2024-06-06T10:04:55","slug":"destination-wellness-unsere-35-besten-orte-der-welt-zum-entspannen","status":"publish","type":"product","link":"https:\/\/jonglezpublishing.com\/de\/produkt\/destination-wellness-unsere-35-besten-orte-der-welt-zum-entspannen\/","title":{"rendered":"DESTINATION WELLNESS &#8211; UNSERE 35 BESTEN ORTE DER WELT ZUM ENTSPANNEN"},"content":{"rendered":"<p>Sie ben\u00f6tigen eine Auszeit, wissen aber nicht, wohin die Reise gehen soll? Sie tr\u00e4umen von einer Mischung aus kulturellem Tapetenwechsel und Wellness-Urlaub? Sie suchen ein holistisches Zentrum, das die ausgetretenen Pfade verl\u00e4sst (und Sie nicht gleich ein Verm\u00f6gen kostet)? Dann halten Sie genau das Buch in H\u00e4nden, das Sie jetzt brauchen. Entdecken Sie unsere Auswahl der 35 besten Wellness-Reiseziele weltweit \u2013 f\u00fcr jeden Stil und jedes Budget. Ein Yoga-Retreat auf einer griechischen Privatinsel, eine Ayurveda- Woche in der Normandie, ein Breathwork-Workshop in Costa Rica, ein Detox Aufenthalt unter der Sonne Italiens oder Arizonas, eine Panchakarma-Kur auf Sri Lanka oder Ruhe und Erholung auf einer Spa-Insel der Malediven &#8230; Orte, von denen Sie ges\u00fcnder, st\u00e4rker und mehr als Sie selbst zur\u00fcck kehren werden. Gute (innere) Reise!<\/p>\n<p><strong>AUTOR:<\/strong>\u00c9milie Veyretout<br \/>\n<b>SEITEN<\/b>: 288<br \/>\n<b>FORMAT<\/b>: 190 x 240mm<br \/>\n<b>ISBN<\/b>: 978-2-36195-771-1<br \/>\n<b>PREIS<\/b>: 24,95 \u20ac [D] &#8211; 25,95 \u20ac [A]<br \/>\n<b>KONTAKT<\/b>:<a href=\"mailto:info@jonglezverlag.com\">\u00a0info@jonglezverlag.com<\/a><\/p>\n<div class=\"button_cont\" align=\"center\"><a class=\"gv_product_btn\" href=\"https:\/\/jonglezpublishing.com\/wp-content\/uploads\/2024\/06\/Couv-Wellness_CMJN_print-scaled.jpg\" target=\"_blank\" rel=\"noopener\">Cover herunterladen<\/a><\/div>\n<div class=\"button_cont\" align=\"center\"><a class=\"gv_product_btn\" href=\"https:\/\/jonglezpublishing.com\/wp-content\/uploads\/2024\/06\/PREVIEW_WELLNESS_ALL.pdf\" target=\"_blank\" rel=\"noopener\">Leseprobe<\/a><\/div>\n<div class=\"button_cont\" align=\"center\"><a class=\"gv_product_btn\" href=\"https:\/\/www.thalia.de\/shop\/home\/artikeldetails\/A1071577617\" target=\"_blank\" rel=\"noopener\">Online kaufen<\/a><\/div>\n","protected":false},"excerpt":{"rendered":"<p>Sie ben\u00f6tigen eine Auszeit, wissen aber nicht, wohin die Reise gehen soll? Sie tr\u00e4umen von einer Mischung aus kulturellem Tapetenwechsel<\/p>\n","protected":false},"featured_media":12599,"template":"","meta":[],"product_brand":[],"product_cat":[481,174,391],"product_tag":[],"class_list":{"0":"post-12592","1":"product","2":"type-product","3":"status-publish","4":"has-post-thumbnail","6":"product_cat-bildbaende","7":"product_cat-english-de","8":"product_cat-french-de","10":"first","11":"instock","12":"shipping-taxable","13":"product-type-simple"},"aioseo_notices":[],"_links":{"self":[{"href":"https:\/\/jonglezpublishing.com\/de\/wp-json\/wp\/v2\/product\/12592","targetHints":{"allow":["GET"]}}],"collection":[{"href":"https:\/\/jonglezpublishing.com\/de\/wp-json\/wp\/v2\/product"}],"about":[{"href":"https:\/\/jonglezpublishing.com\/de\/wp-json\/wp\/v2\/types\/product"}],"wp:featuredmedia":[{"embeddable":true,"href":"https:\/\/jonglezpublishing.com\/de\/wp-json\/wp\/v2\/media\/12599"}],"wp:attachment":[{"href":"https:\/\/jonglezpublishing.com\/de\/wp-json\/wp\/v2\/media?parent=12592"}],"wp:term":[{"taxonomy":"product_brand","embeddable":true,"href":"https:\/\/jonglezpublishing.com\/de\/wp-json\/wp\/v2\/product_brand?post=12592"},{"taxonomy":"product_cat","embeddable":true,"href":"https:\/\/jonglezpublishing.com\/de\/wp-json\/wp\/v2\/product_cat?post=12592"},{"taxonomy":"product_tag","embeddable":true,"href":"https:\/\/jonglezpublishing.com\/de\/wp-json\/wp\/v2\/product_tag?post=12592"}],"curies":[{"name":"wp","href":"https:\/\/api.w.org\/{rel}","templated":true}]}}