{"id":12625,"date":"2019-03-04T12:39:13","date_gmt":"2024-06-06T13:30:28","guid":{"rendered":"https:\/\/jonglezpublishing.com\/?post_type=product&#038;p=12625"},"modified":"2024-06-06T16:30:29","modified_gmt":"2024-06-06T13:30:29","slug":"verborgenes-amsterdam","status":"publish","type":"product","link":"https:\/\/jonglezpublishing.com\/de\/produkt\/verborgenes-amsterdam\/","title":{"rendered":"VERBORGENES AMSTERDAM"},"content":{"rendered":"<p>Entdecken Sie den historischen Standort der ber\u00fchmten Nachtwache von Rembrandt, den Ursprung des Cognac und eine au\u00dfergew\u00f6hnliche hermetische Bibliothek, entschl\u00fcsseln Sie Fassadensteine, besuchen Sie ein vollst\u00e4ndig auf dem Wasser errichtetes \u00f6kologisches Stadtviertel, geben Sie sich \u00f6ffentlich und ganz legal dem Liebesspiel hin, sehen Sie wundersch\u00f6ne Innenh\u00f6fe, fahren Sie Ski im Herzen der Stadt, genie\u00dfen Sie die Vorz\u00fcge des Boat-in, der Amsterdamer Version des Drive-in, und essen Sie Ihre Pizza ganz entspannt an Bord Ihres Bootes &#8230;<\/p>\n<p>Abseits der Menschenmassen und allseits bekannten Dauerbrenner h\u00e4lt Amsterdam immer noch gut geh\u00fctete Sch\u00e4tze bereit, die die Stadt nur den Einwohnern und Reisenden enth\u00fcllt, die die \u00fcblichen Wege verlassen.<\/p>\n<p>Ein unentbehrlicher Reisef\u00fchrer f\u00fcr alle, die dachten, Amsterdam wie ihre Westentasche zu kennen, oder auch<br \/>\niejenigen, die eine andere Seite der niederl\u00e4ndischen Hauptstadt entdecken wollen.<\/p>\n<p>&nbsp;<\/p>\n<p><b>AUTOR<\/b>: Marjolijn Van Eys, Delphine Mousseau, Fotos Von Corn\u00e9 Henri Bibo, und Christelle De Cazenov<br \/>\n<b>SEITEN<\/b>: 224<br \/>\n<b>FORMAT<\/b>: 10.5 x 19 cm<br \/>\n<b>ISBN<\/b>: 978-2-36195-080-4<br \/>\n<b>PREIS<\/b>: \u20ac18.95 [D] &#8211; \u20ac19.95 [A]<br \/>\n<b>KONTAKT<\/b>:\u00a0<a href=\"mailto:info@jonglezverlag.com\">info@jonglezverlag.com<\/a><\/p>\n<div class=\"buttons_cont\">\n<div class=\"button_cont\" align=\"center\"><a class=\"gv_product_btn\" href=\"https:\/\/jonglezpublishing.com\/wp-content\/uploads\/2024\/06\/Couverture-Amesterdam-ALL_RVB-scaled.jpg\" target=\"_blank\" rel=\"noopener\">Cover herunterladen<\/a><\/div>\n<div class=\"button_cont\" align=\"center\"><a class=\"gv_product_btn\" href=\"https:\/\/jonglezpublishing.com\/wp-content\/uploads\/2024\/06\/Preview-Amsterdam_ALL.pdf\" target=\"_blank\" rel=\"noopener\">Leseprobe<\/a><\/div>\n<div class=\"button_cont\" align=\"center\"><a class=\"gv_product_btn\" href=\"https:\/\/www.thalia.de\/shop\/home\/artikeldetails\/A1059308136\" target=\"_blank\" rel=\"noopener\">Online kaufen<\/a><\/div>\n<\/div>\n","protected":false},"excerpt":{"rendered":"<p>Entdecken Sie den historischen Standort der ber\u00fchmten Nachtwache von Rembrandt, den Ursprung des Cognac und eine au\u00dfergew\u00f6hnliche hermetische Bibliothek, entschl\u00fcsseln<\/p>\n","protected":false},"featured_media":12631,"template":"","meta":[],"product_brand":[],"product_cat":[421,174,392,393],"product_tag":[176,177,179,181,182],"class_list":{"0":"post-12625","1":"product","2":"type-product","3":"status-publish","4":"has-post-thumbnail","6":"product_cat-verborgenes-reisefuehrer","7":"product_cat-english-de","8":"product_cat-italian-de","9":"product_cat-spanish-de","10":"product_tag-jonglez-de","11":"product_tag-jonglez-publishing-de","12":"product_tag-secret-guides-de","13":"product_tag-secret-travel-guides-de","14":"product_tag-travel-guides-de","16":"first","17":"instock","18":"shipping-taxable","19":"product-type-simple"},"aioseo_notices":[],"_links":{"self":[{"href":"https:\/\/jonglezpublishing.com\/de\/wp-json\/wp\/v2\/product\/12625","targetHints":{"allow":["GET"]}}],"collection":[{"href":"https:\/\/jonglezpublishing.com\/de\/wp-json\/wp\/v2\/product"}],"about":[{"href":"https:\/\/jonglezpublishing.com\/de\/wp-json\/wp\/v2\/types\/product"}],"wp:featuredmedia":[{"embeddable":true,"href":"https:\/\/jonglezpublishing.com\/de\/wp-json\/wp\/v2\/media\/12631"}],"wp:attachment":[{"href":"https:\/\/jonglezpublishing.com\/de\/wp-json\/wp\/v2\/media?parent=12625"}],"wp:term":[{"taxonomy":"product_brand","embeddable":true,"href":"https:\/\/jonglezpublishing.com\/de\/wp-json\/wp\/v2\/product_brand?post=12625"},{"taxonomy":"product_cat","embeddable":true,"href":"https:\/\/jonglezpublishing.com\/de\/wp-json\/wp\/v2\/product_cat?post=12625"},{"taxonomy":"product_tag","embeddable":true,"href":"https:\/\/jonglezpublishing.com\/de\/wp-json\/wp\/v2\/product_tag?post=12625"}],"curies":[{"name":"wp","href":"https:\/\/api.w.org\/{rel}","templated":true}]}}