{"id":12854,"date":"2024-07-09T10:57:29","date_gmt":"2024-07-09T07:57:29","guid":{"rendered":"https:\/\/jonglezpublishing.com\/?post_type=product&#038;p=12854"},"modified":"2025-04-21T16:29:08","modified_gmt":"2025-04-21T13:29:08","slug":"soul-of-kyoto-30-einzigartige-erlebnisse-copy","status":"publish","type":"product","link":"https:\/\/jonglezpublishing.com\/de\/produkt\/soul-of-kyoto-30-einzigartige-erlebnisse-copy\/","title":{"rendered":"SOUL OF PARIS &#8211; 30 EINZIGARTIGE ERLEBNISSE"},"content":{"rendered":"<p style=\"text-align: center;\"><strong>SOUL OF PARIS<\/strong><br \/>\nWIR HABEN 1000 ORTE GETESTET<br \/>\n<strong>UND DIE 30 BESTEN AUSGEW\u00c4HLT<\/strong><\/p>\n<p>Sterne beobachten im Herzen von Paris, ein Bistro, das sich seit den 1950er\u2013 Jahren nicht ver\u00e4ndert hat, zu Gast in den bezauberndsten Hotels der franz\u00f6sischen Hauptstadt, das Restaurant eines kulinarischen K\u00fcnstlers, ein Tag am Montmartre abseits der Touristenmassen, n\u00e4chtliche Museumsbesuche, das beste Baguette von Paris, ein romantischer Spaziergang, der sch\u00f6nste Ort zum K\u00fcssen in der Stadt der Liebe, St\u00f6bern in einer geheimen Pariser Bibliothek, eine Nacht des Gebets in der Basilika Sacr\u00e9-C\u0153ur, eine \u00e4u\u00dferst raffinierte Boutique &#8230;<\/p>\n<p>\u201eSoul of \u201c steht f\u00fcr die neue Kunst des Reisens mit spontanen Streifz\u00fcgen, zuf\u00e4lligen Begegnungen, unvergesslichen Erlebnissen. Reisef\u00fchrer, die die verborgenen T\u00fcren einer Stadt \u00f6ff nen, ihren Puls ersp\u00fcren und auf der Suche nach ihrer Seele jeden Winkel durchforsten.<\/p>\n<p>&nbsp;<\/p>\n<p class=\"p1\"><span class=\"s1\"><b>Autor<\/b>:\u00a0<\/span><span class=\"s1\">Thomas Jonglez<br \/>\n<\/span><span class=\"s1\"><b>ISBN<\/b>: 978-2-36195-865-7<\/span><br \/>\n<span class=\"s1\"><b>Preis<\/b>: 14 , 95 \u20ac [ D ] &#8211; 15 , 95 \u20ac [ A ]<br \/>\n<b>Ma\u00dfe<\/b>: 200 x 135 mm<br \/>\n<\/span><span class=\"s1\"><b>Kontakt<\/b>: <a href=\"mailto:info@jonglezverlag.com\"><span class=\"s2\">info@jonglezverlag.com<\/span><\/a>\u00a0<\/span><\/p>\n<p>&nbsp;<\/p>\n<div class=\"buttons_cont\">\n<div class=\"button_cont\" align=\"center\"><a class=\"gv_product_btn\" href=\"https:\/\/jonglezpublishing.com\/wp-content\/uploads\/2024\/07\/couv_SO_Paris_RVB_ALL-scaled.jpg\" target=\"_blank\" rel=\"noopener\">Cover herunterlaen<\/a><\/div>\n<div class=\"button_cont\" align=\"center\"><a class=\"gv_product_btn\" href=\"https:\/\/jonglezpublishing.com\/wp-content\/uploads\/2025\/04\/PREVIEW-SO-Paris_ALL.pdf\" target=\"_blank\" rel=\"noopener\">Leseprob<\/a><\/div>\n<div class=\"button_cont\" align=\"center\"><a class=\"gv_product_btn\" href=\"https:\/\/www.thalia.de\/shop\/home\/artikeldetails\/A1073688978\" target=\"_blank\" rel=\"noopener\">Online aufen<br \/>\n<\/a><\/div>\n<\/div>\n","protected":false},"excerpt":{"rendered":"<p>SOUL OF PARIS WIR HABEN 1000 ORTE GETESTET UND DIE 30 BESTEN AUSGEW\u00c4HLT Sterne beobachten im Herzen von Paris, ein<\/p>\n","protected":false},"featured_media":13769,"template":"","meta":[],"product_brand":[],"product_cat":[517,174,391,400,392],"product_tag":[],"class_list":{"0":"post-12854","1":"product","2":"type-product","3":"status-publish","4":"has-post-thumbnail","6":"product_cat-soul-of-reihe","7":"product_cat-english-de","8":"product_cat-french-de","9":"product_cat-german-de","10":"product_cat-italian-de","12":"first","13":"instock","14":"shipping-taxable","15":"product-type-simple"},"aioseo_notices":[],"_links":{"self":[{"href":"https:\/\/jonglezpublishing.com\/de\/wp-json\/wp\/v2\/product\/12854","targetHints":{"allow":["GET"]}}],"collection":[{"href":"https:\/\/jonglezpublishing.com\/de\/wp-json\/wp\/v2\/product"}],"about":[{"href":"https:\/\/jonglezpublishing.com\/de\/wp-json\/wp\/v2\/types\/product"}],"wp:featuredmedia":[{"embeddable":true,"href":"https:\/\/jonglezpublishing.com\/de\/wp-json\/wp\/v2\/media\/13769"}],"wp:attachment":[{"href":"https:\/\/jonglezpublishing.com\/de\/wp-json\/wp\/v2\/media?parent=12854"}],"wp:term":[{"taxonomy":"product_brand","embeddable":true,"href":"https:\/\/jonglezpublishing.com\/de\/wp-json\/wp\/v2\/product_brand?post=12854"},{"taxonomy":"product_cat","embeddable":true,"href":"https:\/\/jonglezpublishing.com\/de\/wp-json\/wp\/v2\/product_cat?post=12854"},{"taxonomy":"product_tag","embeddable":true,"href":"https:\/\/jonglezpublishing.com\/de\/wp-json\/wp\/v2\/product_tag?post=12854"}],"curies":[{"name":"wp","href":"https:\/\/api.w.org\/{rel}","templated":true}]}}