{"id":12890,"date":"2024-07-09T10:24:56","date_gmt":"2024-07-09T07:24:56","guid":{"rendered":"https:\/\/jonglezpublishing.com\/product\/secret-budapest\/"},"modified":"2024-07-22T10:40:08","modified_gmt":"2024-07-22T07:40:08","slug":"secret-budapest","status":"publish","type":"product","link":"https:\/\/jonglezpublishing.com\/de\/produkt\/secret-budapest\/","title":{"rendered":"VERBORGENES BUDAPEST"},"content":{"rendered":"<p>Eine Kirche, die aussieht wie ein Raumschiff aus einem Science-Fiction-Film der F\u00fcnfzigerjahre; die Dracula Treppe; zwei Abschnitte der Berliner Mauer; portugiesische Gedichte an der Wand einer U-Bahn-Station; ein halb verlassenes Flughafenterminal; ein Keller voller Flipper; antike r\u00f6mische Hundepfoten an einem Empfangstresen; eine Kirche, die um einen Meter angehoben wurde; eines der gr\u00f6\u00dften Weinf\u00e4sser der Welt; eine riesige Sanduhr; ein Friedhof f\u00fcr Eisenbahnrelikte sowie Wandgem\u00e4lde mit verborgener Kritik am kommunistischen Regime Ungarns. Dies sind nur einige der Geheimnisse, die in dem Reisef\u00fchrer Verborgenes Budapest gel\u00fcftet werden. Fernab der Menschenmengen und \u00fcblichen Klischees hat Budapest unz\u00e4hlige kuriose Orte zu bieten \u2013 die Stadt beherbergt eine Vielzahl verborgener Sch\u00e4tze, die sich nur den Einheimischen und Reisenden erschlie\u00dfen, die abseits der ausgetretenen Pfade wandeln.<\/p>\n<p>Ein unentbehrlicher Reisef\u00fchrer f\u00fcr alle, die Budapest zukennen glauben oder eine andere Seite der Stadt entdecken<br \/>\nm\u00f6chten.<\/p>\n<p>&nbsp;<\/p>\n<p class=\"p1\"><span class=\"s1\"><b>AUTOREN<\/b>: G\u00c9ZA PAPP<br \/>\n<\/span><span class=\"s1\"><b>SEITEN<\/b>: 320<br \/>\n<\/span><span class=\"s1\"><b>FORMAT<\/b>: 10.5 x 19 cm<br \/>\n<\/span><span class=\"s1\"><b>ISBN<\/b>: 978-2-36195-731-5<br \/>\n<\/span><span class=\"s1\"><b>PREIS<\/b>: 18,95 \u20ac [D] \u2013 19,95 \u20ac [A]<br \/>\n<\/span><span class=\"s1\"><b>KONTAKT<\/b>:\u00a0<a href=\"mailto:info@jonglezverlag.com\"><span class=\"s2\">info@jonglezverlag.com<\/span><\/a>\u00a0<\/span><\/p>\n<div class=\"buttons_cont\">\n<div class=\"button_cont\" align=\"center\">\n<div class=\"button_cont\" align=\"center\"><\/div>\n<div align=\"center\"><\/div>\n<\/div>\n<\/div>\n<div class=\"buttons_cont\">\n<div class=\"button_cont\" align=\"center\"><a class=\"gv_product_btn\" href=\"https:\/\/jonglezpublishing.com\/wp-content\/uploads\/2024\/07\/couv_Budapest_ALL_RVB-scaled.jpg\" target=\"_blank\" rel=\"noopener\">Cover herunterladen<\/a><\/div>\n<div class=\"button_cont\" align=\"center\"><a class=\"gv_product_btn\" href=\"https:\/\/jonglezpublishing.com\/wp-content\/uploads\/2024\/07\/Preview-Budapest_ALL.pdf\" target=\"_blank\" rel=\"noopener\">Leseprobe<\/a><\/div>\n<div class=\"button_cont\" align=\"center\"><a class=\"gv_product_btn\" href=\"https:\/\/www.thalia.de\/shop\/home\/artikeldetails\/A1057338508\" target=\"_blank\" rel=\"noopener\">Online kaufen<\/a><\/div>\n<\/div>\n","protected":false},"excerpt":{"rendered":"<p>Eine Kirche, die aussieht wie ein Raumschiff aus einem Science-Fiction-Film der F\u00fcnfzigerjahre; die Dracula Treppe; zwei Abschnitte der Berliner Mauer;<\/p>\n","protected":false},"featured_media":12899,"template":"","meta":[],"product_brand":[],"product_cat":[421,174],"product_tag":[],"class_list":{"0":"post-12890","1":"product","2":"type-product","3":"status-publish","4":"has-post-thumbnail","6":"product_cat-verborgenes-reisefuehrer","7":"product_cat-english-de","9":"first","10":"instock","11":"shipping-taxable","12":"product-type-simple"},"aioseo_notices":[],"_links":{"self":[{"href":"https:\/\/jonglezpublishing.com\/de\/wp-json\/wp\/v2\/product\/12890","targetHints":{"allow":["GET"]}}],"collection":[{"href":"https:\/\/jonglezpublishing.com\/de\/wp-json\/wp\/v2\/product"}],"about":[{"href":"https:\/\/jonglezpublishing.com\/de\/wp-json\/wp\/v2\/types\/product"}],"wp:featuredmedia":[{"embeddable":true,"href":"https:\/\/jonglezpublishing.com\/de\/wp-json\/wp\/v2\/media\/12899"}],"wp:attachment":[{"href":"https:\/\/jonglezpublishing.com\/de\/wp-json\/wp\/v2\/media?parent=12890"}],"wp:term":[{"taxonomy":"product_brand","embeddable":true,"href":"https:\/\/jonglezpublishing.com\/de\/wp-json\/wp\/v2\/product_brand?post=12890"},{"taxonomy":"product_cat","embeddable":true,"href":"https:\/\/jonglezpublishing.com\/de\/wp-json\/wp\/v2\/product_cat?post=12890"},{"taxonomy":"product_tag","embeddable":true,"href":"https:\/\/jonglezpublishing.com\/de\/wp-json\/wp\/v2\/product_tag?post=12890"}],"curies":[{"name":"wp","href":"https:\/\/api.w.org\/{rel}","templated":true}]}}