{"id":12969,"date":"2020-11-13T10:14:45","date_gmt":"2024-07-30T04:07:50","guid":{"rendered":"https:\/\/jonglezpublishing.com\/?post_type=product&#038;p=12969"},"modified":"2024-11-14T16:39:00","modified_gmt":"2024-11-14T14:39:00","slug":"verborgenes-berlin","status":"publish","type":"product","link":"https:\/\/jonglezpublishing.com\/de\/produkt\/verborgenes-berlin\/","title":{"rendered":"VERBORGENES BERLIN"},"content":{"rendered":"<p>Ein H\u00f6rsaal, in dem einst Tiere seziert wurden, eine Sandd\u00fcne mitten in der Stadt, das \u00e4lteste St\u00fcck der Berliner Ein H\u00f6rsaal, in dem einst Tiere seziert wurden, eine Sandd\u00fcne mitten in der Stadt, das \u00e4lteste St\u00fcck der Berliner Mauer, die au\u00dfergew\u00f6hnliche Innengestaltung einer expressionistischen Kirche, eine Nachbildung des Palazzo Farnese in Rom, die \u00dcberreste eines DDR-Aufnahmelagers f\u00fcr West- Ost-Migranten, ein 12000 Tonnen schwerer Betonbau zur \u00dcberpr\u00fcfung der Tragf\u00e4higkeit des Bodens, eine Leucht- installation in einer Friedhofskapelle, ein unbekanntes Meisterwerk des Brutalismus, der k\u00fcnstliche H\u00fcgel, auf dem der Flugpionier Otto Lilienthal seine ersten Flugversuche unternahm, eine Stra\u00dfe, die zum Schutz einer Biberkolonie von 22 bis 6 Uhr f\u00fcr den Durchgangsverkehr gesperrt ist \u2026<\/p>\n<p>Abseits der Menschenmassen und der allseits bekannten \u201eDauerbrenner\u201c h\u00e4lt Berlin immer noch gut geh\u00fctete Sch\u00e4tze bereit, die die Stadt nur ihren Einwohnern und den Reisenden enth\u00fcllt, die die \u00fcblichen Touristenpfade verlassen.<\/p>\n<p>Ein unentbehrlicher Reisef\u00fchrer f\u00fcr alle, die glaubten, Berlin wie ihre Westentasche zu kennen, und f\u00fcr diejenigen, die einmal eine ganz andere Seite dieser faszinierenden Stadt entdecken wollen.<\/p>\n<p>&nbsp;<\/p>\n<p><span class=\"s1\"><b>AUTOREN<\/b>: Thomas Jonglez, Manuel Roy und Roberto Sassi<br \/>\n<\/span><span class=\"s1\"><b>SEITEN<\/b>: 480<br \/>\n<\/span><span class=\"s1\"><b>FORMAT<\/b>: 10.5 x 19 cm<br \/>\n<\/span><span class=\"s1\"><b>ISBN<\/b>: 978-2-36195-825-1<br \/>\n<\/span><span class=\"s1\"><b>PREIS<\/b>: 21,95\u20ac [ D ] \u2013 22,95 \u20ac [ A ]<br \/>\n<\/span><span class=\"s1\"><b>KONTAKT<\/b>:\u00a0<a href=\"mailto:info@jonglezverlag.com\"><span class=\"s2\">info@jonglezverlag.com<\/span><\/a>\u00a0<\/span><\/p>\n<p>&nbsp;<\/p>\n<div class=\"buttons_cont\">\n<div class=\"button_cont\" align=\"center\"><a class=\"gv_product_btn\" href=\"https:\/\/jonglezpublishing.com\/wp-content\/uploads\/2020\/11\/Couverture-Berlin_ALL-scaled.jpg\" target=\"_blank\" rel=\"noopener\">Cover herunterladen<\/a><\/div>\n<div class=\"button_cont\" align=\"center\"><a class=\"gv_product_btn\" href=\"https:\/\/jonglezpublishing.com\/wp-content\/uploads\/2024\/11\/PREVIEW_Berlin_ALL_11_2024.pdf\" target=\"_blank\" rel=\"noopener\">Leseprobe<\/a><\/div>\n<div class=\"button_cont\" align=\"center\"><a class=\"gv_product_btn\" href=\"https:\/\/www.thalia.de\/shop\/home\/artikeldetails\/A1056431129\" target=\"_blank\" rel=\"noopener\">Online kafen<\/a><\/div>\n<\/div>\n","protected":false},"excerpt":{"rendered":"<p>Ein H\u00f6rsaal, in dem einst Tiere seziert wurden, eine Sandd\u00fcne mitten in der Stadt, das \u00e4lteste St\u00fcck der Berliner Ein<\/p>\n","protected":false},"featured_media":13266,"template":"","meta":[],"product_brand":[],"product_cat":[421,174,391,400],"product_tag":[],"class_list":{"0":"post-12969","1":"product","2":"type-product","3":"status-publish","4":"has-post-thumbnail","6":"product_cat-verborgenes-reisefuehrer","7":"product_cat-english-de","8":"product_cat-french-de","9":"product_cat-german-de","11":"first","12":"instock","13":"shipping-taxable","14":"product-type-simple"},"aioseo_notices":[],"_links":{"self":[{"href":"https:\/\/jonglezpublishing.com\/de\/wp-json\/wp\/v2\/product\/12969","targetHints":{"allow":["GET"]}}],"collection":[{"href":"https:\/\/jonglezpublishing.com\/de\/wp-json\/wp\/v2\/product"}],"about":[{"href":"https:\/\/jonglezpublishing.com\/de\/wp-json\/wp\/v2\/types\/product"}],"wp:featuredmedia":[{"embeddable":true,"href":"https:\/\/jonglezpublishing.com\/de\/wp-json\/wp\/v2\/media\/13266"}],"wp:attachment":[{"href":"https:\/\/jonglezpublishing.com\/de\/wp-json\/wp\/v2\/media?parent=12969"}],"wp:term":[{"taxonomy":"product_brand","embeddable":true,"href":"https:\/\/jonglezpublishing.com\/de\/wp-json\/wp\/v2\/product_brand?post=12969"},{"taxonomy":"product_cat","embeddable":true,"href":"https:\/\/jonglezpublishing.com\/de\/wp-json\/wp\/v2\/product_cat?post=12969"},{"taxonomy":"product_tag","embeddable":true,"href":"https:\/\/jonglezpublishing.com\/de\/wp-json\/wp\/v2\/product_tag?post=12969"}],"curies":[{"name":"wp","href":"https:\/\/api.w.org\/{rel}","templated":true}]}}