{"id":13173,"date":"2023-10-09T18:08:33","date_gmt":"2023-10-09T15:08:33","guid":{"rendered":"https:\/\/jonglezpublishing.com\/?post_type=product&#038;p=13173"},"modified":"2024-09-12T17:26:29","modified_gmt":"2024-09-12T14:26:29","slug":"atlas-der-aussergewoehnlichen-weine","status":"publish","type":"product","link":"https:\/\/jonglezpublishing.com\/de\/produkt\/atlas-der-aussergewoehnlichen-weine\/","title":{"rendered":"ATLAS DER AU\u00dfERGEW\u00d6HNLICHEN WEINE"},"content":{"rendered":"<p>N\u00e4chtliche Weinlesen, ein Friedenswein aus \u00fcber 600 Rebsorten aus aller Welt, Eiswein aus Qu\u00e9bec, 15 Meter hohe Rebst\u00f6cke in Italien und Portugal, ein Wein aus der W\u00fcste Gobi, effizienter Weinbau auf Taiwan, Traubenernte am 31. Dezember, Musikbeschallung im Weinberg, ein Bordeaux mit Trockeneis, ein Weinberg auf einer Bergehalde in Nordfrankreich &#8230;<\/p>\n<p>\u00dcberall auf der Welt finden sich Winzer, die die ausgetretenen Pfade verlassen und unter au\u00dfergew\u00f6hnlichen klimatischen Bedingungen und in untypischen Regionen Wein anbauen. Sie retten vergessene Rebsorten, erproben unkonventionelle Weinbereitungsmethoden oder kreieren ihre ganz eigenen Weine.<\/p>\n<p>Pierrick Bourgault (Preistr\u00e4ger des Grand Prix du Journalisme Agricole) bereist seit 30 Jahren die Welt, um Winzer zu treffen. In diesem Atlas l\u00e4dt er uns ein auf eine spannende Reise zu den ungew\u00f6hnlichsten Weinen der Welt.<\/p>\n<p>&nbsp;<\/p>\n<p><strong>AUTOR:<\/strong>\u00a0Pierrick Bourgault<br \/>\n<b>SEITEN<\/b>: 160<br \/>\n<b>FORMAT<\/b>: 190 x 260 mm<br \/>\n<b>ISBN<\/b>: 978-2-36195-528-1<br \/>\n<b>PREIS<\/b>: 25,00 \u20ac [D] &#8211; 26,00 \u20ac [A]<br \/>\n<b>KONTAKT<\/b>:<a href=\"mailto:info@jonglezverlag.com\">\u00a0info@jonglezverlag.com<\/a><\/p>\n<p>&nbsp;<\/p>\n<div class=\"buttons_cont\">\n<div class=\"button_cont\" align=\"center\">\n<div class=\"button_cont\" align=\"center\"><a class=\"gv_product_btn\" href=\"https:\/\/jonglezpublishing.com\/wp-content\/uploads\/2024\/09\/Couv_Vins_-scaled.jpg\" target=\"_blank\" rel=\"noopener\">Cover herunterladen<\/a><\/div>\n<div class=\"button_cont\" align=\"center\"><a class=\"gv_product_btn\" href=\"https:\/\/jonglezpublishing.com\/wp-content\/uploads\/2024\/09\/Preview-ATLAS-VINS-ALL.pdf\" target=\"_blank\" rel=\"noopener\">Leseprobe<\/a><\/div>\n<div class=\"button_cont\" align=\"center\"><a class=\"gv_product_btn\" href=\"https:\/\/www.amazon.fr\/-\/en\/dp\/2361955288\/ref=sr_1_1?crid=TQ8ZALQ7PHUT&amp;dib=eyJ2IjoiMSJ9.rzqtE4ifu6xeZi001mEY7w.BTyIRix9VgHF-2VFQmBZfKGE4DnzPYwPOiOE67Vi5u8&amp;dib_tag=se&amp;keywords=ATLAS+DER+AU%C3%9FERGEW%C3%96HNLICHEN+WEINE&amp;qid=1726151164&amp;sprefix=9782361956813%2Caps%2C429&amp;sr=8-1\" target=\"_blank\" rel=\"noopener\">Online kaufen<\/a><\/div>\n<\/div>\n<\/div>\n","protected":false},"excerpt":{"rendered":"<p>N\u00e4chtliche Weinlesen, ein Friedenswein aus \u00fcber 600 Rebsorten aus aller Welt, Eiswein aus Qu\u00e9bec, 15 Meter hohe Rebst\u00f6cke in Italien<\/p>\n","protected":false},"featured_media":13179,"template":"","meta":[],"product_brand":[],"product_cat":[575,174,391,392,393],"product_tag":[],"class_list":{"0":"post-13173","1":"product","2":"type-product","3":"status-publish","4":"has-post-thumbnail","6":"product_cat-atlas-der-kuriositaten","7":"product_cat-english-de","8":"product_cat-french-de","9":"product_cat-italian-de","10":"product_cat-spanish-de","12":"first","13":"instock","14":"shipping-taxable","15":"product-type-simple"},"aioseo_notices":[],"_links":{"self":[{"href":"https:\/\/jonglezpublishing.com\/de\/wp-json\/wp\/v2\/product\/13173","targetHints":{"allow":["GET"]}}],"collection":[{"href":"https:\/\/jonglezpublishing.com\/de\/wp-json\/wp\/v2\/product"}],"about":[{"href":"https:\/\/jonglezpublishing.com\/de\/wp-json\/wp\/v2\/types\/product"}],"wp:featuredmedia":[{"embeddable":true,"href":"https:\/\/jonglezpublishing.com\/de\/wp-json\/wp\/v2\/media\/13179"}],"wp:attachment":[{"href":"https:\/\/jonglezpublishing.com\/de\/wp-json\/wp\/v2\/media?parent=13173"}],"wp:term":[{"taxonomy":"product_brand","embeddable":true,"href":"https:\/\/jonglezpublishing.com\/de\/wp-json\/wp\/v2\/product_brand?post=13173"},{"taxonomy":"product_cat","embeddable":true,"href":"https:\/\/jonglezpublishing.com\/de\/wp-json\/wp\/v2\/product_cat?post=13173"},{"taxonomy":"product_tag","embeddable":true,"href":"https:\/\/jonglezpublishing.com\/de\/wp-json\/wp\/v2\/product_tag?post=13173"}],"curies":[{"name":"wp","href":"https:\/\/api.w.org\/{rel}","templated":true}]}}