{"id":13202,"date":"2024-09-06T09:34:17","date_gmt":"2024-10-25T07:22:57","guid":{"rendered":"https:\/\/jonglezpublishing.com\/?post_type=product&#038;p=13202"},"modified":"2024-10-25T10:27:04","modified_gmt":"2024-10-25T07:27:04","slug":"atlas-der-lost-places","status":"publish","type":"product","link":"https:\/\/jonglezpublishing.com\/de\/produkt\/atlas-der-lost-places\/","title":{"rendered":"ATLAS DER LOST PLACES"},"content":{"rendered":"<p style=\"text-align: center;\"><strong>Die 50 Spektakul\u00e4rsten Urbex-Orte der Welt<\/strong><\/p>\n<p>Eine verlassene japanische Insel, auf der ein James-Bond-Film gedreht wurde,vergessene unterirdische Tanks im Herzen Londons, eine ganze Stadt, die in Namibia vom Sand verschluckt wurde, ein au\u00dfergew\u00f6hnliches toskanisches Schloss, das seit Jahrzehnten verlassen ist, ein grandioses Kino, das in Tanger verf\u00e4llt, spektakul\u00e4re verlassene Fabriken in den USA, in Deutschland oder auch in Ungarn&#8230; \u00dcberall auf der Welt ger\u00e4t ein gro\u00dfer Teil unseres architektonischen Erbes allzu oft in Vergessenheit. Viele der schlafenden Sch\u00e4tze der Welt werden als wertlose Relikte einer l\u00e4ngst vergangenen Epoche betrachtet &#8230; eine Sichtweise, die nur darauf wartet, ge\u00e4ndert zu werden, wie dieser Atlas beweist. Er erinnert uns daran, wie wichtig es ist, \u00fcberall auf der Welt zur Erhaltung des Kulturerbes beizutragen, auf dem der kulturelle Reichtum unserer Welt beruht.<\/p>\n<p><b>Autoren: <\/b>Kollektive Arbeit<br \/>\n<strong>ISBN:<\/strong> 978-2-36195-778-0<br \/>\n<strong>Preis:<\/strong> 25 \u20ac [ D ] \u2013 26 \u20ac [ A ]<br \/>\n<strong>Ma\u00dfe:<\/strong> 190 x 260 mm<br \/>\n<strong>Seiten:<\/strong> 192<br \/>\n<strong>Auflage:<\/strong> 1<br \/>\n<span class=\"s1\"><b>Kontakt<\/b>:\u00a0<a href=\"mailto:info@jonglezverlag.com\"><span class=\"s2\">info@jonglezverlag.com<\/span><\/a>\u00a0<\/span><\/p>\n<p>&nbsp;<\/p>\n<div class=\"button_cont\" align=\"center\"><a class=\"gv_product_btn\" href=\"https:\/\/jonglezpublishing.com\/wp-content\/uploads\/2024\/10\/Couv_ALL_RVB-1-scaled.jpg\" target=\"_blank\" rel=\"noopener\">Cover herunterladen<\/a><\/div>\n<div class=\"button_cont\" align=\"center\"><a class=\"gv_product_btn\" href=\"https:\/\/jonglezpublishing.com\/wp-content\/uploads\/2024\/10\/PREVIEW-Atlas-der-Lost-Places_ALL-1.pdf\" target=\"_blank\" rel=\"noopener\">Leseprobe<\/a><\/div>\n<div class=\"button_cont\" align=\"center\"><a class=\"gv_product_btn\" href=\"https:\/\/www.thalia.de\/shop\/home\/artikeldetails\/A1071576883\" target=\"_blank\" rel=\"noopener\">Online kafen<\/a><\/div>\n","protected":false},"excerpt":{"rendered":"<p>Die 50 Spektakul\u00e4rsten Urbex-Orte der Welt Eine verlassene japanische Insel, auf der ein James-Bond-Film gedreht wurde,vergessene unterirdische Tanks im Herzen<\/p>\n","protected":false},"featured_media":13203,"template":"","meta":[],"product_brand":[],"product_cat":[575,174,391,400,392],"product_tag":[],"class_list":{"0":"post-13202","1":"product","2":"type-product","3":"status-publish","4":"has-post-thumbnail","6":"product_cat-atlas-der-kuriositaten","7":"product_cat-english-de","8":"product_cat-french-de","9":"product_cat-german-de","10":"product_cat-italian-de","12":"first","13":"instock","14":"shipping-taxable","15":"product-type-simple"},"aioseo_notices":[],"_links":{"self":[{"href":"https:\/\/jonglezpublishing.com\/de\/wp-json\/wp\/v2\/product\/13202","targetHints":{"allow":["GET"]}}],"collection":[{"href":"https:\/\/jonglezpublishing.com\/de\/wp-json\/wp\/v2\/product"}],"about":[{"href":"https:\/\/jonglezpublishing.com\/de\/wp-json\/wp\/v2\/types\/product"}],"wp:featuredmedia":[{"embeddable":true,"href":"https:\/\/jonglezpublishing.com\/de\/wp-json\/wp\/v2\/media\/13203"}],"wp:attachment":[{"href":"https:\/\/jonglezpublishing.com\/de\/wp-json\/wp\/v2\/media?parent=13202"}],"wp:term":[{"taxonomy":"product_brand","embeddable":true,"href":"https:\/\/jonglezpublishing.com\/de\/wp-json\/wp\/v2\/product_brand?post=13202"},{"taxonomy":"product_cat","embeddable":true,"href":"https:\/\/jonglezpublishing.com\/de\/wp-json\/wp\/v2\/product_cat?post=13202"},{"taxonomy":"product_tag","embeddable":true,"href":"https:\/\/jonglezpublishing.com\/de\/wp-json\/wp\/v2\/product_tag?post=13202"}],"curies":[{"name":"wp","href":"https:\/\/api.w.org\/{rel}","templated":true}]}}