{"id":13314,"date":"2019-03-04T12:47:04","date_gmt":"2019-03-04T12:47:04","guid":{"rendered":"https:\/\/jonglezpublishing.com\/?post_type=product&#038;p=13314"},"modified":"2024-11-19T15:58:14","modified_gmt":"2024-11-19T13:58:14","slug":"verborgenes-bruessel","status":"publish","type":"product","link":"https:\/\/jonglezpublishing.com\/de\/produkt\/verborgenes-bruessel\/","title":{"rendered":"VERBORGENES BR\u00dcSSEL"},"content":{"rendered":"<p>Wundersch\u00f6ne Jugendstillfassaden, ein rekonstruierter Flussabschnitt der Senne in Saint- G\u00e9ry, ein Bauernhof mitten in der Stadt, ein freimaurerischer Blick auf den Parc de Bruxelles, der erstaunliche physiognomische Magritte Brunnen, der Ort im Parc de Bruxelles, an dem sich 1717 der russische Zar \u00fcbergeben musste, die alte Rotunde des Panoramaparkhauses, eine Hommage an die Soldatentaube, H\u00f6hlenforschung in der Basilika von Koekelberg, ein Panoramaschwimmbad, ein skandal\u00f6ser Pavillon im Jubelpark, ein riesiger Gem\u00fcsegarten in Uccle, ein K\u00fcnstleratelier aus dem 19. Jahrhundert in Schaerbeek, ein Campingplatz im Herzen der Stadt, eine vergessene<br \/>\nGartenstadt in Forest&#8230;<\/p>\n<p>F\u00fcr diejenigen, die gut beobachten, T\u00fcren aufsto\u00dfen und die ausgetretenen Pfade verlassen k\u00f6nnen, h\u00e4lt Br\u00fcssel jede Menge \u00dcberraschungen bereit, die Einheimische, Besucher und all jene in Erstaunen versetzen, die glaubten, die Stadt wie ihre Westentasche zu kennen.<\/p>\n<p>&nbsp;<\/p>\n<p><b>AUTORLNNEN<\/b>: Nathalie Capart, Isabelle De Pange, Jean Jacques Evrard<br \/>\n<b>SEITEN<\/b>: 368<br \/>\n<b>FORMAT<\/b>: 10.5 x 19 cm<br \/>\n<b>ISBN<\/b>: 978-2-36195-805-3<br \/>\n<b>PREIS<\/b>: \u20ac 18,95 [D] \u2013 19,95 \u20ac [\u00d6]<br \/>\n<b>KONTAKT<\/b>:\u00a0<a href=\"mailto:info@jonglezverlag.com\">info@jonglezverlag.com<\/a><\/p>\n<div class=\"buttons_cont\">\n<div class=\"button_cont\" align=\"center\"><a class=\"gv_product_btn\" href=\"https:\/\/jonglezpublishing.com\/wp-content\/uploads\/2024\/11\/couv_bruxelles_ALL-scaled.jpg\" target=\"_blank\" rel=\"noopener\">Cover herunterladen<\/a><\/div>\n<div class=\"button_cont\" align=\"center\"><a class=\"gv_product_btn\" href=\"https:\/\/jonglezpublishing.com\/wp-content\/uploads\/2024\/11\/Preview-Bruxelles_ALL.pdf\" target=\"_blank\" rel=\"noopener\">Leseprobe<\/a><\/div>\n<\/div>\n","protected":false},"excerpt":{"rendered":"<p>Wundersch\u00f6ne Jugendstillfassaden, ein rekonstruierter Flussabschnitt der Senne in Saint- G\u00e9ry, ein Bauernhof mitten in der Stadt, ein freimaurerischer Blick auf<\/p>\n","protected":false},"featured_media":13315,"template":"","meta":[],"product_brand":[],"product_cat":[421,174,391,393],"product_tag":[176,177,179,181,182],"class_list":{"0":"post-13314","1":"product","2":"type-product","3":"status-publish","4":"has-post-thumbnail","6":"product_cat-verborgenes-reisefuehrer","7":"product_cat-english-de","8":"product_cat-french-de","9":"product_cat-spanish-de","10":"product_tag-jonglez-de","11":"product_tag-jonglez-publishing-de","12":"product_tag-secret-guides-de","13":"product_tag-secret-travel-guides-de","14":"product_tag-travel-guides-de","16":"first","17":"instock","18":"shipping-taxable","19":"product-type-simple"},"aioseo_notices":[],"_links":{"self":[{"href":"https:\/\/jonglezpublishing.com\/de\/wp-json\/wp\/v2\/product\/13314","targetHints":{"allow":["GET"]}}],"collection":[{"href":"https:\/\/jonglezpublishing.com\/de\/wp-json\/wp\/v2\/product"}],"about":[{"href":"https:\/\/jonglezpublishing.com\/de\/wp-json\/wp\/v2\/types\/product"}],"wp:featuredmedia":[{"embeddable":true,"href":"https:\/\/jonglezpublishing.com\/de\/wp-json\/wp\/v2\/media\/13315"}],"wp:attachment":[{"href":"https:\/\/jonglezpublishing.com\/de\/wp-json\/wp\/v2\/media?parent=13314"}],"wp:term":[{"taxonomy":"product_brand","embeddable":true,"href":"https:\/\/jonglezpublishing.com\/de\/wp-json\/wp\/v2\/product_brand?post=13314"},{"taxonomy":"product_cat","embeddable":true,"href":"https:\/\/jonglezpublishing.com\/de\/wp-json\/wp\/v2\/product_cat?post=13314"},{"taxonomy":"product_tag","embeddable":true,"href":"https:\/\/jonglezpublishing.com\/de\/wp-json\/wp\/v2\/product_tag?post=13314"}],"curies":[{"name":"wp","href":"https:\/\/api.w.org\/{rel}","templated":true}]}}