{"id":13330,"date":"2024-05-28T13:11:02","date_gmt":"2024-05-28T10:11:02","guid":{"rendered":"https:\/\/jonglezpublishing.com\/product\/secret-stockholm\/"},"modified":"2024-11-19T16:08:49","modified_gmt":"2024-11-19T14:08:49","slug":"secret-stockholm","status":"publish","type":"product","link":"https:\/\/jonglezpublishing.com\/de\/produkt\/secret-stockholm\/","title":{"rendered":"VERBORGENES STOCKHOLM"},"content":{"rendered":"<p class=\"p1\">G\u00f6nnen Sie sich eine Pause in einer Pfarrbibliothek, die \u00fcber eine einzigartige Sammlung an Detektivromanen verf\u00fcgt und in der die Zeit stehengeblieben zu sein scheint. Entdecken Sie den noch funktionst\u00fcchtigen Drachenbrunnen im Foyer eines opulenten Kinos aus den 1930er-Jahren, das heute als Lagerhalle dient. Besuchen Sie das bizarre Grab eines Arch\u00e4ologen aus dem Jahr 1921, das im Stil steinzeitlicher Megalithgr\u00e4ber erbaut wurde, oder werfen Sie einen Blick auf das gigantische Metallauge auf der R\u00fcckseite des brutalistischen Schwedischen Filminstituts an, das das schwedische Milit\u00e4r im Nachbargeb\u00e4ude auf die Schippe nimmt. Suchen Sie nach der geheimnisvollen mittelalterlichen Gedenktafel, die in einem Treppendurchgang in der Altstadt versteckt ist, und essen Sie einen Happen in der franz\u00f6sischen B\u00e4ckerei im Erdgeschoss eines modern-sozialistischen, funktionalistischen Bauprojekts, in dem ein Speisenlift Croissants und Zwiebelsuppe zu den dar\u00fcberliegenden Wohnungen bringt. Oder erkunden Sie eine U-Bahn- Station mit grotesken Skulpturen und einem einzigartigen \u00d6kosystem, das von winzigen Spinnen und einem bisher unbekannten Pilz besiedelt ist. All das und vieles mehr finden Sie in diesem Reisef\u00fchrer, der sowohl f\u00fcr jene, die glauben, die schwedische Hauptstadt gut zu kennen, als auch f\u00fcr Besucher, die Stockholms verborgene Sch\u00e4tze entdecken m\u00f6chten, unverzichtbar ist.<\/p>\n<p>&nbsp;<\/p>\n<p><b>AUTOR<\/b>: Per Faxneld<br \/>\n<b>SEITEN<\/b>: 304<br \/>\n<b>FORMAT<\/b>: 10.5 x 19 cm<br \/>\n<b>ISBN<\/b>: 978-2-36195-804-6<br \/>\n<b>PREIS<\/b>: \u20ac 19,95 [D] \u2013 20,95 \u20ac [\u00d6]<br \/>\n<b>KONTAKT<\/b>:\u00a0<a href=\"mailto:info@jonglezverlag.com\">info@jonglezverlag.com<\/a><\/p>\n<div class=\"buttons_cont\">\n<div class=\"button_cont\" align=\"center\"><a class=\"gv_product_btn\" href=\"https:\/\/jonglezpublishing.com\/wp-content\/uploads\/2024\/05\/Couv-Stockholm-ALL-scaled.jpg\" target=\"_blank\" rel=\"noopener\">Cover herunterladen<\/a><\/div>\n<div class=\"button_cont\" align=\"center\"><a class=\"gv_product_btn\" href=\"https:\/\/jonglezpublishing.com\/wp-content\/uploads\/2024\/11\/PREVIEW-Stockholm-ALL.pdf\" target=\"_blank\" rel=\"noopener\">Leseprobe<\/a><\/div>\n<div class=\"button_cont\" align=\"center\"><a class=\"gv_product_btn\" href=\"https:\/\/www.thalia.de\/shop\/home\/artikeldetails\/A1072604293\" target=\"_blank\" rel=\"noopener\">Online kaufen<\/a><\/div>\n<\/div>\n<div class=\"buttons_cont\"><\/div>\n","protected":false},"excerpt":{"rendered":"<p>G\u00f6nnen Sie sich eine Pause in einer Pfarrbibliothek, die \u00fcber eine einzigartige Sammlung an Detektivromanen verf\u00fcgt und in der die<\/p>\n","protected":false},"featured_media":13332,"template":"","meta":[],"product_brand":[],"product_cat":[421,174],"product_tag":[],"class_list":{"0":"post-13330","1":"product","2":"type-product","3":"status-publish","4":"has-post-thumbnail","6":"product_cat-verborgenes-reisefuehrer","7":"product_cat-english-de","9":"first","10":"instock","11":"shipping-taxable","12":"product-type-simple"},"aioseo_notices":[],"_links":{"self":[{"href":"https:\/\/jonglezpublishing.com\/de\/wp-json\/wp\/v2\/product\/13330","targetHints":{"allow":["GET"]}}],"collection":[{"href":"https:\/\/jonglezpublishing.com\/de\/wp-json\/wp\/v2\/product"}],"about":[{"href":"https:\/\/jonglezpublishing.com\/de\/wp-json\/wp\/v2\/types\/product"}],"wp:featuredmedia":[{"embeddable":true,"href":"https:\/\/jonglezpublishing.com\/de\/wp-json\/wp\/v2\/media\/13332"}],"wp:attachment":[{"href":"https:\/\/jonglezpublishing.com\/de\/wp-json\/wp\/v2\/media?parent=13330"}],"wp:term":[{"taxonomy":"product_brand","embeddable":true,"href":"https:\/\/jonglezpublishing.com\/de\/wp-json\/wp\/v2\/product_brand?post=13330"},{"taxonomy":"product_cat","embeddable":true,"href":"https:\/\/jonglezpublishing.com\/de\/wp-json\/wp\/v2\/product_cat?post=13330"},{"taxonomy":"product_tag","embeddable":true,"href":"https:\/\/jonglezpublishing.com\/de\/wp-json\/wp\/v2\/product_tag?post=13330"}],"curies":[{"name":"wp","href":"https:\/\/api.w.org\/{rel}","templated":true}]}}