{"id":13827,"date":"2025-05-16T08:59:22","date_gmt":"2025-05-16T05:59:22","guid":{"rendered":"https:\/\/jonglezpublishing.com\/?post_type=product&#038;p=13827"},"modified":"2025-05-16T09:09:06","modified_gmt":"2025-05-16T06:09:06","slug":"soul-of-marseille-einzigartige-erlebnisse","status":"publish","type":"product","link":"https:\/\/jonglezpublishing.com\/de\/produkt\/soul-of-marseille-einzigartige-erlebnisse\/","title":{"rendered":"SOUL OF MARSEILLE &#8211; EINZIGARTIGE ERLEBNISSE"},"content":{"rendered":"<p style=\"text-align: center;\">WIR HABEN 1000 ORTE GETESTET<br \/>\n<strong>UND DIE 30 BESTEN AUSGEW\u00c4HLT<\/strong><\/p>\n<p>&nbsp;<\/p>\n<p>Eine Tour durch die besten Pizzerien der Stadt, \u00fcbernachten in einem alten Palast, die Geheimnisse des Mucem erforschen, die Caf\u00e9-Bar-Kultur der Stadt erkunden, wandeln auf den Spuren von Marcel Pagnol, ein Besuch in der Kunstgalerie einer Villa, einen legend\u00e4ren Saft bestellen, ein Fr\u00fchst\u00fcck hoch \u00fcber der Calanques &#8230;<\/p>\n<p>Verborgene Hotels, au\u00dfergew\u00f6hnliche Restaurants und unbekannte Spazierg\u00e4nge &#8230; Dieser Reisef\u00fchrer bietet eine sorgf\u00e4ltig zusammengestellte und vielseitige Auswahl an Orten und Aktivit\u00e4ten f\u00fcr jedes Budget. Er richtet sich sowohl an Reisende als auch an Einheimische und pr\u00e4sentiert handverlesene Adressen lokaler Autorinnen und Autoren \u2013 jede Empfehlung \u00f6ffnet eine T\u00fcr zu neuen Entdeckungen, abseits der Massen und fernab ausgetretener Pfade.<\/p>\n<p>&nbsp;<\/p>\n<p class=\"p1\"><span class=\"s1\"><b>Autor<\/b>: Ez\u00e9chiel Z\u00e9rah<\/span><span class=\"s1\"><br \/>\n<\/span><span class=\"s1\"><b>ISBN<\/b>: 978-2-36195-841-1<\/span><br \/>\n<span class=\"s1\"><b>Preis<\/b>: 14 , 95 \u20ac [ D ] &#8211; 15 , 95 \u20ac [ A ]<br \/>\n<b>Ma\u00dfe<\/b>: 200 x 135 mm<br \/>\n<\/span><span class=\"s1\"><b>Kontakt<\/b>: <a href=\"mailto:info@jonglezverlag.com\"><span class=\"s2\">info@jonglezverlag.com<\/span><\/a>\u00a0<\/span><\/p>\n<p>&nbsp;<\/p>\n<div class=\"buttons_cont\">\n<div class=\"button_cont\" align=\"center\"><a class=\"gv_product_btn\" href=\"https:\/\/jonglezpublishing.com\/wp-content\/uploads\/2025\/05\/couv_SO_Marseille_ALL_CMJN_print-1-scaled.jpg\" target=\"_blank\" rel=\"noopener\">Cover herunterlaen<\/a><\/div>\n<div class=\"button_cont\" align=\"center\"><a class=\"gv_product_btn\" href=\"https:\/\/jonglezpublishing.com\/wp-content\/uploads\/2025\/05\/PREVIEW-SO-Marseille_ALL.pdf\" target=\"_blank\" rel=\"noopener\">Leseprob<\/a><\/div>\n<div class=\"button_cont\" align=\"center\"><a class=\"gv_product_btn\" href=\"https:\/\/www.thalia.de\/shop\/home\/artikeldetails\/A1073688978\" target=\"_blank\" rel=\"noopener\">Online aufen<br \/>\n<\/a><\/div>\n<\/div>\n","protected":false},"excerpt":{"rendered":"<p>WIR HABEN 1000 ORTE GETESTET UND DIE 30 BESTEN AUSGEW\u00c4HLT &nbsp; Eine Tour durch die besten Pizzerien der Stadt, \u00fcbernachten<\/p>\n","protected":false},"featured_media":13836,"template":"","meta":[],"product_brand":[],"product_cat":[517,174,391,400,392],"product_tag":[],"class_list":{"0":"post-13827","1":"product","2":"type-product","3":"status-publish","4":"has-post-thumbnail","6":"product_cat-soul-of-reihe","7":"product_cat-english-de","8":"product_cat-french-de","9":"product_cat-german-de","10":"product_cat-italian-de","12":"first","13":"instock","14":"shipping-taxable","15":"product-type-simple"},"aioseo_notices":[],"_links":{"self":[{"href":"https:\/\/jonglezpublishing.com\/de\/wp-json\/wp\/v2\/product\/13827","targetHints":{"allow":["GET"]}}],"collection":[{"href":"https:\/\/jonglezpublishing.com\/de\/wp-json\/wp\/v2\/product"}],"about":[{"href":"https:\/\/jonglezpublishing.com\/de\/wp-json\/wp\/v2\/types\/product"}],"wp:featuredmedia":[{"embeddable":true,"href":"https:\/\/jonglezpublishing.com\/de\/wp-json\/wp\/v2\/media\/13836"}],"wp:attachment":[{"href":"https:\/\/jonglezpublishing.com\/de\/wp-json\/wp\/v2\/media?parent=13827"}],"wp:term":[{"taxonomy":"product_brand","embeddable":true,"href":"https:\/\/jonglezpublishing.com\/de\/wp-json\/wp\/v2\/product_brand?post=13827"},{"taxonomy":"product_cat","embeddable":true,"href":"https:\/\/jonglezpublishing.com\/de\/wp-json\/wp\/v2\/product_cat?post=13827"},{"taxonomy":"product_tag","embeddable":true,"href":"https:\/\/jonglezpublishing.com\/de\/wp-json\/wp\/v2\/product_tag?post=13827"}],"curies":[{"name":"wp","href":"https:\/\/api.w.org\/{rel}","templated":true}]}}