{"id":13937,"date":"2025-06-09T11:13:42","date_gmt":"2025-06-09T08:13:43","guid":{"rendered":"https:\/\/jonglezpublishing.com\/?post_type=product&#038;p=13937"},"modified":"2025-06-22T11:29:27","modified_gmt":"2025-06-22T08:29:27","slug":"soul-of-paris-30-einzigartige-erlebnisse-copy-copy","status":"publish","type":"product","link":"https:\/\/jonglezpublishing.com\/de\/produkt\/soul-of-paris-30-einzigartige-erlebnisse-copy-copy\/","title":{"rendered":"SOUL OF BR\u00dcSSEL &#8211; EINZIGARTIGE ERLEBNISSE"},"content":{"rendered":"<p style=\"text-align: center;\">WIR HABEN 1.000 ORTE GETESTET<br \/>\n<strong>UND DIE 30 BESTEN AUSGEW\u00c4HLT<\/strong><\/p>\n<p>&nbsp;<\/p>\n<p>Eine Siesta im Justizpalast machen, die besten Fritten genie\u00dfen, Pralinen schlemmen bis zum Abwinken, Bahnen ziehen in einem Schwimmbad mit Aussicht, einen Ausflug in die Eingeweide der Stadt wagen, in einer Kirche schaukeln, einen Blick in die Zukunft werfen, die Magie des Waldes sp\u00fcren &#8230; Von verborgenen Winkeln bis zu unbekannten Meisterwerken des belgischen Jugendstils, von einzigartigen Hotels bis zu au\u00dfergew\u00f6hnlichen Gaumenfreuden: Dieses Buch ist das Versprechen einer aufregenden Reise voller \u00fcberraschender Erlebnisse und neuer Inspiration.<\/p>\n<p>Verborgene Hotels, au\u00dfergew\u00f6hnliche Restaurants, unbekannte Spazierg\u00e4nge &#8230; Dieser Reisef\u00fchrer bietet eine sorgf\u00e4ltig kuratierte und vielseitige Auswahl an Orten und Erlebnissen f\u00fcr jedes Budget. Er richtet sich sowohl an Reisende als auch an Einheimische und pr\u00e4sentiert handverlesene Adressen lokaler Autoren \u2013 jede Empfehlung ein Tor zu neuen Entdeckungen, abseits der Massen und fernab ausgetretener Pfade.<\/p>\n<p>&nbsp;<\/p>\n<p class=\"p1\"><span class=\"s1\"><b>Autor<\/b>: <\/span><span class=\"s1\">Isabelle Douillet-De Pange Und Allilalu<br \/>\n<\/span><span class=\"s1\"><b>ISBN<\/b>: 978-2-36195-866-4<\/span><br \/>\n<span class=\"s1\"><b>Preis<\/b>: 14 , 95 \u20ac [ D ] &#8211; 15 , 95 \u20ac [ A ]<br \/>\n<b>Ma\u00dfe<\/b>: 200 x 135 mm<br \/>\n<\/span><span class=\"s1\"><b>Kontakt<\/b>: <a href=\"mailto:info@jonglezverlag.com\"><span class=\"s2\">info@jonglezverlag.com<\/span><\/a>\u00a0<\/span><\/p>\n<p>&nbsp;<\/p>\n<div class=\"buttons_cont\">\n<div class=\"button_cont\" align=\"center\"><a class=\"gv_product_btn\" href=\"https:\/\/jonglezpublishing.com\/wp-content\/uploads\/2025\/05\/Couv-SoBruxelles_ALL_CMJN_print-scaled.jpg\" target=\"_blank\" rel=\"noopener\">Cover herunterlaen<\/a><\/div>\n<div class=\"button_cont\" align=\"center\"><a class=\"gv_product_btn\" href=\"https:\/\/jonglezpublishing.com\/wp-content\/uploads\/2025\/05\/PREVIEW-SO-Bruxelles_ALL.pdf\" target=\"_blank\" rel=\"noopener\">Leseprob<\/a><\/div>\n<div class=\"button_cont\" align=\"center\"><a class=\"gv_product_btn\" href=\"https:\/\/www.thalia.de\/shop\/home\/artikeldetails\/A1073688978\" target=\"_blank\" rel=\"noopener\">Online aufen<br \/>\n<\/a><\/div>\n<\/div>\n<div class=\"buttons_cont\"><\/div>\n","protected":false},"excerpt":{"rendered":"<p>WIR HABEN 1.000 ORTE GETESTET UND DIE 30 BESTEN AUSGEW\u00c4HLT &nbsp; Eine Siesta im Justizpalast machen, die besten Fritten genie\u00dfen,<\/p>\n","protected":false},"featured_media":13816,"template":"","meta":[],"product_brand":[],"product_cat":[517,174,391,400,392],"product_tag":[],"class_list":{"0":"post-13937","1":"product","2":"type-product","3":"status-publish","4":"has-post-thumbnail","6":"product_cat-soul-of-reihe","7":"product_cat-english-de","8":"product_cat-french-de","9":"product_cat-german-de","10":"product_cat-italian-de","12":"first","13":"instock","14":"shipping-taxable","15":"product-type-simple"},"aioseo_notices":[],"_links":{"self":[{"href":"https:\/\/jonglezpublishing.com\/de\/wp-json\/wp\/v2\/product\/13937","targetHints":{"allow":["GET"]}}],"collection":[{"href":"https:\/\/jonglezpublishing.com\/de\/wp-json\/wp\/v2\/product"}],"about":[{"href":"https:\/\/jonglezpublishing.com\/de\/wp-json\/wp\/v2\/types\/product"}],"wp:featuredmedia":[{"embeddable":true,"href":"https:\/\/jonglezpublishing.com\/de\/wp-json\/wp\/v2\/media\/13816"}],"wp:attachment":[{"href":"https:\/\/jonglezpublishing.com\/de\/wp-json\/wp\/v2\/media?parent=13937"}],"wp:term":[{"taxonomy":"product_brand","embeddable":true,"href":"https:\/\/jonglezpublishing.com\/de\/wp-json\/wp\/v2\/product_brand?post=13937"},{"taxonomy":"product_cat","embeddable":true,"href":"https:\/\/jonglezpublishing.com\/de\/wp-json\/wp\/v2\/product_cat?post=13937"},{"taxonomy":"product_tag","embeddable":true,"href":"https:\/\/jonglezpublishing.com\/de\/wp-json\/wp\/v2\/product_tag?post=13937"}],"curies":[{"name":"wp","href":"https:\/\/api.w.org\/{rel}","templated":true}]}}