{"id":14438,"date":"2025-10-14T12:36:11","date_gmt":"2025-10-14T09:36:12","guid":{"rendered":"https:\/\/jonglezpublishing.com\/?post_type=product&#038;p=14438"},"modified":"2025-10-14T16:02:11","modified_gmt":"2025-10-14T13:02:11","slug":"soul-of-detroit-einzigartige-erlebnisse-copy","status":"publish","type":"product","link":"https:\/\/jonglezpublishing.com\/de\/produkt\/soul-of-detroit-einzigartige-erlebnisse-copy\/","title":{"rendered":"SOUL OF WIEN &#8211; EINZIGARTIGE ERLEBNISSE"},"content":{"rendered":"<p style=\"text-align: center;\">WIR HABEN 1.000 ORTE GETESTET<br \/>\n<strong>UND DIE 30 BESTEN AUSGEW\u00c4HLT.<\/strong><\/p>\n<p>Die sch\u00f6nsten traditionellen Caf\u00e9s fernab der Massen entdecken, in einer der besten Vintage-Modeboutiquen der Welt shoppen, ein pr\u00e4chtiges Renaissance-Schloss besuchen, das selbst Einheimische nicht kennen, ein au\u00dfergew\u00f6hnliches Gulasch genie\u00dfen, in einem prachtvollen Art-d\u00e9co-Ambiente baden, in au\u00dfergew\u00f6hnlichen Restaurants abseits der Touristenpfade essen, mit einer Fu\u00dfballlegende Schlager singen, in einem luxuri\u00f6sen Schlafsaal oder in wundersch\u00f6nen Boutique Hotels \u00fcbernachten &#8230;<\/p>\n<p>Verborgene Hotels, au\u00dfergew\u00f6hnliche Restaurants, Bars, Szenetreffs, originelle Ladengesch\u00e4fte und unbekannte Spazierg\u00e4nge &#8230; Dieser Reisef\u00fchrer bietet eine sorgf\u00e4ltig kuratierte und vielseitige Auswahl an Orten und Erlebnissen<br \/>\nf\u00fcr jedes Budget. Er richtet sich sowohl an Reisende als auch an Einheimische und pr\u00e4sentiert handverlesene Adressen lokaler Autorinnen und Autoren \u2013 jede Empfehlung ist ein Tor zu neuen und \u00fcberraschenden Entdeckungen, abseits der Massen und fernab ausgetretener Pfade.<\/p>\n<p>&nbsp;<\/p>\n<p class=\"p1\"><span class=\"s1\"><b>Autoren<\/b>: Barbara Kadletz y Wolfgang Reitter<\/span><span class=\"s1\"><br \/>\n<\/span><span class=\"s1\"><b>ISBN<\/b>: 978-2-36195-867-1<\/span><br \/>\n<span class=\"s1\"><b>Preis<\/b>: 14 , 95 \u20ac [ D ] &#8211; 15 , 95 \u20ac [ A ]<br \/>\n<b>Ma\u00dfe<\/b>: 200 x 135 mm<br \/>\n<\/span><span class=\"s1\"><b>Kontakt<\/b>: <a href=\"mailto:info@jonglezverlag.com\"><span class=\"s2\">info@jonglezverlag.com<\/span><\/a>\u00a0<\/span><\/p>\n<p>&nbsp;<\/p>\n<div class=\"buttons_cont\">\n<div class=\"button_cont\" align=\"center\"><a class=\"gv_product_btn\" href=\"https:\/\/jonglezpublishing.com\/wp-content\/uploads\/2025\/10\/couv_SO_Vienne_ALL_CMJN_print-scaled.jpg\" target=\"_blank\" rel=\"noopener\">Cover herunterlaen<\/a><\/div>\n<div class=\"button_cont\" align=\"center\"><a class=\"gv_product_btn\" href=\"https:\/\/jonglezpublishing.com\/wp-content\/uploads\/2025\/10\/PREVIEW-SO-Vienne_ALL.pdf\" target=\"_blank\" rel=\"noopener\">Leseprob<\/a><\/div>\n<div class=\"button_cont\" align=\"center\"><a class=\"gv_product_btn\" href=\"https:\/\/www.thalia.de\/shop\/home\/artikeldetails\/A1074915367\" target=\"_blank\" rel=\"noopener\">Online aufen<br \/>\n<\/a><\/div>\n<\/div>\n","protected":false},"excerpt":{"rendered":"<p>WIR HABEN 1.000 ORTE GETESTET UND DIE 30 BESTEN AUSGEW\u00c4HLT. Die sch\u00f6nsten traditionellen Caf\u00e9s fernab der Massen entdecken, in einer<\/p>\n","protected":false},"featured_media":14492,"template":"","meta":[],"product_brand":[],"product_cat":[517,174,391,400,392],"product_tag":[],"class_list":{"0":"post-14438","1":"product","2":"type-product","3":"status-publish","4":"has-post-thumbnail","6":"product_cat-soul-of-reihe","7":"product_cat-english-de","8":"product_cat-french-de","9":"product_cat-german-de","10":"product_cat-italian-de","12":"first","13":"instock","14":"shipping-taxable","15":"product-type-simple"},"aioseo_notices":[],"_links":{"self":[{"href":"https:\/\/jonglezpublishing.com\/de\/wp-json\/wp\/v2\/product\/14438","targetHints":{"allow":["GET"]}}],"collection":[{"href":"https:\/\/jonglezpublishing.com\/de\/wp-json\/wp\/v2\/product"}],"about":[{"href":"https:\/\/jonglezpublishing.com\/de\/wp-json\/wp\/v2\/types\/product"}],"wp:featuredmedia":[{"embeddable":true,"href":"https:\/\/jonglezpublishing.com\/de\/wp-json\/wp\/v2\/media\/14492"}],"wp:attachment":[{"href":"https:\/\/jonglezpublishing.com\/de\/wp-json\/wp\/v2\/media?parent=14438"}],"wp:term":[{"taxonomy":"product_brand","embeddable":true,"href":"https:\/\/jonglezpublishing.com\/de\/wp-json\/wp\/v2\/product_brand?post=14438"},{"taxonomy":"product_cat","embeddable":true,"href":"https:\/\/jonglezpublishing.com\/de\/wp-json\/wp\/v2\/product_cat?post=14438"},{"taxonomy":"product_tag","embeddable":true,"href":"https:\/\/jonglezpublishing.com\/de\/wp-json\/wp\/v2\/product_tag?post=14438"}],"curies":[{"name":"wp","href":"https:\/\/api.w.org\/{rel}","templated":true}]}}