{"id":14579,"date":"2025-11-06T09:30:14","date_gmt":"2025-11-06T07:30:14","guid":{"rendered":"https:\/\/jonglezpublishing.com\/?post_type=product&#038;p=14579"},"modified":"2025-11-06T09:48:44","modified_gmt":"2025-11-06T07:48:44","slug":"verborgenes-budapest-copy","status":"publish","type":"product","link":"https:\/\/jonglezpublishing.com\/de\/produkt\/verborgenes-budapest-copy\/","title":{"rendered":"VERBORGENES STRA\u00dfBURG"},"content":{"rendered":"<div class=\"wpb-content-wrapper\"><p>[vc_row][vc_column][vc_column_text css=&#8220;&#8220; woodmart_inline=&#8220;no&#8220; text_larger=&#8220;no&#8220;]Das Profil von Kaiser Wilhelm II. am Gitter des Rheinpalastes, ein Graffiti von Goethe auf der Plattform der Kathedrale, \u00dcberreste alter Holzbuden und Erinnerungen an die Prostituierten, die in der Kathedrale ihre Reize feilboten, Relikte eines r\u00f6mischen Turms unter einem Supermarkt, ein Naturreservat im Herzen eines Industriegebiets, Spuren eines alten Hundebades, eine au\u00dfergew\u00f6hnliche humanistische Bibliothek, eine der \u00e4ltesten Apotheken Europas &#8230;<\/p>\n<p>Abseits der Menschenmassen und allseits bekannten \u201eDauerbrenner\u201c h\u00e4lt Stra\u00dfburg immer noch gut geh\u00fctete Sch\u00e4tze bereit, die die Stadt nur den Einwohnern und Reisenden enth\u00fcllt, die die \u00fcblichen Wege verlassen.<\/p>\n<p>Ein unentbehrlicher Reisef\u00fchrer f\u00fcr alle, die dachten, Stra\u00dfburg wie ihre Westentasche zu kennen, oder auch diejenigen, die eine andere Seite dieser faszinierenden Stadt entdecken wollen.<\/p>\n<p class=\"p1\"><span class=\"s1\"><b>AUTOREN<\/b>: Guillaume Bouvier, V\u00e9ronique Herbreteau und Isabelle Kapp<br \/>\n<\/span><span class=\"s1\"><b>SEITEN<\/b>: 304<br \/>\n<\/span><span class=\"s1\"><b>FORMAT<\/b>: 10.5 x 19 cm<br \/>\n<\/span><span class=\"s1\"><b>ISBN<\/b>: 978-2-36195-536-6<br \/>\n<\/span><span class=\"s1\"><b>PREIS<\/b>: 18,95 \u20ac [D] \u2013 19,95 \u20ac [A]<br \/>\n<\/span><span class=\"s1\"><b>KONTAKT<\/b>:\u00a0<a href=\"mailto:info@jonglezverlag.com\"><span class=\"s2\">info@jonglezverlag.com<\/span><\/a>\u00a0<\/span><\/p>\n<div class=\"buttons_cont\">\n<div class=\"button_cont\" align=\"center\">\n<div class=\"button_cont\" align=\"center\"><\/div>\n<div align=\"center\"><\/div>\n<\/div>\n<\/div>\n<div class=\"buttons_cont\">\n<div class=\"button_cont\" align=\"center\"><a class=\"gv_product_btn\" href=\"https:\/\/jonglezpublishing.com\/wp-content\/uploads\/2025\/11\/Couverture-Strasbourg_ALL_RVB-scaled.jpg\" target=\"_blank\" rel=\"noopener\">Cover herunterladen<\/a><\/div>\n<div class=\"button_cont\" align=\"center\"><a class=\"gv_product_btn\" href=\"https:\/\/jonglezpublishing.com\/wp-content\/uploads\/2025\/11\/PREVIEW-PDF-Strasbourg_ALL.pdf\" target=\"_blank\" rel=\"noopener\">Leseprobe<\/a><\/div>\n<div class=\"button_cont\" align=\"center\"><a class=\"gv_product_btn\" href=\"https:\/\/www.thalia.de\/shop\/home\/artikeldetails\/A1060706385\" target=\"_blank\" rel=\"noopener\">Online kaufen<\/a><\/div>\n<\/div>\n<p>[\/vc_column_text][\/vc_column][\/vc_row]<\/p>\n<\/div>","protected":false},"excerpt":{"rendered":"<p>[vc_row][vc_column][vc_column_text css=&#8220;&#8220; woodmart_inline=&#8220;no&#8220; text_larger=&#8220;no&#8220;]Das Profil von Kaiser Wilhelm II. am Gitter des Rheinpalastes, ein Graffiti von Goethe auf der Plattform<\/p>\n","protected":false},"featured_media":14591,"template":"","meta":[],"product_brand":[],"product_cat":[421,174,391,400],"product_tag":[],"class_list":{"0":"post-14579","1":"product","2":"type-product","3":"status-publish","4":"has-post-thumbnail","6":"product_cat-verborgenes-reisefuehrer","7":"product_cat-english-de","8":"product_cat-french-de","9":"product_cat-german-de","11":"first","12":"instock","13":"shipping-taxable","14":"product-type-simple"},"aioseo_notices":[],"_links":{"self":[{"href":"https:\/\/jonglezpublishing.com\/de\/wp-json\/wp\/v2\/product\/14579","targetHints":{"allow":["GET"]}}],"collection":[{"href":"https:\/\/jonglezpublishing.com\/de\/wp-json\/wp\/v2\/product"}],"about":[{"href":"https:\/\/jonglezpublishing.com\/de\/wp-json\/wp\/v2\/types\/product"}],"wp:featuredmedia":[{"embeddable":true,"href":"https:\/\/jonglezpublishing.com\/de\/wp-json\/wp\/v2\/media\/14591"}],"wp:attachment":[{"href":"https:\/\/jonglezpublishing.com\/de\/wp-json\/wp\/v2\/media?parent=14579"}],"wp:term":[{"taxonomy":"product_brand","embeddable":true,"href":"https:\/\/jonglezpublishing.com\/de\/wp-json\/wp\/v2\/product_brand?post=14579"},{"taxonomy":"product_cat","embeddable":true,"href":"https:\/\/jonglezpublishing.com\/de\/wp-json\/wp\/v2\/product_cat?post=14579"},{"taxonomy":"product_tag","embeddable":true,"href":"https:\/\/jonglezpublishing.com\/de\/wp-json\/wp\/v2\/product_tag?post=14579"}],"curies":[{"name":"wp","href":"https:\/\/api.w.org\/{rel}","templated":true}]}}