{"id":14649,"date":"2024-12-05T16:15:56","date_gmt":"2024-12-05T14:15:56","guid":{"rendered":"https:\/\/jonglezpublishing.com\/?post_type=product&#038;p=14649"},"modified":"2025-11-06T11:31:19","modified_gmt":"2025-11-06T09:31:19","slug":"new-york-atlas-des-geheimen","status":"publish","type":"product","link":"https:\/\/jonglezpublishing.com\/de\/produkt\/new-york-atlas-des-geheimen\/","title":{"rendered":"NEW YORK &#8211; ATLAS DES GEHEIMEN"},"content":{"rendered":"<div class=\"wpb-content-wrapper\"><p>[vc_row][vc_column][vc_column_text css=&#8220;&#8220; woodmart_inline=&#8220;no&#8220; text_larger=&#8220;no&#8220;]<\/p>\n<p style=\"text-align: center;\">Ein unentbehrlicher Atlas f\u00fcr alle, die glaubten, New York wie ihre<br \/>\nWestentasche zu kennen, und f\u00fcr diejenigen, die einmal eine ganz<br \/>\nandere Seite dieser faszinierenden Stadt entdecken wollen.<\/p>\n<p>Bewundern Sie in einer Kirche einen apokalyptischen Pfeiler, entdecken Sie verborgene G\u00e4rten, finden Sie die Einschlagl\u00f6cher an der Fassade der Bank J. P. Morgan, entdecken Sie eine Lenin- Statue sowie den Ort, an dem Marilyn Monroe ihren Rock fliegen lie\u00df, einen mit Erde gef\u00fcllten Raum und einen riesigen venezianischen Palast \u00fcber alten Pferdestallungen. Besuchen Sie eine Insel, deren Unabh\u00e4ngigkeit 2004 von einem Boot aus proklamiert wurde, entdecken Sie das \u201eSchweinchen\u201c an der St. Patrick\u2019s Cathedral, finden Sie heraus, wo George Washingtons letzter Zahn aufbewahrt wird, lassen Sie Ihr Fahrrad segnen, besuchen Sie die \u00dcberreste der Anlegestelle, an der die Titanic h\u00e4tte ankommen sollen &#8230;<\/p>\n<p><b>AUTOREN<\/b>:\u00a0<span data-sheets-value=\"{&quot;1&quot;:2,&quot;2&quot;:&quot;Johanne Steenstrup &amp; Klaus Dahl&quot;}\" data-sheets-userformat=\"{&quot;2&quot;:12993,&quot;3&quot;:{&quot;1&quot;:0},&quot;9&quot;:1,&quot;10&quot;:1,&quot;12&quot;:0,&quot;15&quot;:&quot;Cambria&quot;,&quot;16&quot;:11}\">T.M Rives<\/span><br \/>\n<b>SEITEN<\/b>: 304<br \/>\n<b>FORMAT<\/b>: 19 * 26 cm<br \/>\n<b>ISBN<\/b>: 978-2-36195-906-7<br \/>\n<b>PREIS<\/b>: 35,00 \u20ac [D] \u2013 36,00 \u20ac [A] &#8211; US$39,95<br \/>\n<b>KONTAKT<\/b>:<a href=\"mailto:info@jonglezverlag.com\">\u00a0info@jonglezverlag.com<\/a><\/p>\n<div class=\"buttons_cont\">\n<div class=\"button_cont\" align=\"center\"><a class=\"gv_product_btn\" href=\"https:\/\/jonglezpublishing.com\/wp-content\/uploads\/2025\/11\/Couv-Atlas-Secret-New-York_ALL_RVB-scaled.jpg\" target=\"_blank\" rel=\"noopener\">Cover herunterladen<\/a><\/div>\n<div class=\"button_cont\" align=\"center\"><a class=\"gv_product_btn\" href=\"https:\/\/jonglezpublishing.com\/wp-content\/uploads\/2025\/11\/PREVIEW-Atlas-secret_NY_ALL.pdf\" target=\"_blank\" rel=\"noopener\">Leseprobe<\/a><\/div>\n<div class=\"button_cont\" align=\"center\"><a class=\"gv_product_btn\" href=\"https:\/\/www.thalia.de\/shop\/home\/artikeldetails\/A1075022168\" target=\"_blank\" rel=\"noopener\">Online kaufen<\/a><\/div>\n<\/div>\n<p>[\/vc_column_text][\/vc_column][\/vc_row]<\/p>\n<\/div>","protected":false},"excerpt":{"rendered":"<p>[vc_row][vc_column][vc_column_text css=&#8220;&#8220; woodmart_inline=&#8220;no&#8220; text_larger=&#8220;no&#8220;] Ein unentbehrlicher Atlas f\u00fcr alle, die glaubten, New York wie ihre Westentasche zu kennen, und f\u00fcr<\/p>\n","protected":false},"featured_media":14655,"template":"","meta":[],"product_brand":[],"product_cat":[556,174,391,400,392,393],"product_tag":[],"class_list":{"0":"post-14649","1":"product","2":"type-product","3":"status-publish","4":"has-post-thumbnail","6":"product_cat-atlas-de","7":"product_cat-english-de","8":"product_cat-french-de","9":"product_cat-german-de","10":"product_cat-italian-de","11":"product_cat-spanish-de","13":"first","14":"instock","15":"shipping-taxable","16":"product-type-simple"},"aioseo_notices":[],"_links":{"self":[{"href":"https:\/\/jonglezpublishing.com\/de\/wp-json\/wp\/v2\/product\/14649","targetHints":{"allow":["GET"]}}],"collection":[{"href":"https:\/\/jonglezpublishing.com\/de\/wp-json\/wp\/v2\/product"}],"about":[{"href":"https:\/\/jonglezpublishing.com\/de\/wp-json\/wp\/v2\/types\/product"}],"wp:featuredmedia":[{"embeddable":true,"href":"https:\/\/jonglezpublishing.com\/de\/wp-json\/wp\/v2\/media\/14655"}],"wp:attachment":[{"href":"https:\/\/jonglezpublishing.com\/de\/wp-json\/wp\/v2\/media?parent=14649"}],"wp:term":[{"taxonomy":"product_brand","embeddable":true,"href":"https:\/\/jonglezpublishing.com\/de\/wp-json\/wp\/v2\/product_brand?post=14649"},{"taxonomy":"product_cat","embeddable":true,"href":"https:\/\/jonglezpublishing.com\/de\/wp-json\/wp\/v2\/product_cat?post=14649"},{"taxonomy":"product_tag","embeddable":true,"href":"https:\/\/jonglezpublishing.com\/de\/wp-json\/wp\/v2\/product_tag?post=14649"}],"curies":[{"name":"wp","href":"https:\/\/api.w.org\/{rel}","templated":true}]}}