{"id":14695,"date":"2024-12-05T16:26:07","date_gmt":"2024-12-05T14:26:07","guid":{"rendered":"https:\/\/jonglezpublishing.com\/?post_type=product&#038;p=14695"},"modified":"2025-12-10T09:19:39","modified_gmt":"2025-12-10T07:19:39","slug":"venedig-atlas-des-geheimen","status":"publish","type":"product","link":"https:\/\/jonglezpublishing.com\/de\/produkt\/venedig-atlas-des-geheimen\/","title":{"rendered":"VENEDIG &#8211; ATLAS DES GEHEIMEN"},"content":{"rendered":"<div class=\"wpb-content-wrapper\"><p>[vc_row][vc_column][vc_column_text css=&#8220;&#8220; woodmart_inline=&#8220;no&#8220; text_larger=&#8220;no&#8220;]<\/p>\n<p style=\"text-align: center;\"><em>Ein unentbehrlicher Atlas f\u00fcr alle, die glaubten, Venedig wie ihre <\/em><em>Westentasche zu kennen, und f\u00fcr diejenigen, die einmal eine ganz <\/em><em>andere Seite dieser faszinierenden Stadt entdecken wollen.Ein unentbehrlicher Atlas f\u00fcr alle, die glaubten, Venedig wie ihre <\/em><em>Westentasche zu kennen, und f\u00fcr diejenigen, die einmal eine ganz <\/em><em>andere Seite dieser faszinierenden Stadt entdecken wollen.<\/em><\/p>\n<p>Entdecken Sie die Geheimnisse des Markusdoms weitab von den Touristenpfaden, entschl\u00fcsseln Sie die Botschaften der Kapitelle des Dogenpalastes, begeben Sie sich auf die Suche nach der alchemistischen Skulptur des gefl\u00fcgelten Pferdes, lernen Sie, die Gem\u00e4lde der nach der hebr\u00e4ischen Kabbalah errichteten Scuola Grande di San Rocco zu deuten und den nach Pl\u00e4nen der musikalischen Kabbalah errichteten Sakralbau San Francesco della Vigna zu verstehen, \u00fcberschreiten Sie die Schwellen von Pal\u00e4sten und Kl\u00f6stern und lustwandeln Sie in verborgenen G\u00e4rten,<br \/>\nbesuchen Sie die wundervolle Seminarbibliothek, kaufen Sie auf dem Markt des Frauengef\u00e4ngnisses ein, spielen Sie eine Partie Tennis mitten in der Stadt &#8230;<\/p>\n<p><b>AUTOREN<\/b>: Thomas Jonglez, Paola Zoffoli und Irene Galifi<br \/>\n<b>SEITEN<\/b>: 256<br \/>\n<b>FORMAT<\/b>: 19 * 26 cm<br \/>\n<b>ISBN<\/b>: 978-2-36195-909-8<br \/>\n<b>PREIS<\/b>: 35,00 \u20ac [D] \u2013 36,00 \u20ac [A]<br \/>\n<b>KONTAKT<\/b>:<a href=\"mailto:info@jonglezverlag.com\">\u00a0info@jonglezverlag.com<\/a><\/p>\n<div class=\"buttons_cont\">\n<div class=\"button_cont\" align=\"center\"><a class=\"gv_product_btn\" href=\"https:\/\/jonglezpublishing.com\/wp-content\/uploads\/2025\/12\/Couv-Atlas-Venise_ALL_RVB-1-scaled.jpg\" target=\"_blank\" rel=\"noopener\">Cover herunterladen<\/a><\/div>\n<div class=\"button_cont\" align=\"center\"><a class=\"gv_product_btn\" href=\"https:\/\/jonglezpublishing.com\/wp-content\/uploads\/2025\/12\/PREVIEW-Atlas-secret-Venise_ALL.pdf\" target=\"_blank\" rel=\"noopener\">Leseprobe<\/a><\/div>\n<div class=\"button_cont\" align=\"center\"><a class=\"gv_product_btn\" href=\"https:\/\/www.thalia.de\/shop\/home\/artikeldetails\/A1075022182\" target=\"_blank\" rel=\"noopener\">Online kaufen<\/a><\/div>\n<\/div>\n<p>[\/vc_column_text][\/vc_column][\/vc_row]<\/p>\n<\/div>","protected":false},"excerpt":{"rendered":"<p>[vc_row][vc_column][vc_column_text css=&#8220;&#8220; woodmart_inline=&#8220;no&#8220; text_larger=&#8220;no&#8220;] Ein unentbehrlicher Atlas f\u00fcr alle, die glaubten, Venedig wie ihre Westentasche zu kennen, und f\u00fcr diejenigen,<\/p>\n","protected":false},"featured_media":14696,"template":"","meta":[],"product_brand":[],"product_cat":[556,174,391,400,392,393],"product_tag":[],"class_list":{"0":"post-14695","1":"product","2":"type-product","3":"status-publish","4":"has-post-thumbnail","6":"product_cat-atlas-de","7":"product_cat-english-de","8":"product_cat-french-de","9":"product_cat-german-de","10":"product_cat-italian-de","11":"product_cat-spanish-de","13":"first","14":"instock","15":"shipping-taxable","16":"product-type-simple"},"aioseo_notices":[],"_links":{"self":[{"href":"https:\/\/jonglezpublishing.com\/de\/wp-json\/wp\/v2\/product\/14695","targetHints":{"allow":["GET"]}}],"collection":[{"href":"https:\/\/jonglezpublishing.com\/de\/wp-json\/wp\/v2\/product"}],"about":[{"href":"https:\/\/jonglezpublishing.com\/de\/wp-json\/wp\/v2\/types\/product"}],"wp:featuredmedia":[{"embeddable":true,"href":"https:\/\/jonglezpublishing.com\/de\/wp-json\/wp\/v2\/media\/14696"}],"wp:attachment":[{"href":"https:\/\/jonglezpublishing.com\/de\/wp-json\/wp\/v2\/media?parent=14695"}],"wp:term":[{"taxonomy":"product_brand","embeddable":true,"href":"https:\/\/jonglezpublishing.com\/de\/wp-json\/wp\/v2\/product_brand?post=14695"},{"taxonomy":"product_cat","embeddable":true,"href":"https:\/\/jonglezpublishing.com\/de\/wp-json\/wp\/v2\/product_cat?post=14695"},{"taxonomy":"product_tag","embeddable":true,"href":"https:\/\/jonglezpublishing.com\/de\/wp-json\/wp\/v2\/product_tag?post=14695"}],"curies":[{"name":"wp","href":"https:\/\/api.w.org\/{rel}","templated":true}]}}