{"id":14706,"date":"2024-12-05T16:45:34","date_gmt":"2024-12-05T14:45:34","guid":{"rendered":"https:\/\/jonglezpublishing.com\/product\/paris-atlas-des-geheimen\/"},"modified":"2025-12-10T09:36:08","modified_gmt":"2025-12-10T07:36:08","slug":"paris-atlas-des-geheimen","status":"publish","type":"product","link":"https:\/\/jonglezpublishing.com\/de\/produkt\/paris-atlas-des-geheimen\/","title":{"rendered":"PARIS &#8211; ATLAS DES GEHEIMEN"},"content":{"rendered":"<div class=\"wpb-content-wrapper\"><p>[vc_row][vc_column][vc_column_text css=&#8220;&#8220; woodmart_inline=&#8220;no&#8220; text_larger=&#8220;no&#8220;]<\/p>\n<p style=\"text-align: center;\"><em>Die Stadt Paris h\u00e4lt immer noch gut geh\u00fctete Sch\u00e4tze bereit, die sie nur den Einheimischen und Reisenden offenbart, die die \u00fcblichen Wege verlassen.<\/em><\/p>\n<p>Ein geheimnisvolles Freimaurerdenkmal auf dem Marsfeld, die Darstellung eines riesigen Phallus an einem wohlbekannten Eingang, ein Luftschutz bunker unter der Gare de l\u2019Est, diskrete Hinweise auf ehemalige Bordelle, k\u00f6nigliche Monogramme im Innenhof des Louvre, eine von Dal\u00ed entworfene Sonnenuhr, eine erhabene verborgene Bibliothek, ein buddhistischer Tempel in einem Parkhaus, der Einfluss der Bi\u00e8vre auf das Stadtbild von Paris, die alchemistischen Symbole auf Notre Dame de Paris &#8230;<\/p>\n<p><b>AUTOREN<\/b>: Thomas Jonglez<br \/>\n<b>SEITEN<\/b>: 304<br \/>\n<b>FORMAT<\/b>: 19 * 26 cm<br \/>\n<b>ISBN<\/b>: 978-2-36195-903-6<br \/>\n<b>PREIS<\/b>: 35,00 \u20ac [D] \u2013 36,00 \u20ac [A]<br \/>\n<b>KONTAKT<\/b>:<a href=\"mailto:info@jonglezverlag.com\">\u00a0info@jonglezverlag.com<\/a><\/p>\n<div class=\"buttons_cont\">\n<div class=\"button_cont\" align=\"center\"><a class=\"gv_product_btn\" href=\"https:\/\/jonglezpublishing.com\/wp-content\/uploads\/2024\/12\/Couv-Atlas-Secret-Paris_ALL_RVB-1-scaled.jpg\" target=\"_blank\" rel=\"noopener\">Cover herunterladen<\/a><\/div>\n<div class=\"button_cont\" align=\"center\"><a class=\"gv_product_btn\" href=\"https:\/\/jonglezpublishing.com\/wp-content\/uploads\/2025\/12\/PREVIEW-Atlas-secret-Paris_ALL.pdf\" target=\"_blank\" rel=\"noopener\">Leseprobe<\/a><\/div>\n<div class=\"button_cont\" align=\"center\"><a class=\"gv_product_btn\" href=\"https:\/\/www.thalia.de\/shop\/home\/artikeldetails\/A1074890441\" target=\"_blank\" rel=\"noopener\">Online kaufen<\/a><\/div>\n<\/div>\n<p>[\/vc_column_text][\/vc_column][\/vc_row]<\/p>\n<\/div>","protected":false},"excerpt":{"rendered":"<p>[vc_row][vc_column][vc_column_text css=&#8220;&#8220; woodmart_inline=&#8220;no&#8220; text_larger=&#8220;no&#8220;] Die Stadt Paris h\u00e4lt immer noch gut geh\u00fctete Sch\u00e4tze bereit, die sie nur den Einheimischen und<\/p>\n","protected":false},"featured_media":14707,"template":"","meta":[],"product_brand":[],"product_cat":[556,174,391,400,392,393],"product_tag":[],"class_list":{"0":"post-14706","1":"product","2":"type-product","3":"status-publish","4":"has-post-thumbnail","6":"product_cat-atlas-de","7":"product_cat-english-de","8":"product_cat-french-de","9":"product_cat-german-de","10":"product_cat-italian-de","11":"product_cat-spanish-de","13":"first","14":"instock","15":"shipping-taxable","16":"product-type-simple"},"aioseo_notices":[],"_links":{"self":[{"href":"https:\/\/jonglezpublishing.com\/de\/wp-json\/wp\/v2\/product\/14706","targetHints":{"allow":["GET"]}}],"collection":[{"href":"https:\/\/jonglezpublishing.com\/de\/wp-json\/wp\/v2\/product"}],"about":[{"href":"https:\/\/jonglezpublishing.com\/de\/wp-json\/wp\/v2\/types\/product"}],"wp:featuredmedia":[{"embeddable":true,"href":"https:\/\/jonglezpublishing.com\/de\/wp-json\/wp\/v2\/media\/14707"}],"wp:attachment":[{"href":"https:\/\/jonglezpublishing.com\/de\/wp-json\/wp\/v2\/media?parent=14706"}],"wp:term":[{"taxonomy":"product_brand","embeddable":true,"href":"https:\/\/jonglezpublishing.com\/de\/wp-json\/wp\/v2\/product_brand?post=14706"},{"taxonomy":"product_cat","embeddable":true,"href":"https:\/\/jonglezpublishing.com\/de\/wp-json\/wp\/v2\/product_cat?post=14706"},{"taxonomy":"product_tag","embeddable":true,"href":"https:\/\/jonglezpublishing.com\/de\/wp-json\/wp\/v2\/product_tag?post=14706"}],"curies":[{"name":"wp","href":"https:\/\/api.w.org\/{rel}","templated":true}]}}