{"id":14964,"date":"2026-03-25T09:47:08","date_gmt":"2026-03-25T07:47:08","guid":{"rendered":"https:\/\/jonglezpublishing.com\/?post_type=product&#038;p=14964"},"modified":"2026-03-25T10:15:10","modified_gmt":"2026-03-25T08:15:10","slug":"verborgene-dolomiten-copy","status":"publish","type":"product","link":"https:\/\/jonglezpublishing.com\/de\/produkt\/verborgene-dolomiten-copy\/","title":{"rendered":"VERBORGENE LAGUNE VON VENEDIG"},"content":{"rendered":"<div class=\"wpb-content-wrapper\"><p>[vc_row][vc_column][vc_column_text css=&#8220;&#8220; woodmart_inline=&#8220;no&#8220; text_larger=&#8220;no&#8220;]Die \u00dcberreste des Glockenturms von Saint-Marc, der 1902 einst\u00fcrzte, ein Museum im Wartezimmer einer noch immer in Betrieb befindlichen Zahnarztpraxis, die beiden geheimen L\u00f6cher, durch die Kameraleute 1932 die Filme der ersten Mostra projizierten, alte englische Kanonen, die als Anlegepoller dienen, eines der wenigen physischen \u00dcberbleibsel der ber\u00fchmten Schlacht von Lepanto, eine Kopie des Hauses, in dem die Jungfrau Maria in Nazareth lebte, in San Clemente, ein unbekanntes Meisterwerk der Industriearch\u00e4ologie, ein Werk zum Gedenken an den Tag, an dem Pellestrina fast verschwunden w\u00e4re, das Wunder der beweglichen Augen eines Gem\u00e4ldes der Jungfrau Maria, ein Strand in der Lagune, der zum UNESCO Weltkulturerbe geh\u00f6rt&#8230;<\/p>\n<p>Fernab von Menschenmassen und den \u00fcblichen Klischees birgt die Lagune von Venedig noch immer gut versteckte Sch\u00e4tze, die sie nur ihren Einwohnern und Reisenden offenbart, die es verstehen, abseits der ausgetretenen Pfade zu wandeln.<\/p>\n<p>Ein unverzichtbarer Reisef\u00fchrer f\u00fcr alle, die glauben, die Lagune gut zu kennen, oder die ein anderes Gesicht der Umgebung der Stadt der Dogen entdecken m\u00f6chten.<\/p>\n<p class=\"p1\"><span class=\"s1\"><b>AUTOREN<\/b>: Debora Gusson und Riccardo Roiter Rigoni<br \/>\n<\/span><span class=\"s1\"><b>SEITEN<\/b>: 320<br \/>\n<\/span><span class=\"s1\"><b>FORMAT<\/b>: 10.5 x 19 cm<br \/>\n<\/span><span class=\"s1\"><b>ISBN<\/b>: 978-2-36195-879-4<br \/>\n<\/span><span class=\"s1\"><b>PREIS<\/b>: 19,95 \u20ac [D] &#8211; 20,95 \u20ac [A]<br \/>\n<\/span><span class=\"s1\"><b>KONTAKT<\/b>:\u00a0<a href=\"mailto:info@jonglezverlag.com\"><span class=\"s2\">info@jonglezverlag.com<\/span><\/a>\u00a0<\/span><\/p>\n<div class=\"buttons_cont\">\n<div align=\"center\"><\/div>\n<div class=\"button_cont\" align=\"center\">\n<div class=\"button_cont\" align=\"center\"><a class=\"gv_product_btn\" href=\"https:\/\/jonglezpublishing.com\/wp-content\/uploads\/2026\/03\/Couv-Laguna_ALL_front-scaled.jpg\" target=\"_blank\" rel=\"noopener\">Cover herunterladen<\/a><\/div>\n<div class=\"button_cont\" align=\"center\"><a class=\"gv_product_btn\" href=\"https:\/\/jonglezpublishing.com\/wp-content\/uploads\/2026\/03\/PREVIEW-Laguna_ALL.pdf\" target=\"_blank\" rel=\"noopener\">Leseprobe<\/a><\/div>\n<div class=\"button_cont\" align=\"center\"><a class=\"gv_product_btn\" href=\"https:\/\/www.thalia.de\/shop\/home\/artikeldetails\/A1077652871\" target=\"_blank\" rel=\"noopener\">Online kaufen<\/a><\/div>\n<div class=\"button_cont\" align=\"center\"><a class=\"gv_product_btn\" href=\"https:\/\/www.das-landkartenhaus.de\/Verborgene-Lagune-von-Venedig-Reisefuehrer\" target=\"_blank\" rel=\"noopener\">Online kaufen<\/a><\/div>\n<\/div>\n<\/div>\n<p>[\/vc_column_text][\/vc_column][\/vc_row]<\/p>\n<\/div>","protected":false},"excerpt":{"rendered":"<p>[vc_row][vc_column][vc_column_text css=&#8220;&#8220; woodmart_inline=&#8220;no&#8220; text_larger=&#8220;no&#8220;]Die \u00dcberreste des Glockenturms von Saint-Marc, der 1902 einst\u00fcrzte, ein Museum im Wartezimmer einer noch immer in<\/p>\n","protected":false},"featured_media":14982,"template":"","meta":[],"product_brand":[],"product_cat":[421,391,557],"product_tag":[],"class_list":{"0":"post-14964","1":"product","2":"type-product","3":"status-publish","4":"has-post-thumbnail","6":"product_cat-verborgenes-reisefuehrer","7":"product_cat-french-de","8":"product_cat-french-2-de","10":"first","11":"instock","12":"shipping-taxable","13":"product-type-simple"},"aioseo_notices":[],"_links":{"self":[{"href":"https:\/\/jonglezpublishing.com\/de\/wp-json\/wp\/v2\/product\/14964","targetHints":{"allow":["GET"]}}],"collection":[{"href":"https:\/\/jonglezpublishing.com\/de\/wp-json\/wp\/v2\/product"}],"about":[{"href":"https:\/\/jonglezpublishing.com\/de\/wp-json\/wp\/v2\/types\/product"}],"wp:featuredmedia":[{"embeddable":true,"href":"https:\/\/jonglezpublishing.com\/de\/wp-json\/wp\/v2\/media\/14982"}],"wp:attachment":[{"href":"https:\/\/jonglezpublishing.com\/de\/wp-json\/wp\/v2\/media?parent=14964"}],"wp:term":[{"taxonomy":"product_brand","embeddable":true,"href":"https:\/\/jonglezpublishing.com\/de\/wp-json\/wp\/v2\/product_brand?post=14964"},{"taxonomy":"product_cat","embeddable":true,"href":"https:\/\/jonglezpublishing.com\/de\/wp-json\/wp\/v2\/product_cat?post=14964"},{"taxonomy":"product_tag","embeddable":true,"href":"https:\/\/jonglezpublishing.com\/de\/wp-json\/wp\/v2\/product_tag?post=14964"}],"curies":[{"name":"wp","href":"https:\/\/api.w.org\/{rel}","templated":true}]}}